{"id":12695,"date":"2020-08-26T13:33:38","date_gmt":"2020-08-26T13:33:38","guid":{"rendered":"https:\/\/dgm.advanttest.se\/?page_id=12695"},"modified":"2022-01-16T22:45:44","modified_gmt":"2022-01-16T21:45:44","slug":"vara-myndigheter","status":"publish","type":"page","link":"https:\/\/test.dgm.se\/en\/allt-om-farligt-gods\/vara-myndigheter\/","title":{"rendered":"Our authorities"},"content":{"rendered":"<div data-elementor-type=\"wp-page\" data-elementor-id=\"12695\" class=\"elementor elementor-12695\" data-elementor-settings=\"[]\">\n\t\t\t<div class=\"elementor-inner\">\n\t\t\t\t<div class=\"elementor-section-wrap\">\n\t\t\t\t\t\t\t<section class=\"elementor-element elementor-element-8323e0e elementor-section-boxed elementor-section-height-default elementor-section-height-default elementor-section elementor-top-section\" data-id=\"8323e0e\" data-element_type=\"section\">\n\t\t\t\t\t\t<div class=\"elementor-container elementor-column-gap-default\">\n\t\t\t\t<div class=\"elementor-row\">\n\t\t\t\t<div class=\"elementor-element elementor-element-154ef16 elementor-column elementor-col-100 elementor-top-column\" data-id=\"154ef16\" data-element_type=\"column\">\n\t\t\t<div class=\"elementor-column-wrap  elementor-element-populated\">\n\t\t\t\t\t<div class=\"elementor-widget-wrap\">\n\t\t\t\t<div class=\"elementor-element elementor-element-3a49a80 elementor-widget elementor-widget-advant-breadcrumbs\" data-id=\"3a49a80\" data-element_type=\"widget\" data-widget_type=\"advant-breadcrumbs.default\">\n\t\t\t\t<div class=\"elementor-widget-container\">\n\t\t\t\n        \t\t\n\t\t\t<nav class=\"bc-wrapper\">\n\t\t\t<nav aria-label=\"Breadcrumbs\" class=\"breadcrumb\">\n\t\t\t\t\t\t\t\t\t\t\t\t\t\t\t<a class=\"bc-home\" style=\"text-decoration: none;\" href=\"https:\/\/test.dgm.se\/en\"><i class=\"fa fa-home\"><\/i><\/a> \n\t\t\t\t\t\t\t\t\t\t<a class=\"bc-home\" href=\"https:\/\/test.dgm.se\/en\">Home<\/a>\n\t\t\t\t\t<span class=\"bc-separator\"> \/ <\/span>\n\t\t\t\t\n\t\t\t\t<a href=\"https:\/\/test.dgm.se\/en\/allt-om-farligt-gods\/\" class=\"bc-trail\">Everything about dangerous goods<\/a><span class=\"bc-separator\"> \/ <\/span><span class=\"bc-current\">Our authorities<\/span>\n\t\t\t<\/nav>\n\t\t\t<\/div>\n\t\t\t\n                <style>\n        .elementor-widget-advant-breadcrumbs {\n        }\n        <\/style>\n                \t\t<\/div>\n\t\t\t\t<\/div>\n\t\t\t\t\t\t<\/div>\n\t\t\t<\/div>\n\t\t<\/div>\n\t\t\t\t\t\t<\/div>\n\t\t\t<\/div>\n\t\t<\/section>\n\t\t\t\t<section class=\"elementor-element elementor-element-325a0de0 elementor-section-boxed elementor-section-height-default elementor-section-height-default elementor-section elementor-top-section\" data-id=\"325a0de0\" data-element_type=\"section\">\n\t\t\t\t\t\t<div class=\"elementor-container elementor-column-gap-default\">\n\t\t\t\t<div class=\"elementor-row\">\n\t\t\t\t<div class=\"elementor-element elementor-element-36276381 elementor-column elementor-col-100 elementor-top-column\" data-id=\"36276381\" data-element_type=\"column\">\n\t\t\t<div class=\"elementor-column-wrap  elementor-element-populated\">\n\t\t\t\t\t<div class=\"elementor-widget-wrap\">\n\t\t\t\t<section class=\"elementor-element elementor-element-5abee5a3 elementor-section-boxed elementor-section-height-default elementor-section-height-default elementor-section elementor-inner-section\" data-id=\"5abee5a3\" data-element_type=\"section\">\n\t\t\t\t\t\t<div class=\"elementor-container elementor-column-gap-default\">\n\t\t\t\t<div class=\"elementor-row\">\n\t\t\t\t<div class=\"elementor-element elementor-element-63a197 elementor-column elementor-col-100 elementor-inner-column\" data-id=\"63a197\" data-element_type=\"column\">\n\t\t\t<div class=\"elementor-column-wrap  elementor-element-populated\">\n\t\t\t\t\t<div class=\"elementor-widget-wrap\">\n\t\t\t\t<div class=\"elementor-element elementor-element-5c50e38c elementor-widget elementor-widget-heading\" data-id=\"5c50e38c\" data-element_type=\"widget\" data-widget_type=\"heading.default\">\n\t\t\t\t<div class=\"elementor-widget-container\">\n\t\t\t<h1 class=\"elementor-heading-title elementor-size-default\">Laws and regulations<\/h1>\t\t<\/div>\n\t\t\t\t<\/div>\n\t\t\t\t<div class=\"elementor-element elementor-element-40b8f5d1 elementor-widget elementor-widget-text-editor\" data-id=\"40b8f5d1\" data-element_type=\"widget\" data-widget_type=\"text-editor.default\">\n\t\t\t\t<div class=\"elementor-widget-container\">\n\t\t\t\t\t<div class=\"elementor-text-editor elementor-clearfix\"><p>Here you will find summarized information about the different regulations. You can also click further to find the text of the regulations, be aware that there may be changes, which we will also post as soon as they are published.<\/p><\/div>\n\t\t\t\t<\/div>\n\t\t\t\t<\/div>\n\t\t\t\t\t\t<\/div>\n\t\t\t<\/div>\n\t\t<\/div>\n\t\t\t\t\t\t<\/div>\n\t\t\t<\/div>\n\t\t<\/section>\n\t\t\t\t<section class=\"elementor-element elementor-element-2f8303bd elementor-section-boxed elementor-section-height-default elementor-section-height-default elementor-section elementor-inner-section\" data-id=\"2f8303bd\" data-element_type=\"section\">\n\t\t\t\t\t\t<div class=\"elementor-container elementor-column-gap-default\">\n\t\t\t\t<div class=\"elementor-row\">\n\t\t\t\t<div class=\"elementor-element elementor-element-5a3a202e elementor-column elementor-col-100 elementor-inner-column\" data-id=\"5a3a202e\" data-element_type=\"column\">\n\t\t\t<div class=\"elementor-column-wrap  elementor-element-populated\">\n\t\t\t\t\t<div class=\"elementor-widget-wrap\">\n\t\t\t\t<div class=\"elementor-element elementor-element-ca775ce elementor-widget elementor-widget-advant-postlist\" data-id=\"ca775ce\" data-element_type=\"widget\" data-widget_type=\"advant-postlist.default\">\n\t\t\t\t<div class=\"elementor-widget-container\">\n\t\t\t        <div class=\"postlist postlist--lila-knapp\">\n            <div class=\"postlist__entries\">\n                <div class=\"elementor-widget-advant-button\">\n    <a class=\"colors-theme-main-3 outlined weak_outline fullwidth\" href=\"https:\/\/test.dgm.se\/en\/allt-om-farligt-gods\/vara-myndigheter\/arbetsmiljoverket\/\">\n        <span>The Work Environment Agency<\/span>\n        <i class=\"fal fa-chevron-right\" aria-hidden=\"true\"><\/i>\n    <\/a>\n<\/div><div class=\"elementor-widget-advant-button\">\n    <a class=\"colors-theme-main-3 outlined weak_outline fullwidth\" href=\"https:\/\/test.dgm.se\/en\/allt-om-farligt-gods\/vara-myndigheter\/folkhalsomyndigheten\/\">\n        <span>The Public Health Authority<\/span>\n        <i class=\"fal fa-chevron-right\" aria-hidden=\"true\"><\/i>\n    <\/a>\n<\/div><div class=\"elementor-widget-advant-button\">\n    <a class=\"colors-theme-main-3 outlined weak_outline fullwidth\" href=\"https:\/\/test.dgm.se\/en\/allt-om-farligt-gods\/vara-myndigheter\/kemikalieinspektionen\/\">\n        <span>The Swedish Chemicals Agency<\/span>\n        <i class=\"fal fa-chevron-right\" aria-hidden=\"true\"><\/i>\n    <\/a>\n<\/div><div class=\"elementor-widget-advant-button\">\n    <a class=\"colors-theme-main-3 outlined weak_outline fullwidth\" href=\"https:\/\/test.dgm.se\/en\/allt-om-farligt-gods\/vara-myndigheter\/kustbevakningen\/\">\n        <span>The Coast Guard<\/span>\n        <i class=\"fal fa-chevron-right\" aria-hidden=\"true\"><\/i>\n    <\/a>\n<\/div><div class=\"elementor-widget-advant-button\">\n    <a class=\"colors-theme-main-3 outlined weak_outline fullwidth\" href=\"https:\/\/test.dgm.se\/en\/allt-om-farligt-gods\/vara-myndigheter\/lansstyrelsen-2\/\">\n        <span>County Administrative Board<\/span>\n        <i class=\"fal fa-chevron-right\" aria-hidden=\"true\"><\/i>\n    <\/a>\n<\/div><div class=\"elementor-widget-advant-button\">\n    <a class=\"colors-theme-main-3 outlined weak_outline fullwidth\" href=\"https:\/\/test.dgm.se\/en\/allt-om-farligt-gods\/vara-myndigheter\/msb\/\">\n        <span>MSB<\/span>\n        <i class=\"fal fa-chevron-right\" aria-hidden=\"true\"><\/i>\n    <\/a>\n<\/div><div class=\"elementor-widget-advant-button\">\n    <a class=\"colors-theme-main-3 outlined weak_outline fullwidth\" href=\"https:\/\/test.dgm.se\/en\/allt-om-farligt-gods\/vara-myndigheter\/naturvardsverket-2\/\">\n        <span>The Swedish Environmental Protection Agency<\/span>\n        <i class=\"fal fa-chevron-right\" aria-hidden=\"true\"><\/i>\n    <\/a>\n<\/div><div class=\"elementor-widget-advant-button\">\n    <a class=\"colors-theme-main-3 outlined weak_outline fullwidth\" href=\"https:\/\/test.dgm.se\/en\/allt-om-farligt-gods\/vara-myndigheter\/polismyndigheten\/\">\n        <span>The police authority<\/span>\n        <i class=\"fal fa-chevron-right\" aria-hidden=\"true\"><\/i>\n    <\/a>\n<\/div><div class=\"elementor-widget-advant-button\">\n    <a class=\"colors-theme-main-3 outlined weak_outline fullwidth\" href=\"https:\/\/test.dgm.se\/en\/allt-om-farligt-gods\/vara-myndigheter\/stralsakerhetsmyndigheten\/\">\n        <span>The Radiation Safety Authority<\/span>\n        <i class=\"fal fa-chevron-right\" aria-hidden=\"true\"><\/i>\n    <\/a>\n<\/div><div class=\"elementor-widget-advant-button\">\n    <a class=\"colors-theme-main-3 outlined weak_outline fullwidth\" href=\"https:\/\/test.dgm.se\/en\/allt-om-farligt-gods\/vara-myndigheter\/transportstyrelsen\/\">\n        <span>The Swedish Transport Agency<\/span>\n        <i class=\"fal fa-chevron-right\" aria-hidden=\"true\"><\/i>\n    <\/a>\n<\/div>            <\/div>\n\t\t<\/div>\n\t\t\t\t<\/div>\n\t\t\t\t<\/div>\n\t\t\t\t<div class=\"elementor-element elementor-element-7621610 elementor-widget elementor-widget-advant--back\" data-id=\"7621610\" data-element_type=\"widget\" data-widget_type=\"advant--back.default\">\n\t\t\t\t<div class=\"elementor-widget-container\">\n\t\t\t\n\t\t<div class=\"elementor-widget-back\">\n            <i class=\"fal fa-angle-left\" aria-hidden=\"true\"><\/i>\n\n\t\t    <a href=\"\">Back to All about dangerous goods<\/a>\n\t\t<\/div>\n\n\t\t\t\t<\/div>\n\t\t\t\t<\/div>\n\t\t\t\t\t\t<\/div>\n\t\t\t<\/div>\n\t\t<\/div>\n\t\t\t\t\t\t<\/div>\n\t\t\t<\/div>\n\t\t<\/section>\n\t\t\t\t\t\t<\/div>\n\t\t\t<\/div>\n\t\t<\/div>\n\t\t\t\t\t\t<\/div>\n\t\t\t<\/div>\n\t\t<\/section>\n\t\t\t\t\t\t<\/div>\n\t\t\t<\/div>\n\t\t<\/div>","protected":false},"excerpt":{"rendered":"<p>Hem \/ Allt om farligt gods \/ V\u00e5ra myndigheter Lagar och regler H\u00e4r finner ni sammanfattad information om de olika regelverken. Ni kan ocks\u00e5 klicka er vidare f\u00f6r att finna regeltexten, var observanta p\u00e5 att det kan finnas \u00e4ndringstryck, vilka vi ocks\u00e5 l\u00e4gger ut s\u00e5 fort de blir publicerade Arbetsmilj\u00f6verket Folkh\u00e4lsomyndigheten Kemikalieinspektionen Kustbevakningen L\u00e4nsstyrelsen MSB &hellip; <a href=\"https:\/\/test.dgm.se\/en\/allt-om-farligt-gods\/vara-myndigheter\/\" data-no-translation=\"\" data-trp-gettext=\"\">Continued<\/a><\/p>","protected":false},"author":3,"featured_media":0,"parent":1044,"menu_order":6,"comment_status":"closed","ping_status":"closed","template":"elementor_header_footer","meta":{"spay_email":""},"yoast_head":"<!-- This site is optimized with the Yoast SEO plugin v18.1 - https:\/\/yoast.com\/wordpress\/plugins\/seo\/ -->\n<title>V\u00e5ra myndigheter &ndash; Test DGM Sverige<\/title>\n<meta name=\"robots\" content=\"noindex, follow, max-snippet:-1, max-image-preview:large, max-video-preview:-1\" \/>\n<meta property=\"og:locale\" content=\"en_US\" \/>\n<meta property=\"og:type\" content=\"article\" \/>\n<meta property=\"og:title\" content=\"V\u00e5ra myndigheter &ndash; Test DGM Sverige\" \/>\n<meta property=\"og:description\" content=\"Hem \/ Allt om farligt gods \/ V\u00e5ra myndigheter Lagar och regler H\u00e4r finner ni sammanfattad information om de olika regelverken. Ni kan ocks\u00e5 klicka er vidare f\u00f6r att finna regeltexten, var observanta p\u00e5 att det kan finnas \u00e4ndringstryck, vilka vi ocks\u00e5 l\u00e4gger ut s\u00e5 fort de blir publicerade Arbetsmilj\u00f6verket Folkh\u00e4lsomyndigheten Kemikalieinspektionen Kustbevakningen L\u00e4nsstyrelsen MSB &hellip; Continued\" \/>\n<meta property=\"og:url\" content=\"https:\/\/dgm.se\/allt-om-farligt-gods\/vara-myndigheter\/\" \/>\n<meta property=\"og:site_name\" content=\"Test DGM Sverige\" \/>\n<meta property=\"article:modified_time\" content=\"2022-01-16T21:45:44+00:00\" \/>\n<meta name=\"twitter:card\" content=\"summary_large_image\" \/>\n<script type=\"application\/ld+json\" class=\"yoast-schema-graph\">{\"@context\":\"https:\/\/schema.org\",\"@graph\":[{\"@type\":\"WebSite\",\"@id\":\"https:\/\/test.dgm.se\/#website\",\"url\":\"https:\/\/test.dgm.se\/\",\"name\":\"Test DGM Sverige\",\"description\":\"Din farligt gods-expert\",\"potentialAction\":[{\"@type\":\"SearchAction\",\"target\":{\"@type\":\"EntryPoint\",\"urlTemplate\":\"https:\/\/test.dgm.se\/?s={search_term_string}\"},\"query-input\":\"required name=search_term_string\"}],\"inLanguage\":\"en-US\"},{\"@type\":\"WebPage\",\"@id\":\"https:\/\/dgm.se\/allt-om-farligt-gods\/vara-myndigheter\/#webpage\",\"url\":\"https:\/\/dgm.se\/allt-om-farligt-gods\/vara-myndigheter\/\",\"name\":\"V\u00e5ra myndigheter &ndash; Test DGM Sverige\",\"isPartOf\":{\"@id\":\"https:\/\/test.dgm.se\/#website\"},\"datePublished\":\"2020-08-26T13:33:38+00:00\",\"dateModified\":\"2022-01-16T21:45:44+00:00\",\"breadcrumb\":{\"@id\":\"https:\/\/dgm.se\/allt-om-farligt-gods\/vara-myndigheter\/#breadcrumb\"},\"inLanguage\":\"en-US\",\"potentialAction\":[{\"@type\":\"ReadAction\",\"target\":[\"https:\/\/dgm.se\/allt-om-farligt-gods\/vara-myndigheter\/\"]}]},{\"@type\":\"BreadcrumbList\",\"@id\":\"https:\/\/dgm.se\/allt-om-farligt-gods\/vara-myndigheter\/#breadcrumb\",\"itemListElement\":[{\"@type\":\"ListItem\",\"position\":1,\"name\":\"\",\"item\":\"https:\/\/test.dgm.se\/\"},{\"@type\":\"ListItem\",\"position\":2,\"name\":\"Allt om farligt gods\",\"item\":\"https:\/\/dgm.se\/allt-om-farligt-gods\/\"},{\"@type\":\"ListItem\",\"position\":3,\"name\":\"V\u00e5ra myndigheter\"}]}]}<\/script>\n<!-- \/ Yoast SEO plugin. -->","yoast_head_json":{"title":"V\u00e5ra myndigheter &ndash; Test DGM Sverige","robots":{"index":"noindex","follow":"follow","max-snippet":"max-snippet:-1","max-image-preview":"max-image-preview:large","max-video-preview":"max-video-preview:-1"},"og_locale":"en_US","og_type":"article","og_title":"V\u00e5ra myndigheter &ndash; Test DGM Sverige","og_description":"Hem \/ Allt om farligt gods \/ V\u00e5ra myndigheter Lagar och regler H\u00e4r finner ni sammanfattad information om de olika regelverken. Ni kan ocks\u00e5 klicka er vidare f\u00f6r att finna regeltexten, var observanta p\u00e5 att det kan finnas \u00e4ndringstryck, vilka vi ocks\u00e5 l\u00e4gger ut s\u00e5 fort de blir publicerade Arbetsmilj\u00f6verket Folkh\u00e4lsomyndigheten Kemikalieinspektionen Kustbevakningen L\u00e4nsstyrelsen MSB &hellip; Continued","og_url":"https:\/\/dgm.se\/allt-om-farligt-gods\/vara-myndigheter\/","og_site_name":"Test DGM Sverige","article_modified_time":"2022-01-16T21:45:44+00:00","twitter_card":"summary_large_image","schema":{"@context":"https:\/\/schema.org","@graph":[{"@type":"WebSite","@id":"https:\/\/test.dgm.se\/#website","url":"https:\/\/test.dgm.se\/","name":"Test DGM Sverige","description":"Din farligt gods-expert","potentialAction":[{"@type":"SearchAction","target":{"@type":"EntryPoint","urlTemplate":"https:\/\/test.dgm.se\/?s={search_term_string}"},"query-input":"required name=search_term_string"}],"inLanguage":"en-US"},{"@type":"WebPage","@id":"https:\/\/dgm.se\/allt-om-farligt-gods\/vara-myndigheter\/#webpage","url":"https:\/\/dgm.se\/allt-om-farligt-gods\/vara-myndigheter\/","name":"V\u00e5ra myndigheter &ndash; Test DGM Sverige","isPartOf":{"@id":"https:\/\/test.dgm.se\/#website"},"datePublished":"2020-08-26T13:33:38+00:00","dateModified":"2022-01-16T21:45:44+00:00","breadcrumb":{"@id":"https:\/\/dgm.se\/allt-om-farligt-gods\/vara-myndigheter\/#breadcrumb"},"inLanguage":"en-US","potentialAction":[{"@type":"ReadAction","target":["https:\/\/dgm.se\/allt-om-farligt-gods\/vara-myndigheter\/"]}]},{"@type":"BreadcrumbList","@id":"https:\/\/dgm.se\/allt-om-farligt-gods\/vara-myndigheter\/#breadcrumb","itemListElement":[{"@type":"ListItem","position":1,"name":"","item":"https:\/\/test.dgm.se\/"},{"@type":"ListItem","position":2,"name":"Allt om farligt gods","item":"https:\/\/dgm.se\/allt-om-farligt-gods\/"},{"@type":"ListItem","position":3,"name":"V\u00e5ra myndigheter"}]}]}},"_links":{"self":[{"href":"https:\/\/test.dgm.se\/en\/wp-json\/wp\/v2\/pages\/12695"}],"collection":[{"href":"https:\/\/test.dgm.se\/en\/wp-json\/wp\/v2\/pages"}],"about":[{"href":"https:\/\/test.dgm.se\/en\/wp-json\/wp\/v2\/types\/page"}],"author":[{"embeddable":true,"href":"https:\/\/test.dgm.se\/en\/wp-json\/wp\/v2\/users\/3"}],"replies":[{"embeddable":true,"href":"https:\/\/test.dgm.se\/en\/wp-json\/wp\/v2\/comments?post=12695"}],"version-history":[{"count":5,"href":"https:\/\/test.dgm.se\/en\/wp-json\/wp\/v2\/pages\/12695\/revisions"}],"predecessor-version":[{"id":21810,"href":"https:\/\/test.dgm.se\/en\/wp-json\/wp\/v2\/pages\/12695\/revisions\/21810"}],"up":[{"embeddable":true,"href":"https:\/\/test.dgm.se\/en\/wp-json\/wp\/v2\/pages\/1044"}],"wp:attachment":[{"href":"https:\/\/test.dgm.se\/en\/wp-json\/wp\/v2\/media?parent=12695"}],"curies":[{"name":"wp","href":"https:\/\/api.w.org\/{rel}","templated":true}]}}