{"id":13714,"date":"2020-02-11T15:26:20","date_gmt":"2020-11-28T13:27:29","guid":{"rendered":"https:\/\/dgm.advanttest.se\/?page_id=13714"},"modified":"2022-01-07T11:10:01","modified_gmt":"2022-01-07T10:10:01","slug":"om-dgm","status":"publish","type":"page","link":"https:\/\/test.dgm.se\/en\/om-dgm\/","title":{"rendered":"About DGM"},"content":{"rendered":"<div data-elementor-type=\"wp-page\" data-elementor-id=\"13714\" class=\"elementor elementor-13714\" data-elementor-settings=\"[]\">\n\t\t\t<div class=\"elementor-inner\">\n\t\t\t\t<div class=\"elementor-section-wrap\">\n\t\t\t\t\t\t\t<section class=\"elementor-element elementor-element-3506e859 elementor-section-height-min-height elementor-section-boxed elementor-section-height-default elementor-section-items-middle elementor-section elementor-top-section\" data-id=\"3506e859\" data-element_type=\"section\" data-settings=\"{&quot;background_background&quot;:&quot;classic&quot;}\">\n\t\t\t\t\t\t\t<div class=\"elementor-background-overlay\"><\/div>\n\t\t\t\t\t\t\t<div class=\"elementor-container elementor-column-gap-default\">\n\t\t\t\t<div class=\"elementor-row\">\n\t\t\t\t<div class=\"elementor-element elementor-element-67da97c5 elementor-column elementor-col-50 elementor-top-column\" data-id=\"67da97c5\" data-element_type=\"column\">\n\t\t\t<div class=\"elementor-column-wrap  elementor-element-populated\">\n\t\t\t\t\t<div class=\"elementor-widget-wrap\">\n\t\t\t\t<div class=\"elementor-element elementor-element-70df2ea9 h1-large elementor-widget elementor-widget-heading\" data-id=\"70df2ea9\" data-element_type=\"widget\" data-widget_type=\"heading.default\">\n\t\t\t\t<div class=\"elementor-widget-container\">\n\t\t\t<h1 class=\"elementor-heading-title elementor-size-default\">DGM \u2013 we know dangerous goods<\/h1>\t\t<\/div>\n\t\t\t\t<\/div>\n\t\t\t\t\t\t<\/div>\n\t\t\t<\/div>\n\t\t<\/div>\n\t\t\t\t<div class=\"elementor-element elementor-element-4493f28a elementor-column elementor-col-50 elementor-top-column\" data-id=\"4493f28a\" data-element_type=\"column\" data-settings=\"{&quot;background_background&quot;:&quot;classic&quot;}\">\n\t\t\t<div class=\"elementor-column-wrap  elementor-element-populated\">\n\t\t\t\t\t<div class=\"elementor-widget-wrap\">\n\t\t\t\t<div class=\"elementor-element elementor-element-24bb12b4 elementor-widget elementor-widget-heading\" data-id=\"24bb12b4\" data-element_type=\"widget\" data-widget_type=\"heading.default\">\n\t\t\t\t<div class=\"elementor-widget-container\">\n\t\t\t<h2 class=\"elementor-heading-title elementor-size-default\">Global expertise in dangerous goods<\/h2>\t\t<\/div>\n\t\t\t\t<\/div>\n\t\t\t\t<div class=\"elementor-element elementor-element-70d81ab2 elementor-widget elementor-widget-text-editor\" data-id=\"70d81ab2\" data-element_type=\"widget\" data-widget_type=\"text-editor.default\">\n\t\t\t\t<div class=\"elementor-widget-container\">\n\t\t\t\t\t<div class=\"elementor-text-editor elementor-clearfix\"><p>DGM Sweden is part of the DGM worldwide network, where more than 60 offices in 35 countries offer global expertise in dangerous goods products and services. Our range of services and products is based on knowledge, trust and practical experience of dangerous goods and hazardous substances.<\/p><\/div>\n\t\t\t\t<\/div>\n\t\t\t\t<\/div>\n\t\t\t\t\t\t<\/div>\n\t\t\t<\/div>\n\t\t<\/div>\n\t\t\t\t\t\t<\/div>\n\t\t\t<\/div>\n\t\t<\/section>\n\t\t\t\t<section class=\"elementor-element elementor-element-6624c25 elementor-section-boxed elementor-section-height-default elementor-section-height-default elementor-section elementor-top-section\" data-id=\"6624c25\" data-element_type=\"section\" data-settings=\"{&quot;background_background&quot;:&quot;classic&quot;}\">\n\t\t\t\t\t\t<div class=\"elementor-container elementor-column-gap-default\">\n\t\t\t\t<div class=\"elementor-row\">\n\t\t\t\t<div class=\"elementor-element elementor-element-13b8e6d elementor-hidden-tablet elementor-hidden-phone elementor-column elementor-col-100 elementor-top-column\" data-id=\"13b8e6d\" data-element_type=\"column\">\n\t\t\t<div class=\"elementor-column-wrap\">\n\t\t\t\t\t<div class=\"elementor-widget-wrap\">\n\t\t\t\t\t\t<\/div>\n\t\t\t<\/div>\n\t\t<\/div>\n\t\t\t\t\t\t<\/div>\n\t\t\t<\/div>\n\t\t<\/section>\n\t\t\t\t<section class=\"elementor-element elementor-element-4f08317 elementor-section-boxed elementor-section-height-default elementor-section-height-default elementor-section elementor-top-section\" data-id=\"4f08317\" data-element_type=\"section\" data-settings=\"{&quot;background_background&quot;:&quot;classic&quot;}\">\n\t\t\t\t\t\t<div class=\"elementor-container elementor-column-gap-default\">\n\t\t\t\t<div class=\"elementor-row\">\n\t\t\t\t<div class=\"elementor-element elementor-element-0c04246 elementor-column elementor-col-50 elementor-top-column\" data-id=\"0c04246\" data-element_type=\"column\">\n\t\t\t<div class=\"elementor-column-wrap  elementor-element-populated\">\n\t\t\t\t\t<div class=\"elementor-widget-wrap\">\n\t\t\t\t<div class=\"elementor-element elementor-element-40aa623 left-navigation elementor-widget elementor-widget-global elementor-global-14375 elementor-widget-advant-menu\" data-id=\"40aa623\" data-element_type=\"widget\" data-widget_type=\"advant-menu.default\">\n\t\t\t\t<div class=\"elementor-widget-container\">\n\t\t\t\n\t\t\t\t\t<ul class=\"adv-menu adv-menu--vertical\">\n\t\t\t\t\t<\/ul>\n\t\t\n\t\t\t        \t\t\t\t\t<\/div>\n\t\t\t\t<\/div>\n\t\t\t\t\t\t<\/div>\n\t\t\t<\/div>\n\t\t<\/div>\n\t\t\t\t<div class=\"elementor-element elementor-element-e5d6528 elementor-column elementor-col-50 elementor-top-column\" data-id=\"e5d6528\" data-element_type=\"column\">\n\t\t\t<div class=\"elementor-column-wrap  elementor-element-populated\">\n\t\t\t\t\t<div class=\"elementor-widget-wrap\">\n\t\t\t\t<section class=\"elementor-element elementor-element-2eeba78 elementor-section-full_width elementor-section-height-default elementor-section-height-default elementor-section elementor-inner-section\" data-id=\"2eeba78\" data-element_type=\"section\">\n\t\t\t\t\t\t<div class=\"elementor-container elementor-column-gap-default\">\n\t\t\t\t<div class=\"elementor-row\">\n\t\t\t\t<div class=\"elementor-element elementor-element-3cfcd86 elementor-column elementor-col-100 elementor-inner-column\" data-id=\"3cfcd86\" data-element_type=\"column\">\n\t\t\t<div class=\"elementor-column-wrap  elementor-element-populated\">\n\t\t\t\t\t<div class=\"elementor-widget-wrap\">\n\t\t\t\t<div class=\"elementor-element elementor-element-7b6d0c9 elementor-widget elementor-widget-text-editor\" data-id=\"7b6d0c9\" data-element_type=\"widget\" data-widget_type=\"text-editor.default\">\n\t\t\t\t<div class=\"elementor-widget-container\">\n\t\t\t\t\t<div class=\"elementor-text-editor elementor-clearfix\"><p>Since our inception in 1988, we have worked to increase safety in the transport and handling of dangerous goods. Since we operate on all continents, we are naturally close to the development of national and continental laws and directives.<\/p><p>From our offices in Gothenburg, Landvetter Airport, Arlandastad and Malm\u00f6 we can help you with packing, documentation and liability insurance for the transport of dangerous goods. Of course, we also offer training, consultation, advice and safety advisory services. In addition, you can contact us to order packaging materials, labels and signs, regulations and literature or software that secures and facilitates documentation of shipments of dangerous goods.<\/p><\/div>\n\t\t\t\t<\/div>\n\t\t\t\t<\/div>\n\t\t\t\t<div class=\"elementor-element elementor-element-bbc98e2 elementor-widget elementor-widget-spacer\" data-id=\"bbc98e2\" data-element_type=\"widget\" data-widget_type=\"spacer.default\">\n\t\t\t\t<div class=\"elementor-widget-container\">\n\t\t\t\t\t<div class=\"elementor-spacer\">\n\t\t\t<div class=\"elementor-spacer-inner\"><\/div>\n\t\t<\/div>\n\t\t\t\t<\/div>\n\t\t\t\t<\/div>\n\t\t\t\t<div class=\"elementor-element elementor-element-8898348 elementor-widget elementor-widget-heading\" data-id=\"8898348\" data-element_type=\"widget\" data-widget_type=\"heading.default\">\n\t\t\t\t<div class=\"elementor-widget-container\">\n\t\t\t<h2 class=\"elementor-heading-title elementor-size-default\">We work for you<\/h2>\t\t<\/div>\n\t\t\t\t<\/div>\n\t\t\t\t<div class=\"elementor-element elementor-element-43ebd50 elementor-widget elementor-widget-text-editor\" data-id=\"43ebd50\" data-element_type=\"widget\" data-widget_type=\"text-editor.default\">\n\t\t\t\t<div class=\"elementor-widget-container\">\n\t\t\t\t\t<div class=\"elementor-text-editor elementor-clearfix\"><p>DGM works to support you in all matters, whether it concerns questions about dangerous goods, hazardous substances or safety. We work to ensure that you as a customer receive the support that you and your organization need in the form of training, advice and products. Our task is to help you so that your goods are handled and transported safely and reliably in accordance with applicable laws and regulations.<\/p><p>Visit our knowledge base\u00a0<a href=\"https:\/\/dgm.se\/farligt-gods\">Everything about dangerous goods<\/a>\u00a0to see which regulations apply to your business<\/p><\/div>\n\t\t\t\t<\/div>\n\t\t\t\t<\/div>\n\t\t\t\t<div class=\"elementor-element elementor-element-645916a elementor-widget elementor-widget-spacer\" data-id=\"645916a\" data-element_type=\"widget\" data-widget_type=\"spacer.default\">\n\t\t\t\t<div class=\"elementor-widget-container\">\n\t\t\t\t\t<div class=\"elementor-spacer\">\n\t\t\t<div class=\"elementor-spacer-inner\"><\/div>\n\t\t<\/div>\n\t\t\t\t<\/div>\n\t\t\t\t<\/div>\n\t\t\t\t<div class=\"elementor-element elementor-element-7c9b250 elementor-widget elementor-widget-heading\" data-id=\"7c9b250\" data-element_type=\"widget\" data-widget_type=\"heading.default\">\n\t\t\t\t<div class=\"elementor-widget-container\">\n\t\t\t<h2 class=\"elementor-heading-title elementor-size-default\">Watch the film about DGM<\/h2>\t\t<\/div>\n\t\t\t\t<\/div>\n\t\t\t\t<div class=\"elementor-element elementor-element-69113aa elementor-aspect-ratio-169 elementor-widget elementor-widget-video\" data-id=\"69113aa\" data-element_type=\"widget\" data-settings=\"{&quot;aspect_ratio&quot;:&quot;169&quot;}\" data-widget_type=\"video.default\">\n\t\t\t\t<div class=\"elementor-widget-container\">\n\t\t\t\t\t<div class=\"elementor-wrapper elementor-fit-aspect-ratio elementor-open-inline\">\n\t\t\t<iframe class=\"elementor-video-iframe\" allowfullscreen title=\"youtube Video Player\" src=\"https:\/\/www.youtube.com\/embed\/iLgTCE2gE20?feature=oembed&amp;start&amp;end&amp;wmode=opaque&amp;loop=0&amp;controls=1&amp;mute=0&amp;rel=0&amp;modestbranding=0\" data-no-translation-title=\"\"><\/iframe>\t\t<\/div>\n\t\t\t\t<\/div>\n\t\t\t\t<\/div>\n\t\t\t\t<div class=\"elementor-element elementor-element-42d8709 elementor-widget elementor-widget-spacer\" data-id=\"42d8709\" data-element_type=\"widget\" data-widget_type=\"spacer.default\">\n\t\t\t\t<div class=\"elementor-widget-container\">\n\t\t\t\t\t<div class=\"elementor-spacer\">\n\t\t\t<div class=\"elementor-spacer-inner\"><\/div>\n\t\t<\/div>\n\t\t\t\t<\/div>\n\t\t\t\t<\/div>\n\t\t\t\t<div class=\"elementor-element elementor-element-2e5ec12 elementor-widget elementor-widget-heading\" data-id=\"2e5ec12\" data-element_type=\"widget\" data-widget_type=\"heading.default\">\n\t\t\t\t<div class=\"elementor-widget-container\">\n\t\t\t<h2 class=\"elementor-heading-title elementor-size-default\">Did you know that<\/h2>\t\t<\/div>\n\t\t\t\t<\/div>\n\t\t\t\t<div class=\"elementor-element elementor-element-a32b91f elementor-widget elementor-widget-text-editor\" data-id=\"a32b91f\" data-element_type=\"widget\" data-widget_type=\"text-editor.default\">\n\t\t\t\t<div class=\"elementor-widget-container\">\n\t\t\t\t\t<div class=\"elementor-text-editor elementor-clearfix\"><ul><li>DGM is one of the world&#039;s largest total suppliers of services and products within dangerous goods.<\/li><li>DGM has been named an IATA Top Ten Accredited Training School on several occasions.<\/li><li>DGM has a global quality and safety program to ensure our products and services meet all markets.<\/li><li>DGM has comprehensive insurance coverage that takes legal responsibility for dangerous goods shipments prepared and shipped by DGM.<\/li><li>DGM has developed its own software (DGOffice) which provides support to more than 4,000 users around the world.<\/li><\/ul><\/div>\n\t\t\t\t<\/div>\n\t\t\t\t<\/div>\n\t\t\t\t\t\t<\/div>\n\t\t\t<\/div>\n\t\t<\/div>\n\t\t\t\t\t\t<\/div>\n\t\t\t<\/div>\n\t\t<\/section>\n\t\t\t\t<div class=\"elementor-element elementor-element-a2a790e elementor-widget elementor-widget-advant-postlist\" data-id=\"a2a790e\" data-element_type=\"widget\" data-widget_type=\"advant-postlist.default\">\n\t\t\t\t<div class=\"elementor-widget-container\">\n\t\t\t        <div class=\"postlist postlist--allt-om-farligt-gods\">\n            <div class=\"postlist__entries\">\n                <div class=\"elementor-element puff elementor-cta--skin-classic elementor-animated-content elementor-widget elementor-widget-call-to-action\">\n  <div class=\"elementor-widget-container\">\n    <a href=\"https:\/\/test.dgm.se\/en\/om-dgm\/cookies\/\" class=\"elementor-cta\">\n            <div class=\"elementor-cta__content\">\n        <h3 class=\"elementor-cta__title elementor-cta__content-item elementor-content-item\">\n          Cookies on DGM.se        <\/h3>\n\n        <div class=\"elementor-cta__description elementor-cta__content-item elementor-content-item\">\n                  <\/div>\n\n        <div class=\"elementor-cta__button-wrapper elementor-cta__content-item elementor-content-item\">\n          <span class=\"elementor-cta__button elementor-button elementor-size-xs\">\n                          Read more\n                      <\/span>\n        <\/div>\n      <\/div>\n    <\/a>\n  <\/div>\n<\/div><div class=\"elementor-element puff elementor-cta--skin-classic elementor-animated-content elementor-widget elementor-widget-call-to-action\">\n  <div class=\"elementor-widget-container\">\n    <a href=\"https:\/\/test.dgm.se\/en\/om-dgm\/dgm-certifikat\/\" class=\"elementor-cta\">\n            <div class=\"elementor-cta__content\">\n        <h3 class=\"elementor-cta__title elementor-cta__content-item elementor-content-item\">\n          DGM Certificate        <\/h3>\n\n        <div class=\"elementor-cta__description elementor-cta__content-item elementor-content-item\">\n                  <\/div>\n\n        <div class=\"elementor-cta__button-wrapper elementor-cta__content-item elementor-content-item\">\n          <span class=\"elementor-cta__button elementor-button elementor-size-xs\">\n                          Read more\n                      <\/span>\n        <\/div>\n      <\/div>\n    <\/a>\n  <\/div>\n<\/div><div class=\"elementor-element puff elementor-cta--skin-classic elementor-animated-content elementor-widget elementor-widget-call-to-action\">\n  <div class=\"elementor-widget-container\">\n    <a href=\"https:\/\/test.dgm.se\/en\/om-dgm\/integritetspolicy\/\" class=\"elementor-cta\">\n            <div class=\"elementor-cta__content\">\n        <h3 class=\"elementor-cta__title elementor-cta__content-item elementor-content-item\">\n          Privacy Policy        <\/h3>\n\n        <div class=\"elementor-cta__description elementor-cta__content-item elementor-content-item\">\n                  <\/div>\n\n        <div class=\"elementor-cta__button-wrapper elementor-cta__content-item elementor-content-item\">\n          <span class=\"elementor-cta__button elementor-button elementor-size-xs\">\n                          Read more\n                      <\/span>\n        <\/div>\n      <\/div>\n    <\/a>\n  <\/div>\n<\/div><div class=\"elementor-element puff elementor-cta--skin-classic elementor-animated-content elementor-widget elementor-widget-call-to-action\">\n  <div class=\"elementor-widget-container\">\n    <a href=\"https:\/\/test.dgm.se\/en\/om-dgm\/miljokvalitetsarbete\/\" class=\"elementor-cta\">\n            <div class=\"elementor-cta__content\">\n        <h3 class=\"elementor-cta__title elementor-cta__content-item elementor-content-item\">\n          Environment &amp; Quality Work        <\/h3>\n\n        <div class=\"elementor-cta__description elementor-cta__content-item elementor-content-item\">\n                  <\/div>\n\n        <div class=\"elementor-cta__button-wrapper elementor-cta__content-item elementor-content-item\">\n          <span class=\"elementor-cta__button elementor-button elementor-size-xs\">\n                          Read more\n                      <\/span>\n        <\/div>\n      <\/div>\n    <\/a>\n  <\/div>\n<\/div>            <\/div>\n\t\t<\/div>\n\t\t\t\t<\/div>\n\t\t\t\t<\/div>\n\t\t\t\t\t\t<\/div>\n\t\t\t<\/div>\n\t\t<\/div>\n\t\t\t\t\t\t<\/div>\n\t\t\t<\/div>\n\t\t<\/section>\n\t\t\t\t\t\t<\/div>\n\t\t\t<\/div>\n\t\t<\/div>","protected":false},"excerpt":{"rendered":"<p>DGM \u2013 vi kan farligt gods Global kompetens inom farligt gods DGM Sverige ing\u00e5r i DGM worldwide network, d\u00e4r mer \u00e4n 60 kontor i&nbsp;35&nbsp;l\u00e4nder erbjuder en global kompetens vad g\u00e4ller produkter och tj\u00e4nster inom farligt gods. V\u00e5rt utbud av tj\u00e4nster och produkter baseras p\u00e5 kunskap, f\u00f6rtroende och praktisk erfarenhet av farligt gods och farliga \u00e4mnen. &hellip; <a href=\"https:\/\/test.dgm.se\/en\/om-dgm\/\" data-no-translation=\"\" data-trp-gettext=\"\">Continued<\/a><\/p>","protected":false},"author":3,"featured_media":0,"parent":0,"menu_order":18,"comment_status":"closed","ping_status":"closed","template":"elementor_header_footer","meta":{"spay_email":""},"yoast_head":"<!-- This site is optimized with the Yoast SEO plugin v18.1 - https:\/\/yoast.com\/wordpress\/plugins\/seo\/ -->\n<title>Om DGM &ndash; Test DGM Sverige<\/title>\n<meta name=\"robots\" content=\"noindex, follow, max-snippet:-1, max-image-preview:large, max-video-preview:-1\" \/>\n<meta property=\"og:locale\" content=\"en_US\" \/>\n<meta property=\"og:type\" content=\"article\" \/>\n<meta property=\"og:title\" content=\"Om DGM &ndash; Test DGM Sverige\" \/>\n<meta property=\"og:description\" content=\"DGM \u2013 vi kan farligt gods Global kompetens inom farligt gods DGM Sverige ing\u00e5r i DGM worldwide network, d\u00e4r mer \u00e4n 60 kontor i&nbsp;35&nbsp;l\u00e4nder erbjuder en global kompetens vad g\u00e4ller produkter och tj\u00e4nster inom farligt gods. V\u00e5rt utbud av tj\u00e4nster och produkter baseras p\u00e5 kunskap, f\u00f6rtroende och praktisk erfarenhet av farligt gods och farliga \u00e4mnen. &hellip; Continued\" \/>\n<meta property=\"og:url\" content=\"https:\/\/dgm.se\/om-dgm\/\" \/>\n<meta property=\"og:site_name\" content=\"Test DGM Sverige\" \/>\n<meta property=\"article:modified_time\" content=\"2022-01-07T10:10:01+00:00\" \/>\n<meta name=\"twitter:card\" content=\"summary_large_image\" \/>\n<meta name=\"twitter:label1\" content=\"Est. reading time\" \/>\n\t<meta name=\"twitter:data1\" content=\"2 minutes\" \/>\n<script type=\"application\/ld+json\" class=\"yoast-schema-graph\">{\"@context\":\"https:\/\/schema.org\",\"@graph\":[{\"@type\":\"WebSite\",\"@id\":\"https:\/\/test.dgm.se\/#website\",\"url\":\"https:\/\/test.dgm.se\/\",\"name\":\"Test DGM Sverige\",\"description\":\"Din farligt gods-expert\",\"potentialAction\":[{\"@type\":\"SearchAction\",\"target\":{\"@type\":\"EntryPoint\",\"urlTemplate\":\"https:\/\/test.dgm.se\/?s={search_term_string}\"},\"query-input\":\"required name=search_term_string\"}],\"inLanguage\":\"en-US\"},{\"@type\":\"WebPage\",\"@id\":\"https:\/\/dgm.se\/om-dgm\/#webpage\",\"url\":\"https:\/\/dgm.se\/om-dgm\/\",\"name\":\"Om DGM &ndash; Test DGM Sverige\",\"isPartOf\":{\"@id\":\"https:\/\/test.dgm.se\/#website\"},\"datePublished\":\"2020-11-28T13:27:29+00:00\",\"dateModified\":\"2022-01-07T10:10:01+00:00\",\"breadcrumb\":{\"@id\":\"https:\/\/dgm.se\/om-dgm\/#breadcrumb\"},\"inLanguage\":\"en-US\",\"potentialAction\":[{\"@type\":\"ReadAction\",\"target\":[\"https:\/\/dgm.se\/om-dgm\/\"]}]},{\"@type\":\"BreadcrumbList\",\"@id\":\"https:\/\/dgm.se\/om-dgm\/#breadcrumb\",\"itemListElement\":[{\"@type\":\"ListItem\",\"position\":1,\"name\":\"\",\"item\":\"https:\/\/test.dgm.se\/\"},{\"@type\":\"ListItem\",\"position\":2,\"name\":\"Om DGM\"}]}]}<\/script>\n<!-- \/ Yoast SEO plugin. -->","yoast_head_json":{"title":"Om DGM &ndash; Test DGM Sverige","robots":{"index":"noindex","follow":"follow","max-snippet":"max-snippet:-1","max-image-preview":"max-image-preview:large","max-video-preview":"max-video-preview:-1"},"og_locale":"en_US","og_type":"article","og_title":"Om DGM &ndash; Test DGM Sverige","og_description":"DGM \u2013 vi kan farligt gods Global kompetens inom farligt gods DGM Sverige ing\u00e5r i DGM worldwide network, d\u00e4r mer \u00e4n 60 kontor i&nbsp;35&nbsp;l\u00e4nder erbjuder en global kompetens vad g\u00e4ller produkter och tj\u00e4nster inom farligt gods. V\u00e5rt utbud av tj\u00e4nster och produkter baseras p\u00e5 kunskap, f\u00f6rtroende och praktisk erfarenhet av farligt gods och farliga \u00e4mnen. &hellip; Continued","og_url":"https:\/\/dgm.se\/om-dgm\/","og_site_name":"Test DGM Sverige","article_modified_time":"2022-01-07T10:10:01+00:00","twitter_card":"summary_large_image","twitter_misc":{"Est. reading time":"2 minutes"},"schema":{"@context":"https:\/\/schema.org","@graph":[{"@type":"WebSite","@id":"https:\/\/test.dgm.se\/#website","url":"https:\/\/test.dgm.se\/","name":"Test DGM Sverige","description":"Din farligt gods-expert","potentialAction":[{"@type":"SearchAction","target":{"@type":"EntryPoint","urlTemplate":"https:\/\/test.dgm.se\/?s={search_term_string}"},"query-input":"required name=search_term_string"}],"inLanguage":"en-US"},{"@type":"WebPage","@id":"https:\/\/dgm.se\/om-dgm\/#webpage","url":"https:\/\/dgm.se\/om-dgm\/","name":"Om DGM &ndash; Test DGM Sverige","isPartOf":{"@id":"https:\/\/test.dgm.se\/#website"},"datePublished":"2020-11-28T13:27:29+00:00","dateModified":"2022-01-07T10:10:01+00:00","breadcrumb":{"@id":"https:\/\/dgm.se\/om-dgm\/#breadcrumb"},"inLanguage":"en-US","potentialAction":[{"@type":"ReadAction","target":["https:\/\/dgm.se\/om-dgm\/"]}]},{"@type":"BreadcrumbList","@id":"https:\/\/dgm.se\/om-dgm\/#breadcrumb","itemListElement":[{"@type":"ListItem","position":1,"name":"","item":"https:\/\/test.dgm.se\/"},{"@type":"ListItem","position":2,"name":"Om DGM"}]}]}},"_links":{"self":[{"href":"https:\/\/test.dgm.se\/en\/wp-json\/wp\/v2\/pages\/13714"}],"collection":[{"href":"https:\/\/test.dgm.se\/en\/wp-json\/wp\/v2\/pages"}],"about":[{"href":"https:\/\/test.dgm.se\/en\/wp-json\/wp\/v2\/types\/page"}],"author":[{"embeddable":true,"href":"https:\/\/test.dgm.se\/en\/wp-json\/wp\/v2\/users\/3"}],"replies":[{"embeddable":true,"href":"https:\/\/test.dgm.se\/en\/wp-json\/wp\/v2\/comments?post=13714"}],"version-history":[{"count":41,"href":"https:\/\/test.dgm.se\/en\/wp-json\/wp\/v2\/pages\/13714\/revisions"}],"predecessor-version":[{"id":14738,"href":"https:\/\/test.dgm.se\/en\/wp-json\/wp\/v2\/pages\/13714\/revisions\/14738"}],"wp:attachment":[{"href":"https:\/\/test.dgm.se\/en\/wp-json\/wp\/v2\/media?parent=13714"}],"curies":[{"name":"wp","href":"https:\/\/api.w.org\/{rel}","templated":true}]}}