{"id":13732,"date":"2020-11-28T15:24:52","date_gmt":"2020-11-28T14:24:52","guid":{"rendered":"https:\/\/dgm.advanttest.se\/?page_id=13732"},"modified":"2020-11-28T15:30:25","modified_gmt":"2020-11-28T14:30:25","slug":"kemikalieinspektionen","status":"publish","type":"page","link":"https:\/\/test.dgm.se\/en\/allt-om-farligt-gods\/vara-myndigheter\/kemikalieinspektionen\/","title":{"rendered":"The Swedish Chemicals Agency"},"content":{"rendered":"<div data-elementor-type=\"wp-page\" data-elementor-id=\"13732\" class=\"elementor elementor-13732\" data-elementor-settings=\"[]\">\n\t\t\t<div class=\"elementor-inner\">\n\t\t\t\t<div class=\"elementor-section-wrap\">\n\t\t\t\t\t\t\t<section class=\"elementor-element elementor-element-8323e0e elementor-section-boxed elementor-section-height-default elementor-section-height-default elementor-section elementor-top-section\" data-id=\"8323e0e\" data-element_type=\"section\">\n\t\t\t\t\t\t<div class=\"elementor-container elementor-column-gap-default\">\n\t\t\t\t<div class=\"elementor-row\">\n\t\t\t\t<div class=\"elementor-element elementor-element-154ef16 elementor-column elementor-col-100 elementor-top-column\" data-id=\"154ef16\" data-element_type=\"column\">\n\t\t\t<div class=\"elementor-column-wrap  elementor-element-populated\">\n\t\t\t\t\t<div class=\"elementor-widget-wrap\">\n\t\t\t\t<div class=\"elementor-element elementor-element-3a49a80 elementor-widget elementor-widget-advant-breadcrumbs\" data-id=\"3a49a80\" data-element_type=\"widget\" data-widget_type=\"advant-breadcrumbs.default\">\n\t\t\t\t<div class=\"elementor-widget-container\">\n\t\t\t\n        \t\t\n\t\t\t<nav class=\"bc-wrapper\">\n\t\t\t<nav aria-label=\"Breadcrumbs\" class=\"breadcrumb\">\n\t\t\t\t\t\t\t\t\t\t\t\t\t\t\t<a class=\"bc-home\" style=\"text-decoration: none;\" href=\"https:\/\/test.dgm.se\/en\"><i class=\"fa fa-home\"><\/i><\/a> \n\t\t\t\t\t\t\t\t\t\t<a class=\"bc-home\" href=\"https:\/\/test.dgm.se\/en\">Home<\/a>\n\t\t\t\t\t<span class=\"bc-separator\"> \/ <\/span>\n\t\t\t\t\n\t\t\t\t<a href=\"https:\/\/test.dgm.se\/en\/allt-om-farligt-gods\/\" class=\"bc-trail\">Everything about dangerous goods<\/a><span class=\"bc-separator\"> \/ <\/span><a href=\"https:\/\/test.dgm.se\/en\/allt-om-farligt-gods\/vara-myndigheter\/\" class=\"bc-trail\">Our authorities<\/a><span class=\"bc-separator\"> \/ <\/span><span class=\"bc-current\">The Swedish Chemicals Agency<\/span>\n\t\t\t<\/nav>\n\t\t\t<\/div>\n\t\t\t\n                <style>\n        .elementor-widget-advant-breadcrumbs {\n        }\n        <\/style>\n                \t\t<\/div>\n\t\t\t\t<\/div>\n\t\t\t\t\t\t<\/div>\n\t\t\t<\/div>\n\t\t<\/div>\n\t\t\t\t\t\t<\/div>\n\t\t\t<\/div>\n\t\t<\/section>\n\t\t\t\t<section class=\"elementor-element elementor-element-325a0de0 elementor-section-boxed elementor-section-height-default elementor-section-height-default elementor-section elementor-top-section\" data-id=\"325a0de0\" data-element_type=\"section\">\n\t\t\t\t\t\t<div class=\"elementor-container elementor-column-gap-default\">\n\t\t\t\t<div class=\"elementor-row\">\n\t\t\t\t<div class=\"elementor-element elementor-element-36276381 elementor-column elementor-col-100 elementor-top-column\" data-id=\"36276381\" data-element_type=\"column\">\n\t\t\t<div class=\"elementor-column-wrap  elementor-element-populated\">\n\t\t\t\t\t<div class=\"elementor-widget-wrap\">\n\t\t\t\t<section class=\"elementor-element elementor-element-5abee5a3 elementor-section-boxed elementor-section-height-default elementor-section-height-default elementor-section elementor-inner-section\" data-id=\"5abee5a3\" data-element_type=\"section\">\n\t\t\t\t\t\t<div class=\"elementor-container elementor-column-gap-default\">\n\t\t\t\t<div class=\"elementor-row\">\n\t\t\t\t<div class=\"elementor-element elementor-element-63a197 elementor-column elementor-col-100 elementor-inner-column\" data-id=\"63a197\" data-element_type=\"column\">\n\t\t\t<div class=\"elementor-column-wrap  elementor-element-populated\">\n\t\t\t\t\t<div class=\"elementor-widget-wrap\">\n\t\t\t\t<div class=\"elementor-element elementor-element-5c50e38c elementor-widget elementor-widget-heading\" data-id=\"5c50e38c\" data-element_type=\"widget\" data-widget_type=\"heading.default\">\n\t\t\t\t<div class=\"elementor-widget-container\">\n\t\t\t<h1 class=\"elementor-heading-title elementor-size-default\">The Swedish Chemicals Agency<\/h1>\t\t<\/div>\n\t\t\t\t<\/div>\n\t\t\t\t\t\t<\/div>\n\t\t\t<\/div>\n\t\t<\/div>\n\t\t\t\t\t\t<\/div>\n\t\t\t<\/div>\n\t\t<\/section>\n\t\t\t\t<section class=\"elementor-element elementor-element-2f8303bd elementor-section-boxed elementor-section-height-default elementor-section-height-default elementor-section elementor-inner-section\" data-id=\"2f8303bd\" data-element_type=\"section\">\n\t\t\t\t\t\t<div class=\"elementor-container elementor-column-gap-default\">\n\t\t\t\t<div class=\"elementor-row\">\n\t\t\t\t<div class=\"elementor-element elementor-element-5a3a202e elementor-column elementor-col-100 elementor-inner-column\" data-id=\"5a3a202e\" data-element_type=\"column\">\n\t\t\t<div class=\"elementor-column-wrap  elementor-element-populated\">\n\t\t\t\t\t<div class=\"elementor-widget-wrap\">\n\t\t\t\t<div class=\"elementor-element elementor-element-656e8434 elementor-widget elementor-widget-text-editor\" data-id=\"656e8434\" data-element_type=\"widget\" data-widget_type=\"text-editor.default\">\n\t\t\t\t<div class=\"elementor-widget-container\">\n\t\t\t\t\t<div class=\"elementor-text-editor elementor-clearfix\"><p><span style=\"color: #333333; font-family: Arial, Helvetica, sans-serif; font-size: 15px; background-color: #ffffff;\">The Swedish Chemicals Agency is an expert authority for the health and environmental hazardous properties of chemical products and is also responsible for supervising manufacturers and importers of such products. Provisions regarding safety data sheets and the labelling of hazardous substances are areas that often also have to be considered in connection with the transport of dangerous goods.<\/span><\/p><\/div>\n\t\t\t\t<\/div>\n\t\t\t\t<\/div>\n\t\t\t\t<div class=\"elementor-element elementor-element-3f408e3e elementor-widget elementor-widget-advant-linkbutton\" data-id=\"3f408e3e\" data-element_type=\"widget\" data-widget_type=\"advant-linkbutton.default\">\n\t\t\t\t<div class=\"elementor-widget-container\">\n\t\t\t\t\t<div class=\"button-wrapper\" onclick=\"window.open('https:\/\/www.kemi.se\/', '_blank')\">\n\t\t\t<span class=\"left-icon\">\n\t\t\t\t<i class=\"far fa-link\"><\/i>\n\t\t\t<\/span>\n\n\t\t\t<span class=\"text\">\n\t\t\t\t<a href=\"javascript:return false;\">To the Swedish Chemicals Agency&#039;s website<\/a>\n\t\t\t<\/span>\n\n\t\t\t<span class=\"right-icon\">\n\t\t\t\t<i class=\"far fa-chevron-right\"><\/i>\n\t\t\t<\/span>\n\t\t<\/div>\n\t\t\t\t<\/div>\n\t\t\t\t<\/div>\n\t\t\t\t<div class=\"elementor-element elementor-element-551f28b elementor-widget elementor-widget-advant--back\" data-id=\"551f28b\" data-element_type=\"widget\" data-widget_type=\"advant--back.default\">\n\t\t\t\t<div class=\"elementor-widget-container\">\n\t\t\t\n\t\t<div class=\"elementor-widget-back\">\n            <i class=\"fal fa-angle-left\" aria-hidden=\"true\"><\/i>\n\n\t\t    <a href=\"https:\/\/dgm.se\/allt-om-farligt-gods\/vara-myndigheter\/\">Back to our authorities<\/a>\n\t\t<\/div>\n\n\t\t\t\t<\/div>\n\t\t\t\t<\/div>\n\t\t\t\t\t\t<\/div>\n\t\t\t<\/div>\n\t\t<\/div>\n\t\t\t\t\t\t<\/div>\n\t\t\t<\/div>\n\t\t<\/section>\n\t\t\t\t\t\t<\/div>\n\t\t\t<\/div>\n\t\t<\/div>\n\t\t\t\t\t\t<\/div>\n\t\t\t<\/div>\n\t\t<\/section>\n\t\t\t\t\t\t<\/div>\n\t\t\t<\/div>\n\t\t<\/div>","protected":false},"excerpt":{"rendered":"<p>Hem \/ Allt om farligt gods \/ V\u00e5ra myndigheter \/ Kemikalieinspektionen Kemikalieinspektionen Kemikalieinspektionen \u00e4r expertmyndighet f\u00f6r kemiska produkters h\u00e4lso- och milj\u00f6farliga egenskaper och svarar ocks\u00e5 f\u00f6r tillsynen \u00f6ver tillverkare och import\u00f6rer av s\u00e5dana produkter. Best\u00e4mmelser r\u00f6rande s\u00e4kerhetsdatablad och m\u00e4rkning av farliga \u00e4mnen \u00e4r omr\u00e5den som ofta \u00e4ven m\u00e5ste beaktas i samband med transport av farligt &hellip; <a href=\"https:\/\/test.dgm.se\/en\/allt-om-farligt-gods\/vara-myndigheter\/kemikalieinspektionen\/\" data-no-translation=\"\" data-trp-gettext=\"\">Continued<\/a><\/p>","protected":false},"author":3,"featured_media":0,"parent":12695,"menu_order":3,"comment_status":"closed","ping_status":"closed","template":"elementor_header_footer","meta":{"spay_email":""},"yoast_head":"<!-- This site is optimized with the Yoast SEO plugin v18.1 - https:\/\/yoast.com\/wordpress\/plugins\/seo\/ -->\n<title>Kemikalieinspektionen &ndash; Test DGM Sverige<\/title>\n<meta name=\"robots\" content=\"noindex, follow, max-snippet:-1, max-image-preview:large, max-video-preview:-1\" \/>\n<meta property=\"og:locale\" content=\"en_US\" \/>\n<meta property=\"og:type\" content=\"article\" \/>\n<meta property=\"og:title\" content=\"Kemikalieinspektionen &ndash; Test DGM Sverige\" \/>\n<meta property=\"og:description\" content=\"Hem \/ Allt om farligt gods \/ V\u00e5ra myndigheter \/ Kemikalieinspektionen Kemikalieinspektionen Kemikalieinspektionen \u00e4r expertmyndighet f\u00f6r kemiska produkters h\u00e4lso- och milj\u00f6farliga egenskaper och svarar ocks\u00e5 f\u00f6r tillsynen \u00f6ver tillverkare och import\u00f6rer av s\u00e5dana produkter. Best\u00e4mmelser r\u00f6rande s\u00e4kerhetsdatablad och m\u00e4rkning av farliga \u00e4mnen \u00e4r omr\u00e5den som ofta \u00e4ven m\u00e5ste beaktas i samband med transport av farligt &hellip; Continued\" \/>\n<meta property=\"og:url\" content=\"https:\/\/dgm.se\/allt-om-farligt-gods\/vara-myndigheter\/kemikalieinspektionen\/\" \/>\n<meta property=\"og:site_name\" content=\"Test DGM Sverige\" \/>\n<meta property=\"article:modified_time\" content=\"2020-11-28T14:30:25+00:00\" \/>\n<meta name=\"twitter:card\" content=\"summary_large_image\" \/>\n<script type=\"application\/ld+json\" class=\"yoast-schema-graph\">{\"@context\":\"https:\/\/schema.org\",\"@graph\":[{\"@type\":\"WebSite\",\"@id\":\"https:\/\/test.dgm.se\/#website\",\"url\":\"https:\/\/test.dgm.se\/\",\"name\":\"Test DGM Sverige\",\"description\":\"Din farligt gods-expert\",\"potentialAction\":[{\"@type\":\"SearchAction\",\"target\":{\"@type\":\"EntryPoint\",\"urlTemplate\":\"https:\/\/test.dgm.se\/?s={search_term_string}\"},\"query-input\":\"required name=search_term_string\"}],\"inLanguage\":\"en-US\"},{\"@type\":\"WebPage\",\"@id\":\"https:\/\/dgm.se\/allt-om-farligt-gods\/vara-myndigheter\/kemikalieinspektionen\/#webpage\",\"url\":\"https:\/\/dgm.se\/allt-om-farligt-gods\/vara-myndigheter\/kemikalieinspektionen\/\",\"name\":\"Kemikalieinspektionen &ndash; Test DGM Sverige\",\"isPartOf\":{\"@id\":\"https:\/\/test.dgm.se\/#website\"},\"datePublished\":\"2020-11-28T14:24:52+00:00\",\"dateModified\":\"2020-11-28T14:30:25+00:00\",\"breadcrumb\":{\"@id\":\"https:\/\/dgm.se\/allt-om-farligt-gods\/vara-myndigheter\/kemikalieinspektionen\/#breadcrumb\"},\"inLanguage\":\"en-US\",\"potentialAction\":[{\"@type\":\"ReadAction\",\"target\":[\"https:\/\/dgm.se\/allt-om-farligt-gods\/vara-myndigheter\/kemikalieinspektionen\/\"]}]},{\"@type\":\"BreadcrumbList\",\"@id\":\"https:\/\/dgm.se\/allt-om-farligt-gods\/vara-myndigheter\/kemikalieinspektionen\/#breadcrumb\",\"itemListElement\":[{\"@type\":\"ListItem\",\"position\":1,\"name\":\"\",\"item\":\"https:\/\/test.dgm.se\/\"},{\"@type\":\"ListItem\",\"position\":2,\"name\":\"Allt om farligt gods\",\"item\":\"https:\/\/dgm.se\/allt-om-farligt-gods\/\"},{\"@type\":\"ListItem\",\"position\":3,\"name\":\"V\u00e5ra myndigheter\",\"item\":\"https:\/\/dgm.se\/allt-om-farligt-gods\/vara-myndigheter\/\"},{\"@type\":\"ListItem\",\"position\":4,\"name\":\"Kemikalieinspektionen\"}]}]}<\/script>\n<!-- \/ Yoast SEO plugin. -->","yoast_head_json":{"title":"Kemikalieinspektionen &ndash; Test DGM Sverige","robots":{"index":"noindex","follow":"follow","max-snippet":"max-snippet:-1","max-image-preview":"max-image-preview:large","max-video-preview":"max-video-preview:-1"},"og_locale":"en_US","og_type":"article","og_title":"Kemikalieinspektionen &ndash; Test DGM Sverige","og_description":"Hem \/ Allt om farligt gods \/ V\u00e5ra myndigheter \/ Kemikalieinspektionen Kemikalieinspektionen Kemikalieinspektionen \u00e4r expertmyndighet f\u00f6r kemiska produkters h\u00e4lso- och milj\u00f6farliga egenskaper och svarar ocks\u00e5 f\u00f6r tillsynen \u00f6ver tillverkare och import\u00f6rer av s\u00e5dana produkter. Best\u00e4mmelser r\u00f6rande s\u00e4kerhetsdatablad och m\u00e4rkning av farliga \u00e4mnen \u00e4r omr\u00e5den som ofta \u00e4ven m\u00e5ste beaktas i samband med transport av farligt &hellip; Continued","og_url":"https:\/\/dgm.se\/allt-om-farligt-gods\/vara-myndigheter\/kemikalieinspektionen\/","og_site_name":"Test DGM Sverige","article_modified_time":"2020-11-28T14:30:25+00:00","twitter_card":"summary_large_image","schema":{"@context":"https:\/\/schema.org","@graph":[{"@type":"WebSite","@id":"https:\/\/test.dgm.se\/#website","url":"https:\/\/test.dgm.se\/","name":"Test DGM Sverige","description":"Din farligt gods-expert","potentialAction":[{"@type":"SearchAction","target":{"@type":"EntryPoint","urlTemplate":"https:\/\/test.dgm.se\/?s={search_term_string}"},"query-input":"required name=search_term_string"}],"inLanguage":"en-US"},{"@type":"WebPage","@id":"https:\/\/dgm.se\/allt-om-farligt-gods\/vara-myndigheter\/kemikalieinspektionen\/#webpage","url":"https:\/\/dgm.se\/allt-om-farligt-gods\/vara-myndigheter\/kemikalieinspektionen\/","name":"Kemikalieinspektionen &ndash; Test DGM Sverige","isPartOf":{"@id":"https:\/\/test.dgm.se\/#website"},"datePublished":"2020-11-28T14:24:52+00:00","dateModified":"2020-11-28T14:30:25+00:00","breadcrumb":{"@id":"https:\/\/dgm.se\/allt-om-farligt-gods\/vara-myndigheter\/kemikalieinspektionen\/#breadcrumb"},"inLanguage":"en-US","potentialAction":[{"@type":"ReadAction","target":["https:\/\/dgm.se\/allt-om-farligt-gods\/vara-myndigheter\/kemikalieinspektionen\/"]}]},{"@type":"BreadcrumbList","@id":"https:\/\/dgm.se\/allt-om-farligt-gods\/vara-myndigheter\/kemikalieinspektionen\/#breadcrumb","itemListElement":[{"@type":"ListItem","position":1,"name":"","item":"https:\/\/test.dgm.se\/"},{"@type":"ListItem","position":2,"name":"Allt om farligt gods","item":"https:\/\/dgm.se\/allt-om-farligt-gods\/"},{"@type":"ListItem","position":3,"name":"V\u00e5ra myndigheter","item":"https:\/\/dgm.se\/allt-om-farligt-gods\/vara-myndigheter\/"},{"@type":"ListItem","position":4,"name":"Kemikalieinspektionen"}]}]}},"_links":{"self":[{"href":"https:\/\/test.dgm.se\/en\/wp-json\/wp\/v2\/pages\/13732"}],"collection":[{"href":"https:\/\/test.dgm.se\/en\/wp-json\/wp\/v2\/pages"}],"about":[{"href":"https:\/\/test.dgm.se\/en\/wp-json\/wp\/v2\/types\/page"}],"author":[{"embeddable":true,"href":"https:\/\/test.dgm.se\/en\/wp-json\/wp\/v2\/users\/3"}],"replies":[{"embeddable":true,"href":"https:\/\/test.dgm.se\/en\/wp-json\/wp\/v2\/comments?post=13732"}],"version-history":[{"count":3,"href":"https:\/\/test.dgm.se\/en\/wp-json\/wp\/v2\/pages\/13732\/revisions"}],"predecessor-version":[{"id":13735,"href":"https:\/\/test.dgm.se\/en\/wp-json\/wp\/v2\/pages\/13732\/revisions\/13735"}],"up":[{"embeddable":true,"href":"https:\/\/test.dgm.se\/en\/wp-json\/wp\/v2\/pages\/12695"}],"wp:attachment":[{"href":"https:\/\/test.dgm.se\/en\/wp-json\/wp\/v2\/media?parent=13732"}],"curies":[{"name":"wp","href":"https:\/\/api.w.org\/{rel}","templated":true}]}}