{"id":13876,"date":"2020-02-11T15:26:20","date_gmt":"2020-11-29T01:13:52","guid":{"rendered":"https:\/\/dgm.advanttest.se\/?page_id=13876"},"modified":"2022-01-07T10:44:32","modified_gmt":"2022-01-07T09:44:32","slug":"integritetspolicy","status":"publish","type":"page","link":"https:\/\/test.dgm.se\/en\/om-dgm\/integritetspolicy\/","title":{"rendered":"Privacy Policy"},"content":{"rendered":"<div data-elementor-type=\"wp-page\" data-elementor-id=\"13876\" class=\"elementor elementor-13876\" data-elementor-settings=\"[]\">\n\t\t\t<div class=\"elementor-inner\">\n\t\t\t\t<div class=\"elementor-section-wrap\">\n\t\t\t\t\t\t\t<section class=\"elementor-element elementor-element-8323e0e elementor-section-boxed elementor-section-height-default elementor-section-height-default elementor-section elementor-top-section\" data-id=\"8323e0e\" data-element_type=\"section\">\n\t\t\t\t\t\t<div class=\"elementor-container elementor-column-gap-default\">\n\t\t\t\t<div class=\"elementor-row\">\n\t\t\t\t<div class=\"elementor-element elementor-element-154ef16 elementor-column elementor-col-100 elementor-top-column\" data-id=\"154ef16\" data-element_type=\"column\">\n\t\t\t<div class=\"elementor-column-wrap  elementor-element-populated\">\n\t\t\t\t\t<div class=\"elementor-widget-wrap\">\n\t\t\t\t<div class=\"elementor-element elementor-element-3a49a80 elementor-widget elementor-widget-advant-breadcrumbs\" data-id=\"3a49a80\" data-element_type=\"widget\" data-widget_type=\"advant-breadcrumbs.default\">\n\t\t\t\t<div class=\"elementor-widget-container\">\n\t\t\t\n        \t\t\n\t\t\t<nav class=\"bc-wrapper\">\n\t\t\t<nav aria-label=\"Breadcrumbs\" class=\"breadcrumb\">\n\t\t\t\t\t\t\t\t\t\t\t\t\t\t\t<a class=\"bc-home\" style=\"text-decoration: none;\" href=\"https:\/\/test.dgm.se\/en\"><i class=\"fa fa-home\"><\/i><\/a> \n\t\t\t\t\t\t\t\t\t\t<a class=\"bc-home\" href=\"https:\/\/test.dgm.se\/en\">Home<\/a>\n\t\t\t\t\t<span class=\"bc-separator\"> \/ <\/span>\n\t\t\t\t\n\t\t\t\t<a href=\"https:\/\/test.dgm.se\/en\/om-dgm\/\" class=\"bc-trail\">About DGM<\/a><span class=\"bc-separator\"> \/ <\/span><span class=\"bc-current\">Privacy Policy<\/span>\n\t\t\t<\/nav>\n\t\t\t<\/div>\n\t\t\t\n                <style>\n        .elementor-widget-advant-breadcrumbs {\n        }\n        <\/style>\n                \t\t<\/div>\n\t\t\t\t<\/div>\n\t\t\t\t\t\t<\/div>\n\t\t\t<\/div>\n\t\t<\/div>\n\t\t\t\t\t\t<\/div>\n\t\t\t<\/div>\n\t\t<\/section>\n\t\t\t\t<section class=\"elementor-element elementor-element-325a0de0 elementor-section-boxed elementor-section-height-default elementor-section-height-default elementor-section elementor-top-section\" data-id=\"325a0de0\" data-element_type=\"section\">\n\t\t\t\t\t\t<div class=\"elementor-container elementor-column-gap-default\">\n\t\t\t\t<div class=\"elementor-row\">\n\t\t\t\t<div class=\"elementor-element elementor-element-36276381 elementor-column elementor-col-100 elementor-top-column\" data-id=\"36276381\" data-element_type=\"column\">\n\t\t\t<div class=\"elementor-column-wrap  elementor-element-populated\">\n\t\t\t\t\t<div class=\"elementor-widget-wrap\">\n\t\t\t\t<section class=\"elementor-element elementor-element-5abee5a3 elementor-section-boxed elementor-section-height-default elementor-section-height-default elementor-section elementor-inner-section\" data-id=\"5abee5a3\" data-element_type=\"section\">\n\t\t\t\t\t\t<div class=\"elementor-container elementor-column-gap-default\">\n\t\t\t\t<div class=\"elementor-row\">\n\t\t\t\t<div class=\"elementor-element elementor-element-63a197 elementor-column elementor-col-100 elementor-inner-column\" data-id=\"63a197\" data-element_type=\"column\">\n\t\t\t<div class=\"elementor-column-wrap  elementor-element-populated\">\n\t\t\t\t\t<div class=\"elementor-widget-wrap\">\n\t\t\t\t<div class=\"elementor-element elementor-element-5c50e38c elementor-widget elementor-widget-heading\" data-id=\"5c50e38c\" data-element_type=\"widget\" data-widget_type=\"heading.default\">\n\t\t\t\t<div class=\"elementor-widget-container\">\n\t\t\t<h1 class=\"elementor-heading-title elementor-size-default\">Privacy Policy<\/h1>\t\t<\/div>\n\t\t\t\t<\/div>\n\t\t\t\t\t\t<\/div>\n\t\t\t<\/div>\n\t\t<\/div>\n\t\t\t\t\t\t<\/div>\n\t\t\t<\/div>\n\t\t<\/section>\n\t\t\t\t<section class=\"elementor-element elementor-element-2f8303bd elementor-section-boxed elementor-section-height-default elementor-section-height-default elementor-section elementor-inner-section\" data-id=\"2f8303bd\" data-element_type=\"section\">\n\t\t\t\t\t\t<div class=\"elementor-container elementor-column-gap-default\">\n\t\t\t\t<div class=\"elementor-row\">\n\t\t\t\t<div class=\"elementor-element elementor-element-5a3a202e elementor-column elementor-col-100 elementor-inner-column\" data-id=\"5a3a202e\" data-element_type=\"column\">\n\t\t\t<div class=\"elementor-column-wrap  elementor-element-populated\">\n\t\t\t\t\t<div class=\"elementor-widget-wrap\">\n\t\t\t\t<div class=\"elementor-element elementor-element-656e8434 elementor-widget elementor-widget-text-editor\" data-id=\"656e8434\" data-element_type=\"widget\" data-widget_type=\"text-editor.default\">\n\t\t\t\t<div class=\"elementor-widget-container\">\n\t\t\t\t\t<div class=\"elementor-text-editor elementor-clearfix\"><p>It is important that you feel confident about how we at DGM handle your personal data. We protect the information you entrust to us, and follow the laws and regulations that exist to protect your privacy.<\/p><h1><a id=\"S\u00e5 h\u00e4r hanterar vi dina personuppgifter\" name=\"S\u00e5 h\u00e4r hanterar vi dina personuppgifter\"><\/a>How we handle your personal data<\/h1><p>In order to offer you our services, we need to process your personal data. We do not collect more data than we need. We never sell the data to third parties.<\/p><p>It is important that you read and understand our data protection policy before ordering or using our services. If you have any questions about our data protection policy, you can always contact us at support@dgm.se.<\/p><p>By ordering or using DGM&#039;s services, you accept our data protection policy and our processing of your personal data. You also agree that DGM uses electronic communication channels to communicate and send information to you.\u00a0<\/p><h1><a id=\"Insamling av data\" name=\"Insamling av data\"><\/a>Data collection<\/h1><p>This data protection policy covers all data we collect, for example from websites, social media, contact by phone or email and at events\/trade fairs. We may combine personal data collected in one way (e.g. a website) with personal data collected in another way (e.g. courses).<\/p><p><strong>Information you provide to us<\/strong><br \/>You may directly or indirectly provide us with information about yourself and your company in a number of different ways, such as when you order our services or contact us on our website, when you contact us by email, letter or telephone, when you register for a course, a meeting, a seminar or the like, when you register to receive newsletters or interact on our social media. This information may be:<\/p><ul><li>Personal and contact information \u2013 name, address information, email address, mobile phone number, your professional role, your workplace.<\/li><li>Payment information \u2013 billing address, reference person, other billing information.<\/li><\/ul><p><strong>Information we collect about you<\/strong><br \/>When you contact us, we may collect information about (please note that we do not necessarily collect all of the data listed below):<\/p><ul><li>Personal and contact information \u2013 name, billing and delivery address, email address, mobile phone number, your professional role, your workplace.<\/li><li>Information about services and deliveries \u2013 details regarding the services you subscribe to or purchase, e.g. ongoing consulting services, assignments, projects or training and newsletters that you read.<\/li><li>Financial information \u2013 creditworthiness.<\/li><li>Historical information \u2013 previous purchases, participation in training and meetings, payment history.<\/li><li>Device information \u2013 such as IP address, language settings, browser settings, time zone, geographic information, operating system, platform and screen resolution (via statistics tools and newsletter systems).<\/li><\/ul><p>The information you provide us is necessary either to enter into a contractual relationship with us, or for other purposes. This may, for example, be so that we can improve our information and services to you or carry out our mission and our commitments to you as a customer. Personal identification numbers are only processed in exceptional cases for specific services that require legitimate identity.<\/p><h1><a id=\"Hur anv\u00e4nder vi informationen?\" name=\"Hur anv\u00e4nder vi informationen?\"><\/a>How do we use the information?<\/h1><p><strong>Provide, perform and improve our services.<\/strong><br \/>All data is used to provide, perform and improve our services to our customers. Here you can see what data we process, in what situations and what legal basis we support our use.<\/p><p><strong>When you order products, services, training and sign agreements with us<\/strong><\/p><table style=\"height: 392px;\" border=\"1\" width=\"579\" cellspacing=\"1\" cellpadding=\"1\"><tbody><tr><td><p><em><strong>Category of tasks<\/strong><\/em><\/p><\/td><td><em><strong>Personal information<\/strong><\/em><\/td><\/tr><tr><td>Company details\u00a0<\/td><td>Company\/Organization<br \/>Organization number<br \/>Address details<br \/>Billing information\u00a0<\/td><\/tr><tr><td>Contact details\u00a0<\/td><td>Name<br \/>Professional role<br \/>E-mail<br \/>Phone number<br \/>*Special diet<br \/>*Message\u00a0<\/td><\/tr><tr><td>Service and<br \/>product information\u00a0 \u00a0 \u00a0 \u00a0 \u00a0 \u00a0 \u00a0 \u00a0 \u00a0 \u00a0\u00a0\u00a0 \u00a0 \u00a0 \u00a0 \u00a0 \u00a0 \u00a0 \u00a0 \u00a0 \u00a0\u00a0<\/td><td>Service information or product information<br \/>Educational information\u00a0<\/td><\/tr><\/tbody><\/table><p><em>Legal basis: To carry out our contractual obligations towards you.<\/em><\/p><p><em><strong>When you contact us via web form<\/strong><\/em><\/p><table style=\"height: 225px;\" border=\"1\" width=\"578\" cellspacing=\"1\" cellpadding=\"1\"><tbody><tr><td><p><em><strong>Category of tasks<\/strong><\/em><\/p><\/td><td><em><strong>Personal information<\/strong><\/em><\/td><\/tr><tr><td>Company details\u00a0<\/td><td>Company\/Organization\u00a0<\/td><\/tr><tr><td>Contact details\u00a0<\/td><td>Name<br \/>Professional role\/title<br \/>E-mail<br \/>Phone number\u00a0<\/td><\/tr><tr><td>Case information\u00a0<\/td><td>*Message\u00a0 \u00a0 \u00a0 \u00a0 \u00a0 \u00a0 \u00a0 \u00a0 \u00a0 \u00a0 \u00a0 \u00a0 \u00a0 \u00a0\u00a0\u00a0 \u00a0 \u00a0 \u00a0 \u00a0 \u00a0 \u00a0 \u00a0 \u00a0 \u00a0 \u00a0\u00a0<\/td><\/tr><\/tbody><\/table><p><em>Legal basis: Carrying out our contractual obligations towards you and Legitimate interest.<\/em><\/p><p><strong>When you contact us via email and phone<\/strong><\/p><table style=\"height: 224px;\" border=\"1\" width=\"579\" cellspacing=\"1\" cellpadding=\"1\"><tbody><tr><td><p><em><strong>Category of tasks<\/strong><\/em><\/p><\/td><td><em><strong>Personal information<\/strong><\/em><\/td><\/tr><tr><td>Company details\u00a0<\/td><td>Company\/Organization\u00a0<\/td><\/tr><tr><td>Contact details\u00a0<\/td><td>Name<br \/>Professional role\/title<br \/>E-mail<br \/>Phone number\u00a0<\/td><\/tr><tr><td>Case information\u00a0<\/td><td>*Message\u00a0 \u00a0 \u00a0 \u00a0 \u00a0 \u00a0 \u00a0 \u00a0 \u00a0 \u00a0 \u00a0 \u00a0 \u00a0 \u00a0\u00a0 \u00a0 \u00a0 \u00a0 \u00a0 \u00a0 \u00a0 \u00a0 \u00a0 \u00a0 \u00a0 \u00a0\u00a0<\/td><\/tr><\/tbody><\/table><p><em>Legal basis: Carrying out our contractual obligations towards you and Legitimate interest.<\/em><\/p><p><strong>When you receive information or offers from us via newsletters<\/strong><\/p><table style=\"height: 114px;\" border=\"1\" width=\"578\" cellspacing=\"1\" cellpadding=\"1\"><tbody><tr><td><p><em><strong>Category of tasks<\/strong><\/em><\/p><\/td><td><em><strong>Personal information<\/strong><\/em><\/td><\/tr><tr><td>Contact details\u00a0<\/td><td>Name<br \/>E-mail\u00a0 \u00a0 \u00a0 \u00a0 \u00a0 \u00a0 \u00a0 \u00a0 \u00a0 \u00a0 \u00a0 \u00a0 \u00a0 \u00a0 \u00a0 \u00a0 \u00a0 \u00a0 \u00a0\u00a0\u00a0<\/td><\/tr><\/tbody><\/table><p><em>Legal basis: Consent.<\/em><\/p><p><strong>When you are identifiable in images or video that we publish<\/strong><\/p><table style=\"height: 142px;\" border=\"1\" width=\"580\" cellspacing=\"1\" cellpadding=\"1\"><tbody><tr><td><p><em><strong>Category of tasks<\/strong><\/em><\/p><\/td><td><em><strong>Personal information<\/strong><\/em><\/td><\/tr><tr><td>Photo\/video\u00a0<\/td><td>Photographs<br \/>Mingle pictures<br \/>Video films\u00a0 \u00a0 \u00a0\u00a0 \u00a0 \u00a0 \u00a0 \u00a0 \u00a0 \u00a0 \u00a0 \u00a0 \u00a0 \u00a0 \u00a0 \u00a0 \u00a0 \u00a0 \u00a0 \u00a0 \u00a0 \u00a0 \u00a0 \u00a0 \u00a0 \u00a0 \u00a0\u00a0<\/td><\/tr><\/tbody><\/table><p><em>Legal basis: To carry out our contractual obligations towards you or Legitimate interest or Consent.<\/em><\/p><p><strong>When you participate in our quality surveys and customer satisfaction surveys<\/strong><\/p><table style=\"height: 173px;\" border=\"1\" width=\"579\" cellspacing=\"1\" cellpadding=\"1\"><tbody><tr><td><p><em><strong>Category of tasks<\/strong><\/em><\/p><\/td><td><em><strong>Personal information<\/strong><\/em><\/td><\/tr><tr><td>Company details\u00a0<\/td><td>Company\/Organization\u00a0<\/td><\/tr><tr><td>Contact details\u00a0<\/td><td>Name\u00a0<\/td><\/tr><tr><td>Case information\u00a0<\/td><td>Answers and reviews<br \/>*Answers to questions in running text\u00a0 \u00a0 \u00a0 \u00a0 \u00a0 \u00a0\u00a0<\/td><\/tr><\/tbody><\/table><p><em>Legal basis: Carrying out our contractual obligations towards you and Legitimate interest.<\/em><\/p><p><em>Information marked with * means that the information is voluntary and that we only collect it if you have chosen to provide it to us in writing or by telephone.<\/em><\/p><h1><a id=\"Kommer vi dela vidare din information?\" name=\"Kommer vi dela vidare din information?\"><\/a>Will we share your information further?<\/h1><p><em><strong>We will never sell your personal information to third parties without your permission.<br \/><\/strong><\/em>We may transfer to, or share your information with, selected third parties, as follows. We take all reasonable legal, technical and organizational measures to ensure that your information is handled securely and with an adequate level of protection when transferred to or shared with such selected third parties.<\/p><p><strong>Suppliers and subcontractors<\/strong><br \/>We may share your personal data with suppliers or subcontractors for the performance of our contractual obligations to you.<\/p><p><strong>Authorities<\/strong><br \/>We may provide necessary information to authorities if we are required to do so by law or if you have approved us to do so.<\/p><p>The fact that we \u201cmay\u201d in this context does not mean that we automatically do so. Only after careful consideration and against a legal basis will information be shared in appropriate cases.<\/p><p>If DGM or a substantial portion of DGM&#039;s assets are acquired by a third party, personal data about DGM&#039;s customers may be shared with the third party in order for the assignment to be carried out further.<\/p><h1><a id=\"Var behandlar vi dina personuppgifter?\" name=\"Var behandlar vi dina personuppgifter?\"><\/a>Where do we process your personal data?<\/h1><p>We aim to always store your personal data within the EU\/EEA. However, in certain situations it may be processed outside the EU\/EEA by a third party, such as a technology provider or subcontractor. We will always take all reasonable legal, technical and organisational measures to ensure that your information is treated with the same level of protection as is offered within the EU\/EEA.<\/p><h1><a id=\"Hur l\u00e4nge sparar vi dina personuppgifter?\" name=\"Hur l\u00e4nge sparar vi dina personuppgifter?\"><\/a>How long do we store your personal data?<\/h1><p>We save data for as long as necessary to fulfill the purpose for which the information was collected, or to perform our obligations and for as long as required by statutory retention periods, particularly with regard to accounting requirements.<\/p><h1><a id=\"Dina r\u00e4ttigheter\" name=\"Dina r\u00e4ttigheter\"><\/a>Your rights<\/h1><p>As a registered user with us, you have several rights that you should be aware of:<\/p><ul><li>You have the right to request a register extract free of charge, once a year.<\/li><li>You have the right to have your personal data corrected if it is incorrect, incomplete or misleading and the right to restrict the processing of personal data.<\/li><li>You have the right to be deleted (forgotten), but deletion of personal data cannot take place if it is required to fulfill a contract or if other Swedish or European law, court or authority decision states otherwise, and if it is based on legitimate interest. Should you believe that there are no legitimate reasons or that legitimate interest is incorrect, you have the right to object to the processing.<\/li><li>You can withdraw your consent at any time by contacting us.<\/li><li>You can also submit a complaint about the processing to the Swedish Data Protection Authority.<\/li><li>You can object to direct marketing that is not classified as public information.<\/li><\/ul><h1><a id=\"\u00c4ndring av dataskyddspolicyn\" name=\"\u00c4ndring av dataskyddspolicyn\"><\/a>Change of data protection policy<\/h1><p>We may update this privacy policy. We will announce such updates on www.dgm.se and also inform you about the changes that have been made to the policy.<\/p><h1><a id=\"Kontakta oss\" name=\"Kontakta oss\"><\/a>Contact Us<\/h1><p>We have a designated person responsible for data protection issues. For questions about privacy and data protection, please contact us at support@dgm.se or call 054-400 11 00.<br \/>You can also contact us via regular mail, which you then send to DGM Sverige AB, V\u00e5xn\u00e4sgatan 10, 653 40 Karlstad.<\/p><p>The controller of personal data is DGM Sverige AB with corporate registration number: 556598\u20132526, headquartered in Sigtuna, Stockholm County.<\/p><p>DGM&#039;s data protection policy was last updated on 2018-05-02.<\/p><\/div>\n\t\t\t\t<\/div>\n\t\t\t\t<\/div>\n\t\t\t\t<div class=\"elementor-element elementor-element-a117a88 elementor-widget elementor-widget-advant-postlist\" data-id=\"a117a88\" data-element_type=\"widget\" data-widget_type=\"advant-postlist.default\">\n\t\t\t\t<div class=\"elementor-widget-container\">\n\t\t\t        <div class=\"postlist postlist--lila-knapp\">\n            <div class=\"postlist__entries\">\n                            <\/div>\n\t\t<\/div>\n\t\t\t\t<\/div>\n\t\t\t\t<\/div>\n\t\t\t\t\t\t<\/div>\n\t\t\t<\/div>\n\t\t<\/div>\n\t\t\t\t\t\t<\/div>\n\t\t\t<\/div>\n\t\t<\/section>\n\t\t\t\t\t\t<\/div>\n\t\t\t<\/div>\n\t\t<\/div>\n\t\t\t\t\t\t<\/div>\n\t\t\t<\/div>\n\t\t<\/section>\n\t\t\t\t\t\t<\/div>\n\t\t\t<\/div>\n\t\t<\/div>","protected":false},"excerpt":{"rendered":"<p>Hem \/ Om DGM \/ Integritetspolicy Integritetspolicy Det \u00e4r viktigt att du k\u00e4nner dig trygg med hur vi p\u00e5 DGM hanterar dina personuppgifter. Vi skyddar den information som du anf\u00f6rtror oss med, samt f\u00f6ljer de lagar och regler som finns f\u00f6r att skydda din integritet. S\u00e5 h\u00e4r hanterar vi dina personuppgifter F\u00f6r att kunna erbjuda &hellip; <a href=\"https:\/\/test.dgm.se\/en\/om-dgm\/integritetspolicy\/\" data-no-translation=\"\" data-trp-gettext=\"\">Continued<\/a><\/p>","protected":false},"author":3,"featured_media":0,"parent":13714,"menu_order":1,"comment_status":"closed","ping_status":"closed","template":"elementor_header_footer","meta":{"spay_email":""},"yoast_head":"<!-- This site is optimized with the Yoast SEO plugin v18.1 - https:\/\/yoast.com\/wordpress\/plugins\/seo\/ -->\n<title>Integritetspolicy &ndash; Test DGM Sverige<\/title>\n<meta name=\"robots\" content=\"noindex, follow, max-snippet:-1, max-image-preview:large, max-video-preview:-1\" \/>\n<meta property=\"og:locale\" content=\"en_US\" \/>\n<meta property=\"og:type\" content=\"article\" \/>\n<meta property=\"og:title\" content=\"Integritetspolicy &ndash; Test DGM Sverige\" \/>\n<meta property=\"og:description\" content=\"Hem \/ Om DGM \/ Integritetspolicy Integritetspolicy Det \u00e4r viktigt att du k\u00e4nner dig trygg med hur vi p\u00e5 DGM hanterar dina personuppgifter. Vi skyddar den information som du anf\u00f6rtror oss med, samt f\u00f6ljer de lagar och regler som finns f\u00f6r att skydda din integritet. S\u00e5 h\u00e4r hanterar vi dina personuppgifter F\u00f6r att kunna erbjuda &hellip; Continued\" \/>\n<meta property=\"og:url\" content=\"https:\/\/dgm.se\/om-dgm\/integritetspolicy\/\" \/>\n<meta property=\"og:site_name\" content=\"Test DGM Sverige\" \/>\n<meta property=\"article:modified_time\" content=\"2022-01-07T09:44:32+00:00\" \/>\n<meta name=\"twitter:card\" content=\"summary_large_image\" \/>\n<meta name=\"twitter:label1\" content=\"Est. reading time\" \/>\n\t<meta name=\"twitter:data1\" content=\"8 minutes\" \/>\n<script type=\"application\/ld+json\" class=\"yoast-schema-graph\">{\"@context\":\"https:\/\/schema.org\",\"@graph\":[{\"@type\":\"WebSite\",\"@id\":\"https:\/\/test.dgm.se\/#website\",\"url\":\"https:\/\/test.dgm.se\/\",\"name\":\"Test DGM Sverige\",\"description\":\"Din farligt gods-expert\",\"potentialAction\":[{\"@type\":\"SearchAction\",\"target\":{\"@type\":\"EntryPoint\",\"urlTemplate\":\"https:\/\/test.dgm.se\/?s={search_term_string}\"},\"query-input\":\"required name=search_term_string\"}],\"inLanguage\":\"en-US\"},{\"@type\":\"WebPage\",\"@id\":\"https:\/\/dgm.se\/om-dgm\/integritetspolicy\/#webpage\",\"url\":\"https:\/\/dgm.se\/om-dgm\/integritetspolicy\/\",\"name\":\"Integritetspolicy &ndash; Test DGM Sverige\",\"isPartOf\":{\"@id\":\"https:\/\/test.dgm.se\/#website\"},\"datePublished\":\"2020-11-29T01:13:52+00:00\",\"dateModified\":\"2022-01-07T09:44:32+00:00\",\"breadcrumb\":{\"@id\":\"https:\/\/dgm.se\/om-dgm\/integritetspolicy\/#breadcrumb\"},\"inLanguage\":\"en-US\",\"potentialAction\":[{\"@type\":\"ReadAction\",\"target\":[\"https:\/\/dgm.se\/om-dgm\/integritetspolicy\/\"]}]},{\"@type\":\"BreadcrumbList\",\"@id\":\"https:\/\/dgm.se\/om-dgm\/integritetspolicy\/#breadcrumb\",\"itemListElement\":[{\"@type\":\"ListItem\",\"position\":1,\"name\":\"\",\"item\":\"https:\/\/test.dgm.se\/\"},{\"@type\":\"ListItem\",\"position\":2,\"name\":\"Om DGM\",\"item\":\"https:\/\/dgm.se\/om-dgm\/\"},{\"@type\":\"ListItem\",\"position\":3,\"name\":\"Integritetspolicy\"}]}]}<\/script>\n<!-- \/ Yoast SEO plugin. -->","yoast_head_json":{"title":"Integritetspolicy &ndash; Test DGM Sverige","robots":{"index":"noindex","follow":"follow","max-snippet":"max-snippet:-1","max-image-preview":"max-image-preview:large","max-video-preview":"max-video-preview:-1"},"og_locale":"en_US","og_type":"article","og_title":"Integritetspolicy &ndash; Test DGM Sverige","og_description":"Hem \/ Om DGM \/ Integritetspolicy Integritetspolicy Det \u00e4r viktigt att du k\u00e4nner dig trygg med hur vi p\u00e5 DGM hanterar dina personuppgifter. Vi skyddar den information som du anf\u00f6rtror oss med, samt f\u00f6ljer de lagar och regler som finns f\u00f6r att skydda din integritet. S\u00e5 h\u00e4r hanterar vi dina personuppgifter F\u00f6r att kunna erbjuda &hellip; Continued","og_url":"https:\/\/dgm.se\/om-dgm\/integritetspolicy\/","og_site_name":"Test DGM Sverige","article_modified_time":"2022-01-07T09:44:32+00:00","twitter_card":"summary_large_image","twitter_misc":{"Est. reading time":"8 minutes"},"schema":{"@context":"https:\/\/schema.org","@graph":[{"@type":"WebSite","@id":"https:\/\/test.dgm.se\/#website","url":"https:\/\/test.dgm.se\/","name":"Test DGM Sverige","description":"Din farligt gods-expert","potentialAction":[{"@type":"SearchAction","target":{"@type":"EntryPoint","urlTemplate":"https:\/\/test.dgm.se\/?s={search_term_string}"},"query-input":"required name=search_term_string"}],"inLanguage":"en-US"},{"@type":"WebPage","@id":"https:\/\/dgm.se\/om-dgm\/integritetspolicy\/#webpage","url":"https:\/\/dgm.se\/om-dgm\/integritetspolicy\/","name":"Integritetspolicy &ndash; Test DGM Sverige","isPartOf":{"@id":"https:\/\/test.dgm.se\/#website"},"datePublished":"2020-11-29T01:13:52+00:00","dateModified":"2022-01-07T09:44:32+00:00","breadcrumb":{"@id":"https:\/\/dgm.se\/om-dgm\/integritetspolicy\/#breadcrumb"},"inLanguage":"en-US","potentialAction":[{"@type":"ReadAction","target":["https:\/\/dgm.se\/om-dgm\/integritetspolicy\/"]}]},{"@type":"BreadcrumbList","@id":"https:\/\/dgm.se\/om-dgm\/integritetspolicy\/#breadcrumb","itemListElement":[{"@type":"ListItem","position":1,"name":"","item":"https:\/\/test.dgm.se\/"},{"@type":"ListItem","position":2,"name":"Om DGM","item":"https:\/\/dgm.se\/om-dgm\/"},{"@type":"ListItem","position":3,"name":"Integritetspolicy"}]}]}},"_links":{"self":[{"href":"https:\/\/test.dgm.se\/en\/wp-json\/wp\/v2\/pages\/13876"}],"collection":[{"href":"https:\/\/test.dgm.se\/en\/wp-json\/wp\/v2\/pages"}],"about":[{"href":"https:\/\/test.dgm.se\/en\/wp-json\/wp\/v2\/types\/page"}],"author":[{"embeddable":true,"href":"https:\/\/test.dgm.se\/en\/wp-json\/wp\/v2\/users\/3"}],"replies":[{"embeddable":true,"href":"https:\/\/test.dgm.se\/en\/wp-json\/wp\/v2\/comments?post=13876"}],"version-history":[{"count":10,"href":"https:\/\/test.dgm.se\/en\/wp-json\/wp\/v2\/pages\/13876\/revisions"}],"predecessor-version":[{"id":14776,"href":"https:\/\/test.dgm.se\/en\/wp-json\/wp\/v2\/pages\/13876\/revisions\/14776"}],"up":[{"embeddable":true,"href":"https:\/\/test.dgm.se\/en\/wp-json\/wp\/v2\/pages\/13714"}],"wp:attachment":[{"href":"https:\/\/test.dgm.se\/en\/wp-json\/wp\/v2\/media?parent=13876"}],"curies":[{"name":"wp","href":"https:\/\/api.w.org\/{rel}","templated":true}]}}