{"id":13954,"date":"2020-11-29T21:22:13","date_gmt":"2020-11-29T20:22:13","guid":{"rendered":"https:\/\/dgm.advanttest.se\/?page_id=13954"},"modified":"2020-11-30T12:31:17","modified_gmt":"2020-11-30T11:31:17","slug":"sakerhetsdatablad","status":"publish","type":"page","link":"https:\/\/test.dgm.se\/en\/allt-om-farligt-gods\/sakerhetsdatablad\/","title":{"rendered":"Safety data sheet"},"content":{"rendered":"<div data-elementor-type=\"wp-page\" data-elementor-id=\"13954\" class=\"elementor elementor-13954\" data-elementor-settings=\"[]\">\n\t\t\t<div class=\"elementor-inner\">\n\t\t\t\t<div class=\"elementor-section-wrap\">\n\t\t\t\t\t\t\t<section class=\"elementor-element elementor-element-8323e0e elementor-section-boxed elementor-section-height-default elementor-section-height-default elementor-section elementor-top-section\" data-id=\"8323e0e\" data-element_type=\"section\">\n\t\t\t\t\t\t<div class=\"elementor-container elementor-column-gap-default\">\n\t\t\t\t<div class=\"elementor-row\">\n\t\t\t\t<div class=\"elementor-element elementor-element-154ef16 elementor-column elementor-col-100 elementor-top-column\" data-id=\"154ef16\" data-element_type=\"column\">\n\t\t\t<div class=\"elementor-column-wrap  elementor-element-populated\">\n\t\t\t\t\t<div class=\"elementor-widget-wrap\">\n\t\t\t\t<div class=\"elementor-element elementor-element-3a49a80 elementor-widget elementor-widget-advant-breadcrumbs\" data-id=\"3a49a80\" data-element_type=\"widget\" data-widget_type=\"advant-breadcrumbs.default\">\n\t\t\t\t<div class=\"elementor-widget-container\">\n\t\t\t\n        \t\t\n\t\t\t<nav class=\"bc-wrapper\">\n\t\t\t<nav aria-label=\"Breadcrumbs\" class=\"breadcrumb\">\n\t\t\t\t\t\t\t\t\t\t\t\t\t\t\t<a class=\"bc-home\" style=\"text-decoration: none;\" href=\"https:\/\/test.dgm.se\/en\"><i class=\"fa fa-home\"><\/i><\/a> \n\t\t\t\t\t\t\t\t\t\t<a class=\"bc-home\" href=\"https:\/\/test.dgm.se\/en\">Home<\/a>\n\t\t\t\t\t<span class=\"bc-separator\"> \/ <\/span>\n\t\t\t\t\n\t\t\t\t<a href=\"https:\/\/test.dgm.se\/en\/allt-om-farligt-gods\/\" class=\"bc-trail\">Everything about dangerous goods<\/a><span class=\"bc-separator\"> \/ <\/span><span class=\"bc-current\">Safety data sheet<\/span>\n\t\t\t<\/nav>\n\t\t\t<\/div>\n\t\t\t\n                <style>\n        .elementor-widget-advant-breadcrumbs {\n        }\n        <\/style>\n                \t\t<\/div>\n\t\t\t\t<\/div>\n\t\t\t\t\t\t<\/div>\n\t\t\t<\/div>\n\t\t<\/div>\n\t\t\t\t\t\t<\/div>\n\t\t\t<\/div>\n\t\t<\/section>\n\t\t\t\t<section class=\"elementor-element elementor-element-325a0de0 elementor-section-boxed elementor-section-height-default elementor-section-height-default elementor-section elementor-top-section\" data-id=\"325a0de0\" data-element_type=\"section\">\n\t\t\t\t\t\t<div class=\"elementor-container elementor-column-gap-default\">\n\t\t\t\t<div class=\"elementor-row\">\n\t\t\t\t<div class=\"elementor-element elementor-element-36276381 elementor-column elementor-col-100 elementor-top-column\" data-id=\"36276381\" data-element_type=\"column\">\n\t\t\t<div class=\"elementor-column-wrap  elementor-element-populated\">\n\t\t\t\t\t<div class=\"elementor-widget-wrap\">\n\t\t\t\t<section class=\"elementor-element elementor-element-5abee5a3 elementor-section-boxed elementor-section-height-default elementor-section-height-default elementor-section elementor-inner-section\" data-id=\"5abee5a3\" data-element_type=\"section\">\n\t\t\t\t\t\t<div class=\"elementor-container elementor-column-gap-default\">\n\t\t\t\t<div class=\"elementor-row\">\n\t\t\t\t<div class=\"elementor-element elementor-element-63a197 elementor-column elementor-col-100 elementor-inner-column\" data-id=\"63a197\" data-element_type=\"column\">\n\t\t\t<div class=\"elementor-column-wrap  elementor-element-populated\">\n\t\t\t\t\t<div class=\"elementor-widget-wrap\">\n\t\t\t\t<div class=\"elementor-element elementor-element-5c50e38c elementor-widget elementor-widget-heading\" data-id=\"5c50e38c\" data-element_type=\"widget\" data-widget_type=\"heading.default\">\n\t\t\t\t<div class=\"elementor-widget-container\">\n\t\t\t<h1 class=\"elementor-heading-title elementor-size-default\">Safety data sheet<\/h1>\t\t<\/div>\n\t\t\t\t<\/div>\n\t\t\t\t<div class=\"elementor-element elementor-element-40b8f5d1 elementor-widget elementor-widget-text-editor\" data-id=\"40b8f5d1\" data-element_type=\"widget\" data-widget_type=\"text-editor.default\">\n\t\t\t\t<div class=\"elementor-widget-container\">\n\t\t\t\t\t<div class=\"elementor-text-editor elementor-clearfix\"><p><strong>The purpose of the safety data sheet is for a supplier to provide the recipient with information about the hazardous properties of the product, the risks and the protective measures to be taken. Most products classified as dangerous goods fall under the requirements for safety data sheets, which means that this document is extremely important for anyone who prepares or handles dangerous goods. Who is obliged to provide these safety data sheets is stated in the rules on safety data sheets found in Title IV (Information in the supply chain) of the REACH Regulation.<\/strong><\/p><p>The safety data sheets must be structured in the following 16 standardized sections and contain all information that is important for preventing damage to people and the environment.<\/p><p>1. The name of the substance\/mixture and the company\/undertaking.<br \/>2. Hazardous properties.<br \/>3. Composition\/information on ingredients.<br \/>4. First aid measures.<br \/>5. Firefighting measures.<br \/>6. Accidental release measures.<br \/>7. Handling and storage.<br \/>8. Exposure controls\/personal protection.<br \/>9. Physical and chemical properties.<br \/>10. Stability and reactivity.<br \/>11. Toxicological information.<br \/>12. Ecological information.<br \/>13. Waste management.<br \/>14. Transportation information.<br \/>15. Applicable regulations.<br \/>16. Other information.\u00a0<\/p><p>You can get more information about the different parts by downloading the Swedish Chemicals Agency&#039;s fact sheet.<\/p><\/div>\n\t\t\t\t<\/div>\n\t\t\t\t<\/div>\n\t\t\t\t<div class=\"elementor-element elementor-element-122586c elementor-widget elementor-widget-advant-linkbutton\" data-id=\"122586c\" data-element_type=\"widget\" data-widget_type=\"advant-linkbutton.default\">\n\t\t\t\t<div class=\"elementor-widget-container\">\n\t\t\t\t\t<div class=\"button-wrapper\" onclick=\"window.open('https:\/\/www.kemi.se\/download\/18.6df1d3df171c243fb23762f3\/1590501392829\/faktablad-om-sakerhetsdatablad.pdf', '_blank')\">\n\t\t\t<span class=\"left-icon\">\n\t\t\t\t<i class=\"far fa-file-pdf\"><\/i>\n\t\t\t<\/span>\n\n\t\t\t<span class=\"text\">\n\t\t\t\t<a href=\"javascript:return false;\">The Swedish Chemicals Agency&#039;s fact sheet on safety data sheets<\/a>\n\t\t\t<\/span>\n\n\t\t\t<span class=\"right-icon\">\n\t\t\t\t<i class=\"far fa-arrow-to-bottom\"><\/i>\n\t\t\t<\/span>\n\t\t<\/div>\n\t\t\t\t<\/div>\n\t\t\t\t<\/div>\n\t\t\t\t<div class=\"elementor-element elementor-element-3a94532 elementor-widget elementor-widget-text-editor\" data-id=\"3a94532\" data-element_type=\"widget\" data-widget_type=\"text-editor.default\">\n\t\t\t\t<div class=\"elementor-widget-container\">\n\t\t\t\t\t<div class=\"elementor-text-editor elementor-clearfix\"><p>You can read more about safety data sheets on the Swedish Chemicals Agency&#039;s and ECHA&#039;s information sheets and guidance, which you can find at the links below.<\/p><\/div>\n\t\t\t\t<\/div>\n\t\t\t\t<\/div>\n\t\t\t\t\t\t<\/div>\n\t\t\t<\/div>\n\t\t<\/div>\n\t\t\t\t\t\t<\/div>\n\t\t\t<\/div>\n\t\t<\/section>\n\t\t\t\t<section class=\"elementor-element elementor-element-2f8303bd elementor-section-boxed elementor-section-height-default elementor-section-height-default elementor-section elementor-inner-section\" data-id=\"2f8303bd\" data-element_type=\"section\">\n\t\t\t\t\t\t<div class=\"elementor-container elementor-column-gap-default\">\n\t\t\t\t<div class=\"elementor-row\">\n\t\t\t\t<div class=\"elementor-element elementor-element-5a3a202e elementor-column elementor-col-100 elementor-inner-column\" data-id=\"5a3a202e\" data-element_type=\"column\">\n\t\t\t<div class=\"elementor-column-wrap  elementor-element-populated\">\n\t\t\t\t\t<div class=\"elementor-widget-wrap\">\n\t\t\t\t<div class=\"elementor-element elementor-element-a4ef5c3 elementor-widget elementor-widget-advant-linkbutton\" data-id=\"a4ef5c3\" data-element_type=\"widget\" data-widget_type=\"advant-linkbutton.default\">\n\t\t\t\t<div class=\"elementor-widget-container\">\n\t\t\t\t\t<div class=\"button-wrapper\" onclick=\"window.open('https:\/\/www.kemi.se\/lagar-och-regler\/reach-forordningen\/sakerhetsdatablad', '_blank')\">\n\t\t\t<span class=\"left-icon\">\n\t\t\t\t<i class=\"far fa-link\"><\/i>\n\t\t\t<\/span>\n\n\t\t\t<span class=\"text\">\n\t\t\t\t<a href=\"javascript:return false;\">The Swedish Chemicals Agency&#039;s page on safety data sheets<\/a>\n\t\t\t<\/span>\n\n\t\t\t<span class=\"right-icon\">\n\t\t\t\t<i class=\"far fa-chevron-right\"><\/i>\n\t\t\t<\/span>\n\t\t<\/div>\n\t\t\t\t<\/div>\n\t\t\t\t<\/div>\n\t\t\t\t<div class=\"elementor-element elementor-element-bb5d111 elementor-widget elementor-widget-advant-linkbutton\" data-id=\"bb5d111\" data-element_type=\"widget\" data-widget_type=\"advant-linkbutton.default\">\n\t\t\t\t<div class=\"elementor-widget-container\">\n\t\t\t\t\t<div class=\"button-wrapper\" onclick=\"window.open('https:\/\/echa.europa.eu\/sv\/safety-data-sheets', '_blank')\">\n\t\t\t<span class=\"left-icon\">\n\t\t\t\t<i class=\"far fa-link\"><\/i>\n\t\t\t<\/span>\n\n\t\t\t<span class=\"text\">\n\t\t\t\t<a href=\"javascript:return false;\">ECHA information page on safety data sheets<\/a>\n\t\t\t<\/span>\n\n\t\t\t<span class=\"right-icon\">\n\t\t\t\t<i class=\"far fa-chevron-right\"><\/i>\n\t\t\t<\/span>\n\t\t<\/div>\n\t\t\t\t<\/div>\n\t\t\t\t<\/div>\n\t\t\t\t<div class=\"elementor-element elementor-element-7621610 elementor-widget elementor-widget-advant--back\" data-id=\"7621610\" data-element_type=\"widget\" data-widget_type=\"advant--back.default\">\n\t\t\t\t<div class=\"elementor-widget-container\">\n\t\t\t\n\t\t<div class=\"elementor-widget-back\">\n            <i class=\"fal fa-angle-left\" aria-hidden=\"true\"><\/i>\n\n\t\t    <a href=\"https:\/\/dgm.se\/allt-om-farligt-gods\/allt-om-farligt-gods-undersida\/\">Back to All about dangerous goods<\/a>\n\t\t<\/div>\n\n\t\t\t\t<\/div>\n\t\t\t\t<\/div>\n\t\t\t\t\t\t<\/div>\n\t\t\t<\/div>\n\t\t<\/div>\n\t\t\t\t\t\t<\/div>\n\t\t\t<\/div>\n\t\t<\/section>\n\t\t\t\t\t\t<\/div>\n\t\t\t<\/div>\n\t\t<\/div>\n\t\t\t\t\t\t<\/div>\n\t\t\t<\/div>\n\t\t<\/section>\n\t\t\t\t\t\t<\/div>\n\t\t\t<\/div>\n\t\t<\/div>","protected":false},"excerpt":{"rendered":"<p>Hem \/ Allt om farligt gods \/ S\u00e4kerhetsdatablad S\u00e4kerhetsdatablad S\u00e4kerhetsdatabladet syftar till att en leverant\u00f6r ska ge mottagaren ge information om produktens farliga egenskaper, risker och de skydds\u00e5tg\u00e4rder som ska vidtas. De flesta produkter som klassificeras som farligt gods faller in under kraven om s\u00e4kerhetsdatablad, vilket inneb\u00e4r att detta dokument \u00e4r oerh\u00f6rt viktigt f\u00f6r den &hellip; <a href=\"https:\/\/test.dgm.se\/en\/allt-om-farligt-gods\/sakerhetsdatablad\/\" data-no-translation=\"\" data-trp-gettext=\"\">Continued<\/a><\/p>","protected":false},"author":3,"featured_media":0,"parent":1044,"menu_order":1,"comment_status":"closed","ping_status":"closed","template":"elementor_header_footer","meta":{"spay_email":""},"yoast_head":"<!-- This site is optimized with the Yoast SEO plugin v18.1 - https:\/\/yoast.com\/wordpress\/plugins\/seo\/ -->\n<title>S\u00e4kerhetsdatablad &ndash; Test DGM Sverige<\/title>\n<meta name=\"robots\" content=\"noindex, follow, max-snippet:-1, max-image-preview:large, max-video-preview:-1\" \/>\n<meta property=\"og:locale\" content=\"en_US\" \/>\n<meta property=\"og:type\" content=\"article\" \/>\n<meta property=\"og:title\" content=\"S\u00e4kerhetsdatablad &ndash; Test DGM Sverige\" \/>\n<meta property=\"og:description\" content=\"Hem \/ Allt om farligt gods \/ S\u00e4kerhetsdatablad S\u00e4kerhetsdatablad S\u00e4kerhetsdatabladet syftar till att en leverant\u00f6r ska ge mottagaren ge information om produktens farliga egenskaper, risker och de skydds\u00e5tg\u00e4rder som ska vidtas. De flesta produkter som klassificeras som farligt gods faller in under kraven om s\u00e4kerhetsdatablad, vilket inneb\u00e4r att detta dokument \u00e4r oerh\u00f6rt viktigt f\u00f6r den &hellip; Continued\" \/>\n<meta property=\"og:url\" content=\"https:\/\/dgm.se\/allt-om-farligt-gods\/sakerhetsdatablad\/\" \/>\n<meta property=\"og:site_name\" content=\"Test DGM Sverige\" \/>\n<meta property=\"article:modified_time\" content=\"2020-11-30T11:31:17+00:00\" \/>\n<meta name=\"twitter:card\" content=\"summary_large_image\" \/>\n<meta name=\"twitter:label1\" content=\"Est. reading time\" \/>\n\t<meta name=\"twitter:data1\" content=\"1 minute\" \/>\n<script type=\"application\/ld+json\" class=\"yoast-schema-graph\">{\"@context\":\"https:\/\/schema.org\",\"@graph\":[{\"@type\":\"WebSite\",\"@id\":\"https:\/\/test.dgm.se\/#website\",\"url\":\"https:\/\/test.dgm.se\/\",\"name\":\"Test DGM Sverige\",\"description\":\"Din farligt gods-expert\",\"potentialAction\":[{\"@type\":\"SearchAction\",\"target\":{\"@type\":\"EntryPoint\",\"urlTemplate\":\"https:\/\/test.dgm.se\/?s={search_term_string}\"},\"query-input\":\"required name=search_term_string\"}],\"inLanguage\":\"en-US\"},{\"@type\":\"WebPage\",\"@id\":\"https:\/\/dgm.se\/allt-om-farligt-gods\/sakerhetsdatablad\/#webpage\",\"url\":\"https:\/\/dgm.se\/allt-om-farligt-gods\/sakerhetsdatablad\/\",\"name\":\"S\u00e4kerhetsdatablad &ndash; Test DGM Sverige\",\"isPartOf\":{\"@id\":\"https:\/\/test.dgm.se\/#website\"},\"datePublished\":\"2020-11-29T20:22:13+00:00\",\"dateModified\":\"2020-11-30T11:31:17+00:00\",\"breadcrumb\":{\"@id\":\"https:\/\/dgm.se\/allt-om-farligt-gods\/sakerhetsdatablad\/#breadcrumb\"},\"inLanguage\":\"en-US\",\"potentialAction\":[{\"@type\":\"ReadAction\",\"target\":[\"https:\/\/dgm.se\/allt-om-farligt-gods\/sakerhetsdatablad\/\"]}]},{\"@type\":\"BreadcrumbList\",\"@id\":\"https:\/\/dgm.se\/allt-om-farligt-gods\/sakerhetsdatablad\/#breadcrumb\",\"itemListElement\":[{\"@type\":\"ListItem\",\"position\":1,\"name\":\"\",\"item\":\"https:\/\/test.dgm.se\/\"},{\"@type\":\"ListItem\",\"position\":2,\"name\":\"Allt om farligt gods\",\"item\":\"https:\/\/dgm.se\/allt-om-farligt-gods\/\"},{\"@type\":\"ListItem\",\"position\":3,\"name\":\"S\u00e4kerhetsdatablad\"}]}]}<\/script>\n<!-- \/ Yoast SEO plugin. -->","yoast_head_json":{"title":"S\u00e4kerhetsdatablad &ndash; Test DGM Sverige","robots":{"index":"noindex","follow":"follow","max-snippet":"max-snippet:-1","max-image-preview":"max-image-preview:large","max-video-preview":"max-video-preview:-1"},"og_locale":"en_US","og_type":"article","og_title":"S\u00e4kerhetsdatablad &ndash; Test DGM Sverige","og_description":"Hem \/ Allt om farligt gods \/ S\u00e4kerhetsdatablad S\u00e4kerhetsdatablad S\u00e4kerhetsdatabladet syftar till att en leverant\u00f6r ska ge mottagaren ge information om produktens farliga egenskaper, risker och de skydds\u00e5tg\u00e4rder som ska vidtas. De flesta produkter som klassificeras som farligt gods faller in under kraven om s\u00e4kerhetsdatablad, vilket inneb\u00e4r att detta dokument \u00e4r oerh\u00f6rt viktigt f\u00f6r den &hellip; Continued","og_url":"https:\/\/dgm.se\/allt-om-farligt-gods\/sakerhetsdatablad\/","og_site_name":"Test DGM Sverige","article_modified_time":"2020-11-30T11:31:17+00:00","twitter_card":"summary_large_image","twitter_misc":{"Est. reading time":"1 minute"},"schema":{"@context":"https:\/\/schema.org","@graph":[{"@type":"WebSite","@id":"https:\/\/test.dgm.se\/#website","url":"https:\/\/test.dgm.se\/","name":"Test DGM Sverige","description":"Din farligt gods-expert","potentialAction":[{"@type":"SearchAction","target":{"@type":"EntryPoint","urlTemplate":"https:\/\/test.dgm.se\/?s={search_term_string}"},"query-input":"required name=search_term_string"}],"inLanguage":"en-US"},{"@type":"WebPage","@id":"https:\/\/dgm.se\/allt-om-farligt-gods\/sakerhetsdatablad\/#webpage","url":"https:\/\/dgm.se\/allt-om-farligt-gods\/sakerhetsdatablad\/","name":"S\u00e4kerhetsdatablad &ndash; Test DGM Sverige","isPartOf":{"@id":"https:\/\/test.dgm.se\/#website"},"datePublished":"2020-11-29T20:22:13+00:00","dateModified":"2020-11-30T11:31:17+00:00","breadcrumb":{"@id":"https:\/\/dgm.se\/allt-om-farligt-gods\/sakerhetsdatablad\/#breadcrumb"},"inLanguage":"en-US","potentialAction":[{"@type":"ReadAction","target":["https:\/\/dgm.se\/allt-om-farligt-gods\/sakerhetsdatablad\/"]}]},{"@type":"BreadcrumbList","@id":"https:\/\/dgm.se\/allt-om-farligt-gods\/sakerhetsdatablad\/#breadcrumb","itemListElement":[{"@type":"ListItem","position":1,"name":"","item":"https:\/\/test.dgm.se\/"},{"@type":"ListItem","position":2,"name":"Allt om farligt gods","item":"https:\/\/dgm.se\/allt-om-farligt-gods\/"},{"@type":"ListItem","position":3,"name":"S\u00e4kerhetsdatablad"}]}]}},"_links":{"self":[{"href":"https:\/\/test.dgm.se\/en\/wp-json\/wp\/v2\/pages\/13954"}],"collection":[{"href":"https:\/\/test.dgm.se\/en\/wp-json\/wp\/v2\/pages"}],"about":[{"href":"https:\/\/test.dgm.se\/en\/wp-json\/wp\/v2\/types\/page"}],"author":[{"embeddable":true,"href":"https:\/\/test.dgm.se\/en\/wp-json\/wp\/v2\/users\/3"}],"replies":[{"embeddable":true,"href":"https:\/\/test.dgm.se\/en\/wp-json\/wp\/v2\/comments?post=13954"}],"version-history":[{"count":10,"href":"https:\/\/test.dgm.se\/en\/wp-json\/wp\/v2\/pages\/13954\/revisions"}],"predecessor-version":[{"id":14079,"href":"https:\/\/test.dgm.se\/en\/wp-json\/wp\/v2\/pages\/13954\/revisions\/14079"}],"up":[{"embeddable":true,"href":"https:\/\/test.dgm.se\/en\/wp-json\/wp\/v2\/pages\/1044"}],"wp:attachment":[{"href":"https:\/\/test.dgm.se\/en\/wp-json\/wp\/v2\/media?parent=13954"}],"curies":[{"name":"wp","href":"https:\/\/api.w.org\/{rel}","templated":true}]}}