{"id":14728,"date":"2022-01-07T10:32:31","date_gmt":"2022-01-07T09:32:31","guid":{"rendered":"https:\/\/dgm.advanttest.se\/?page_id=14728"},"modified":"2022-09-05T15:56:53","modified_gmt":"2022-09-05T13:56:53","slug":"dgm-certifikat","status":"publish","type":"page","link":"https:\/\/test.dgm.se\/en\/om-dgm\/dgm-certifikat\/","title":{"rendered":"DGM Certificate"},"content":{"rendered":"<div data-elementor-type=\"wp-page\" data-elementor-id=\"14728\" class=\"elementor elementor-14728\" data-elementor-settings=\"[]\">\n\t\t\t<div class=\"elementor-inner\">\n\t\t\t\t<div class=\"elementor-section-wrap\">\n\t\t\t\t\t\t\t<section class=\"elementor-element elementor-element-8323e0e elementor-section-boxed elementor-section-height-default elementor-section-height-default elementor-section elementor-top-section\" data-id=\"8323e0e\" data-element_type=\"section\">\n\t\t\t\t\t\t<div class=\"elementor-container elementor-column-gap-default\">\n\t\t\t\t<div class=\"elementor-row\">\n\t\t\t\t<div class=\"elementor-element elementor-element-154ef16 elementor-column elementor-col-100 elementor-top-column\" data-id=\"154ef16\" data-element_type=\"column\">\n\t\t\t<div class=\"elementor-column-wrap  elementor-element-populated\">\n\t\t\t\t\t<div class=\"elementor-widget-wrap\">\n\t\t\t\t<div class=\"elementor-element elementor-element-3a49a80 elementor-widget elementor-widget-advant-breadcrumbs\" data-id=\"3a49a80\" data-element_type=\"widget\" data-widget_type=\"advant-breadcrumbs.default\">\n\t\t\t\t<div class=\"elementor-widget-container\">\n\t\t\t\n        \t\t\n\t\t\t<nav class=\"bc-wrapper\">\n\t\t\t<nav aria-label=\"Breadcrumbs\" class=\"breadcrumb\">\n\t\t\t\t\t\t\t\t\t\t\t\t\t\t\t<a class=\"bc-home\" style=\"text-decoration: none;\" href=\"https:\/\/test.dgm.se\/en\"><i class=\"fa fa-home\"><\/i><\/a> \n\t\t\t\t\t\t\t\t\t\t<a class=\"bc-home\" href=\"https:\/\/test.dgm.se\/en\">Home<\/a>\n\t\t\t\t\t<span class=\"bc-separator\"> \/ <\/span>\n\t\t\t\t\n\t\t\t\t<a href=\"https:\/\/test.dgm.se\/en\/om-dgm\/\" class=\"bc-trail\">About DGM<\/a><span class=\"bc-separator\"> \/ <\/span><span class=\"bc-current\">DGM Certificate<\/span>\n\t\t\t<\/nav>\n\t\t\t<\/div>\n\t\t\t\n                <style>\n        .elementor-widget-advant-breadcrumbs {\n        }\n        <\/style>\n                \t\t<\/div>\n\t\t\t\t<\/div>\n\t\t\t\t\t\t<\/div>\n\t\t\t<\/div>\n\t\t<\/div>\n\t\t\t\t\t\t<\/div>\n\t\t\t<\/div>\n\t\t<\/section>\n\t\t\t\t<section class=\"elementor-element elementor-element-325a0de0 elementor-section-boxed elementor-section-height-default elementor-section-height-default elementor-section elementor-top-section\" data-id=\"325a0de0\" data-element_type=\"section\">\n\t\t\t\t\t\t<div class=\"elementor-container elementor-column-gap-default\">\n\t\t\t\t<div class=\"elementor-row\">\n\t\t\t\t<div class=\"elementor-element elementor-element-36276381 elementor-column elementor-col-100 elementor-top-column\" data-id=\"36276381\" data-element_type=\"column\">\n\t\t\t<div class=\"elementor-column-wrap  elementor-element-populated\">\n\t\t\t\t\t<div class=\"elementor-widget-wrap\">\n\t\t\t\t<section class=\"elementor-element elementor-element-5abee5a3 elementor-section-boxed elementor-section-height-default elementor-section-height-default elementor-section elementor-inner-section\" data-id=\"5abee5a3\" data-element_type=\"section\">\n\t\t\t\t\t\t<div class=\"elementor-container elementor-column-gap-default\">\n\t\t\t\t<div class=\"elementor-row\">\n\t\t\t\t<div class=\"elementor-element elementor-element-63a197 elementor-column elementor-col-100 elementor-inner-column\" data-id=\"63a197\" data-element_type=\"column\">\n\t\t\t<div class=\"elementor-column-wrap  elementor-element-populated\">\n\t\t\t\t\t<div class=\"elementor-widget-wrap\">\n\t\t\t\t<div class=\"elementor-element elementor-element-5c50e38c elementor-widget elementor-widget-heading\" data-id=\"5c50e38c\" data-element_type=\"widget\" data-widget_type=\"heading.default\">\n\t\t\t\t<div class=\"elementor-widget-container\">\n\t\t\t<h1 class=\"elementor-heading-title elementor-size-default\">DGM Certificate<\/h1>\t\t<\/div>\n\t\t\t\t<\/div>\n\t\t\t\t\t\t<\/div>\n\t\t\t<\/div>\n\t\t<\/div>\n\t\t\t\t\t\t<\/div>\n\t\t\t<\/div>\n\t\t<\/section>\n\t\t\t\t<section class=\"elementor-element elementor-element-2f8303bd elementor-section-boxed elementor-section-height-default elementor-section-height-default elementor-section elementor-inner-section\" data-id=\"2f8303bd\" data-element_type=\"section\">\n\t\t\t\t\t\t<div class=\"elementor-container elementor-column-gap-default\">\n\t\t\t\t<div class=\"elementor-row\">\n\t\t\t\t<div class=\"elementor-element elementor-element-5a3a202e elementor-column elementor-col-100 elementor-inner-column\" data-id=\"5a3a202e\" data-element_type=\"column\">\n\t\t\t<div class=\"elementor-column-wrap  elementor-element-populated\">\n\t\t\t\t\t<div class=\"elementor-widget-wrap\">\n\t\t\t\t<div class=\"elementor-element elementor-element-656e8434 elementor-widget elementor-widget-text-editor\" data-id=\"656e8434\" data-element_type=\"widget\" data-widget_type=\"text-editor.default\">\n\t\t\t\t<div class=\"elementor-widget-container\">\n\t\t\t\t\t<div class=\"elementor-text-editor elementor-clearfix\"><p><strong>DGM Sverige AB has several approvals and certificates to work for good quality and a sustainable global society. We always work for increased safety in air freight and to ensure that our products and services contribute to higher safety in the handling and transport of dangerous goods.<\/strong><\/p><p>Our management system covers our entire operation and our offices in Gothenburg, Landvetter, Stockholm-Arlanda and Malm\u00f6.<\/p><p>The management system also includes the requirements for management systems according to ISO 9001:2015 and ISO 14001:2015.<\/p><p><a href=\"https:\/\/dgm.se\/app\/uploads\/2022\/01\/ISO-9001_2015-DGM-Sverige-AB-sv.pdf\" target=\"_blank\" rel=\"noopener\">Certificate ISO 9001:2015<\/a><\/p><p><a href=\"https:\/\/dgm.se\/app\/uploads\/2022\/01\/ISO-14001_2015-DGM-Sverige-AB-14001-sv.pdf\" target=\"_blank\" rel=\"noopener\">Certificate ISO 14001:2015<\/a><\/p><p><a href=\"https:\/\/test.dgm.se\/en\/app\/uploads\/2022\/09\/CBTA-PR-22-0026-DGM-Sweden-AB-Locked.pdf\/\" target=\"_blank\" rel=\"noopener\">Certificate IATA accreditation<\/a><\/p><\/div>\n\t\t\t\t<\/div>\n\t\t\t\t<\/div>\n\t\t\t\t<div class=\"elementor-element elementor-element-a117a88 elementor-widget elementor-widget-advant-postlist\" data-id=\"a117a88\" data-element_type=\"widget\" data-widget_type=\"advant-postlist.default\">\n\t\t\t\t<div class=\"elementor-widget-container\">\n\t\t\t        <div class=\"postlist postlist--lila-knapp\">\n            <div class=\"postlist__entries\">\n                            <\/div>\n\t\t<\/div>\n\t\t\t\t<\/div>\n\t\t\t\t<\/div>\n\t\t\t\t\t\t<\/div>\n\t\t\t<\/div>\n\t\t<\/div>\n\t\t\t\t\t\t<\/div>\n\t\t\t<\/div>\n\t\t<\/section>\n\t\t\t\t\t\t<\/div>\n\t\t\t<\/div>\n\t\t<\/div>\n\t\t\t\t\t\t<\/div>\n\t\t\t<\/div>\n\t\t<\/section>\n\t\t\t\t\t\t<\/div>\n\t\t\t<\/div>\n\t\t<\/div>","protected":false},"excerpt":{"rendered":"<p>Hem \/ Om DGM \/ DGM Certifikat DGM Certifikat DGM Sverige AB har flera godk\u00e4nnanden och certifikat f\u00f6r att verka f\u00f6r god kvalit\u00e9 och ett h\u00e5llbart globalt samh\u00e4lle. Vi arbetar alltid f\u00f6r en \u00f6kad s\u00e4kerhet inom flygfrakt samt att se till att v\u00e5ra produkter och tj\u00e4nster bidrar till en h\u00f6gre s\u00e4kerhet vid hantering och transport &hellip; <a href=\"https:\/\/test.dgm.se\/en\/om-dgm\/dgm-certifikat\/\" data-no-translation=\"\" data-trp-gettext=\"\">Continued<\/a><\/p>","protected":false},"author":4,"featured_media":0,"parent":13714,"menu_order":0,"comment_status":"closed","ping_status":"closed","template":"elementor_header_footer","meta":{"spay_email":""},"yoast_head":"<!-- This site is optimized with the Yoast SEO plugin v18.1 - https:\/\/yoast.com\/wordpress\/plugins\/seo\/ -->\n<title>DGM Certifikat &ndash; Test DGM Sverige<\/title>\n<meta name=\"robots\" content=\"noindex, follow, max-snippet:-1, max-image-preview:large, max-video-preview:-1\" \/>\n<meta property=\"og:locale\" content=\"en_US\" \/>\n<meta property=\"og:type\" content=\"article\" \/>\n<meta property=\"og:title\" content=\"DGM Certifikat &ndash; Test DGM Sverige\" \/>\n<meta property=\"og:description\" content=\"Hem \/ Om DGM \/ DGM Certifikat DGM Certifikat DGM Sverige AB har flera godk\u00e4nnanden och certifikat f\u00f6r att verka f\u00f6r god kvalit\u00e9 och ett h\u00e5llbart globalt samh\u00e4lle. Vi arbetar alltid f\u00f6r en \u00f6kad s\u00e4kerhet inom flygfrakt samt att se till att v\u00e5ra produkter och tj\u00e4nster bidrar till en h\u00f6gre s\u00e4kerhet vid hantering och transport &hellip; Continued\" \/>\n<meta property=\"og:url\" content=\"https:\/\/test.dgm.se\/en\/om-dgm\/dgm-certifikat\/\" \/>\n<meta property=\"og:site_name\" content=\"Test DGM Sverige\" \/>\n<meta property=\"article:modified_time\" content=\"2022-09-05T13:56:53+00:00\" \/>\n<meta name=\"twitter:card\" content=\"summary_large_image\" \/>\n<meta name=\"twitter:label1\" content=\"Est. reading time\" \/>\n\t<meta name=\"twitter:data1\" content=\"1 minute\" \/>\n<script type=\"application\/ld+json\" class=\"yoast-schema-graph\">{\"@context\":\"https:\/\/schema.org\",\"@graph\":[{\"@type\":\"WebSite\",\"@id\":\"https:\/\/test.dgm.se\/#website\",\"url\":\"https:\/\/test.dgm.se\/\",\"name\":\"Test DGM Sverige\",\"description\":\"Din farligt gods-expert\",\"potentialAction\":[{\"@type\":\"SearchAction\",\"target\":{\"@type\":\"EntryPoint\",\"urlTemplate\":\"https:\/\/test.dgm.se\/?s={search_term_string}\"},\"query-input\":\"required name=search_term_string\"}],\"inLanguage\":\"en-US\"},{\"@type\":\"WebPage\",\"@id\":\"https:\/\/test.dgm.se\/om-dgm\/dgm-certifikat\/#webpage\",\"url\":\"https:\/\/test.dgm.se\/om-dgm\/dgm-certifikat\/\",\"name\":\"DGM Certifikat &ndash; Test DGM Sverige\",\"isPartOf\":{\"@id\":\"https:\/\/test.dgm.se\/#website\"},\"datePublished\":\"2022-01-07T09:32:31+00:00\",\"dateModified\":\"2022-09-05T13:56:53+00:00\",\"breadcrumb\":{\"@id\":\"https:\/\/test.dgm.se\/om-dgm\/dgm-certifikat\/#breadcrumb\"},\"inLanguage\":\"en-US\",\"potentialAction\":[{\"@type\":\"ReadAction\",\"target\":[\"https:\/\/test.dgm.se\/om-dgm\/dgm-certifikat\/\"]}]},{\"@type\":\"BreadcrumbList\",\"@id\":\"https:\/\/test.dgm.se\/om-dgm\/dgm-certifikat\/#breadcrumb\",\"itemListElement\":[{\"@type\":\"ListItem\",\"position\":1,\"name\":\"\",\"item\":\"https:\/\/test.dgm.se\/\"},{\"@type\":\"ListItem\",\"position\":2,\"name\":\"Om DGM\",\"item\":\"https:\/\/dgm.se\/om-dgm\/\"},{\"@type\":\"ListItem\",\"position\":3,\"name\":\"DGM Certifikat\"}]}]}<\/script>\n<!-- \/ Yoast SEO plugin. -->","yoast_head_json":{"title":"DGM Certifikat &ndash; Test DGM Sverige","robots":{"index":"noindex","follow":"follow","max-snippet":"max-snippet:-1","max-image-preview":"max-image-preview:large","max-video-preview":"max-video-preview:-1"},"og_locale":"en_US","og_type":"article","og_title":"DGM Certifikat &ndash; Test DGM Sverige","og_description":"Hem \/ Om DGM \/ DGM Certifikat DGM Certifikat DGM Sverige AB har flera godk\u00e4nnanden och certifikat f\u00f6r att verka f\u00f6r god kvalit\u00e9 och ett h\u00e5llbart globalt samh\u00e4lle. Vi arbetar alltid f\u00f6r en \u00f6kad s\u00e4kerhet inom flygfrakt samt att se till att v\u00e5ra produkter och tj\u00e4nster bidrar till en h\u00f6gre s\u00e4kerhet vid hantering och transport &hellip; Continued","og_url":"https:\/\/test.dgm.se\/en\/om-dgm\/dgm-certifikat\/","og_site_name":"Test DGM Sverige","article_modified_time":"2022-09-05T13:56:53+00:00","twitter_card":"summary_large_image","twitter_misc":{"Est. reading time":"1 minute"},"schema":{"@context":"https:\/\/schema.org","@graph":[{"@type":"WebSite","@id":"https:\/\/test.dgm.se\/#website","url":"https:\/\/test.dgm.se\/","name":"Test DGM Sverige","description":"Din farligt gods-expert","potentialAction":[{"@type":"SearchAction","target":{"@type":"EntryPoint","urlTemplate":"https:\/\/test.dgm.se\/?s={search_term_string}"},"query-input":"required name=search_term_string"}],"inLanguage":"en-US"},{"@type":"WebPage","@id":"https:\/\/test.dgm.se\/om-dgm\/dgm-certifikat\/#webpage","url":"https:\/\/test.dgm.se\/om-dgm\/dgm-certifikat\/","name":"DGM Certifikat &ndash; Test DGM Sverige","isPartOf":{"@id":"https:\/\/test.dgm.se\/#website"},"datePublished":"2022-01-07T09:32:31+00:00","dateModified":"2022-09-05T13:56:53+00:00","breadcrumb":{"@id":"https:\/\/test.dgm.se\/om-dgm\/dgm-certifikat\/#breadcrumb"},"inLanguage":"en-US","potentialAction":[{"@type":"ReadAction","target":["https:\/\/test.dgm.se\/om-dgm\/dgm-certifikat\/"]}]},{"@type":"BreadcrumbList","@id":"https:\/\/test.dgm.se\/om-dgm\/dgm-certifikat\/#breadcrumb","itemListElement":[{"@type":"ListItem","position":1,"name":"","item":"https:\/\/test.dgm.se\/"},{"@type":"ListItem","position":2,"name":"Om DGM","item":"https:\/\/dgm.se\/om-dgm\/"},{"@type":"ListItem","position":3,"name":"DGM Certifikat"}]}]}},"_links":{"self":[{"href":"https:\/\/test.dgm.se\/en\/wp-json\/wp\/v2\/pages\/14728"}],"collection":[{"href":"https:\/\/test.dgm.se\/en\/wp-json\/wp\/v2\/pages"}],"about":[{"href":"https:\/\/test.dgm.se\/en\/wp-json\/wp\/v2\/types\/page"}],"author":[{"embeddable":true,"href":"https:\/\/test.dgm.se\/en\/wp-json\/wp\/v2\/users\/4"}],"replies":[{"embeddable":true,"href":"https:\/\/test.dgm.se\/en\/wp-json\/wp\/v2\/comments?post=14728"}],"version-history":[{"count":9,"href":"https:\/\/test.dgm.se\/en\/wp-json\/wp\/v2\/pages\/14728\/revisions"}],"predecessor-version":[{"id":20422,"href":"https:\/\/test.dgm.se\/en\/wp-json\/wp\/v2\/pages\/14728\/revisions\/20422"}],"up":[{"embeddable":true,"href":"https:\/\/test.dgm.se\/en\/wp-json\/wp\/v2\/pages\/13714"}],"wp:attachment":[{"href":"https:\/\/test.dgm.se\/en\/wp-json\/wp\/v2\/media?parent=14728"}],"curies":[{"name":"wp","href":"https:\/\/api.w.org\/{rel}","templated":true}]}}