{"id":1759,"date":"2020-05-26T06:01:13","date_gmt":"2020-05-26T06:01:13","guid":{"rendered":"https:\/\/dgm.advanttest.se\/?page_id=1759"},"modified":"2020-11-29T02:08:18","modified_gmt":"2020-11-29T01:08:18","slug":"un-model-regulations","status":"publish","type":"page","link":"https:\/\/test.dgm.se\/en\/allt-om-farligt-gods\/lagar_och-regler\/un-model-regulations\/","title":{"rendered":"UN model regulations"},"content":{"rendered":"<div data-elementor-type=\"wp-page\" data-elementor-id=\"1759\" class=\"elementor elementor-1759\" data-elementor-settings=\"[]\">\n\t\t\t<div class=\"elementor-inner\">\n\t\t\t\t<div class=\"elementor-section-wrap\">\n\t\t\t\t\t\t\t<section class=\"elementor-element elementor-element-8323e0e elementor-section-boxed elementor-section-height-default elementor-section-height-default elementor-section elementor-top-section\" data-id=\"8323e0e\" data-element_type=\"section\">\n\t\t\t\t\t\t<div class=\"elementor-container elementor-column-gap-default\">\n\t\t\t\t<div class=\"elementor-row\">\n\t\t\t\t<div class=\"elementor-element elementor-element-154ef16 elementor-column elementor-col-100 elementor-top-column\" data-id=\"154ef16\" data-element_type=\"column\">\n\t\t\t<div class=\"elementor-column-wrap  elementor-element-populated\">\n\t\t\t\t\t<div class=\"elementor-widget-wrap\">\n\t\t\t\t<div class=\"elementor-element elementor-element-3a49a80 elementor-widget elementor-widget-advant-breadcrumbs\" data-id=\"3a49a80\" data-element_type=\"widget\" data-widget_type=\"advant-breadcrumbs.default\">\n\t\t\t\t<div class=\"elementor-widget-container\">\n\t\t\t\n        \t\t\n\t\t\t<nav class=\"bc-wrapper\">\n\t\t\t<nav aria-label=\"Breadcrumbs\" class=\"breadcrumb\">\n\t\t\t\t\t\t\t\t\t\t\t\t\t\t\t<a class=\"bc-home\" style=\"text-decoration: none;\" href=\"https:\/\/test.dgm.se\/en\"><i class=\"fa fa-home\"><\/i><\/a> \n\t\t\t\t\t\t\t\t\t\t<a class=\"bc-home\" href=\"https:\/\/test.dgm.se\/en\">Home<\/a>\n\t\t\t\t\t<span class=\"bc-separator\"> \/ <\/span>\n\t\t\t\t\n\t\t\t\t<a href=\"https:\/\/test.dgm.se\/en\/allt-om-farligt-gods\/\" class=\"bc-trail\">Everything about dangerous goods<\/a><span class=\"bc-separator\"> \/ <\/span><a href=\"https:\/\/test.dgm.se\/en\/allt-om-farligt-gods\/lagar_och-regler\/\" class=\"bc-trail\">Laws and regulations<\/a><span class=\"bc-separator\"> \/ <\/span><span class=\"bc-current\">UN model regulations<\/span>\n\t\t\t<\/nav>\n\t\t\t<\/div>\n\t\t\t\n                <style>\n        .elementor-widget-advant-breadcrumbs {\n        }\n        <\/style>\n                \t\t<\/div>\n\t\t\t\t<\/div>\n\t\t\t\t\t\t<\/div>\n\t\t\t<\/div>\n\t\t<\/div>\n\t\t\t\t\t\t<\/div>\n\t\t\t<\/div>\n\t\t<\/section>\n\t\t\t\t<section class=\"elementor-element elementor-element-325a0de0 elementor-section-boxed elementor-section-height-default elementor-section-height-default elementor-section elementor-top-section\" data-id=\"325a0de0\" data-element_type=\"section\">\n\t\t\t\t\t\t<div class=\"elementor-container elementor-column-gap-default\">\n\t\t\t\t<div class=\"elementor-row\">\n\t\t\t\t<div class=\"elementor-element elementor-element-36276381 elementor-column elementor-col-100 elementor-top-column\" data-id=\"36276381\" data-element_type=\"column\">\n\t\t\t<div class=\"elementor-column-wrap  elementor-element-populated\">\n\t\t\t\t\t<div class=\"elementor-widget-wrap\">\n\t\t\t\t<section class=\"elementor-element elementor-element-5abee5a3 elementor-section-boxed elementor-section-height-default elementor-section-height-default elementor-section elementor-inner-section\" data-id=\"5abee5a3\" data-element_type=\"section\">\n\t\t\t\t\t\t<div class=\"elementor-container elementor-column-gap-default\">\n\t\t\t\t<div class=\"elementor-row\">\n\t\t\t\t<div class=\"elementor-element elementor-element-63a197 elementor-column elementor-col-100 elementor-inner-column\" data-id=\"63a197\" data-element_type=\"column\">\n\t\t\t<div class=\"elementor-column-wrap  elementor-element-populated\">\n\t\t\t\t\t<div class=\"elementor-widget-wrap\">\n\t\t\t\t<div class=\"elementor-element elementor-element-5c50e38c elementor-widget elementor-widget-heading\" data-id=\"5c50e38c\" data-element_type=\"widget\" data-widget_type=\"heading.default\">\n\t\t\t\t<div class=\"elementor-widget-container\">\n\t\t\t<h1 class=\"elementor-heading-title elementor-size-default\">UN model regulations<\/h1>\t\t<\/div>\n\t\t\t\t<\/div>\n\t\t\t\t\t\t<\/div>\n\t\t\t<\/div>\n\t\t<\/div>\n\t\t\t\t\t\t<\/div>\n\t\t\t<\/div>\n\t\t<\/section>\n\t\t\t\t<section class=\"elementor-element elementor-element-2f8303bd elementor-section-boxed elementor-section-height-default elementor-section-height-default elementor-section elementor-inner-section\" data-id=\"2f8303bd\" data-element_type=\"section\">\n\t\t\t\t\t\t<div class=\"elementor-container elementor-column-gap-default\">\n\t\t\t\t<div class=\"elementor-row\">\n\t\t\t\t<div class=\"elementor-element elementor-element-5a3a202e elementor-column elementor-col-100 elementor-inner-column\" data-id=\"5a3a202e\" data-element_type=\"column\">\n\t\t\t<div class=\"elementor-column-wrap  elementor-element-populated\">\n\t\t\t\t\t<div class=\"elementor-widget-wrap\">\n\t\t\t\t<div class=\"elementor-element elementor-element-656e8434 elementor-widget elementor-widget-text-editor\" data-id=\"656e8434\" data-element_type=\"widget\" data-widget_type=\"text-editor.default\">\n\t\t\t\t<div class=\"elementor-widget-container\">\n\t\t\t\t\t<div class=\"elementor-text-editor elementor-clearfix\"><p>The recommendations change based on external conditions, such as technological developments, the emergence of new substances and materials and the requirements of modern transport systems. However, the most important and fundamental factor is to ensure the safety of people, property and the environment. The recommendations are addressed to international organisations and countries concerned by the regulation of the transport of dangerous goods. It should be noted that they do not cover the bulk transport of dangerous goods by sea, which is covered by other regulations.<\/p><\/div>\n\t\t\t\t<\/div>\n\t\t\t\t<\/div>\n\t\t\t\t<div class=\"elementor-element elementor-element-3f408e3e elementor-widget elementor-widget-advant-linkbutton\" data-id=\"3f408e3e\" data-element_type=\"widget\" data-widget_type=\"advant-linkbutton.default\">\n\t\t\t\t<div class=\"elementor-widget-container\">\n\t\t\t\t\t<div class=\"button-wrapper\" onclick=\"window.open('http:\/\/www.unece.org\/fileadmin\/DAM\/trans\/danger\/publi\/unrec\/rev21\/ST-SG-AC10-1r21e_Vol1_WEB.pdf', '_blank')\">\n\t\t\t<span class=\"left-icon\">\n\t\t\t\t<i class=\"far fa-file-pdf\"><\/i>\n\t\t\t<\/span>\n\n\t\t\t<span class=\"text\">\n\t\t\t\t<a href=\"javascript:return false;\">Here you will find UN model regulations rev 21 - vol I<\/a>\n\t\t\t<\/span>\n\n\t\t\t<span class=\"right-icon\">\n\t\t\t\t<i class=\"far fa-arrow-to-bottom\"><\/i>\n\t\t\t<\/span>\n\t\t<\/div>\n\t\t\t\t<\/div>\n\t\t\t\t<\/div>\n\t\t\t\t<div class=\"elementor-element elementor-element-d7e46b8 elementor-widget elementor-widget-advant-linkbutton\" data-id=\"d7e46b8\" data-element_type=\"widget\" data-widget_type=\"advant-linkbutton.default\">\n\t\t\t\t<div class=\"elementor-widget-container\">\n\t\t\t\t\t<div class=\"button-wrapper\" onclick=\"window.open('http:\/\/www.unece.org\/fileadmin\/DAM\/trans\/danger\/publi\/unrec\/rev21\/ST-SG-AC10-1r21e_Vol2_WEB.pdf', '_blank')\">\n\t\t\t<span class=\"left-icon\">\n\t\t\t\t<i class=\"far fa-file-pdf\"><\/i>\n\t\t\t<\/span>\n\n\t\t\t<span class=\"text\">\n\t\t\t\t<a href=\"javascript:return false;\">Here you will find UN model regulations rev 21 - vol II<\/a>\n\t\t\t<\/span>\n\n\t\t\t<span class=\"right-icon\">\n\t\t\t\t<i class=\"far fa-arrow-to-bottom\"><\/i>\n\t\t\t<\/span>\n\t\t<\/div>\n\t\t\t\t<\/div>\n\t\t\t\t<\/div>\n\t\t\t\t<div class=\"elementor-element elementor-element-551f28b elementor-widget elementor-widget-advant--back\" data-id=\"551f28b\" data-element_type=\"widget\" data-widget_type=\"advant--back.default\">\n\t\t\t\t<div class=\"elementor-widget-container\">\n\t\t\t\n\t\t<div class=\"elementor-widget-back\">\n            <i class=\"fal fa-angle-left\" aria-hidden=\"true\"><\/i>\n\n\t\t    <a href=\"https:\/\/dgm.se\/allt-om-farligt-gods\/lagar_och-regler\/\">Back to Laws and regulations<\/a>\n\t\t<\/div>\n\n\t\t\t\t<\/div>\n\t\t\t\t<\/div>\n\t\t\t\t\t\t<\/div>\n\t\t\t<\/div>\n\t\t<\/div>\n\t\t\t\t\t\t<\/div>\n\t\t\t<\/div>\n\t\t<\/section>\n\t\t\t\t\t\t<\/div>\n\t\t\t<\/div>\n\t\t<\/div>\n\t\t\t\t\t\t<\/div>\n\t\t\t<\/div>\n\t\t<\/section>\n\t\t\t\t\t\t<\/div>\n\t\t\t<\/div>\n\t\t<\/div>","protected":false},"excerpt":{"rendered":"<p>Hem \/ Allt om farligt gods \/ Lagar och regler \/ UN model regulations UN model regulations Rekommendationerna\u00a0 f\u00f6r\u00e4ndras utifr\u00e5n f\u00f6ruts\u00e4ttningarna i omv\u00e4rlden, s\u00e5som teknisk utveckling, tillkomst av nya \u00e4mnen och material och krav i moderna transportsystem. Den viktigaste och grundl\u00e4ggande faktorn \u00e4r emellertid att garantera s\u00e4kerheten f\u00f6r m\u00e4nniskor, egendom och milj\u00f6. Rekommendationerna riktar sig &hellip; <a href=\"https:\/\/test.dgm.se\/en\/allt-om-farligt-gods\/lagar_och-regler\/un-model-regulations\/\" data-no-translation=\"\" data-trp-gettext=\"\">Continued<\/a><\/p>","protected":false},"author":3,"featured_media":0,"parent":1682,"menu_order":11,"comment_status":"closed","ping_status":"closed","template":"elementor_header_footer","meta":{"spay_email":""},"yoast_head":"<!-- This site is optimized with the Yoast SEO plugin v18.1 - https:\/\/yoast.com\/wordpress\/plugins\/seo\/ -->\n<title>UN model regulations &ndash; Test DGM Sverige<\/title>\n<meta name=\"robots\" content=\"noindex, follow, max-snippet:-1, max-image-preview:large, max-video-preview:-1\" \/>\n<meta property=\"og:locale\" content=\"en_US\" \/>\n<meta property=\"og:type\" content=\"article\" \/>\n<meta property=\"og:title\" content=\"UN model regulations &ndash; Test DGM Sverige\" \/>\n<meta property=\"og:description\" content=\"Hem \/ Allt om farligt gods \/ Lagar och regler \/ UN model regulations UN model regulations Rekommendationerna\u00a0 f\u00f6r\u00e4ndras utifr\u00e5n f\u00f6ruts\u00e4ttningarna i omv\u00e4rlden, s\u00e5som teknisk utveckling, tillkomst av nya \u00e4mnen och material och krav i moderna transportsystem. Den viktigaste och grundl\u00e4ggande faktorn \u00e4r emellertid att garantera s\u00e4kerheten f\u00f6r m\u00e4nniskor, egendom och milj\u00f6. Rekommendationerna riktar sig &hellip; Continued\" \/>\n<meta property=\"og:url\" content=\"https:\/\/dgm.se\/allt-om-farligt-gods\/lagar_och-regler\/un-model-regulations\/\" \/>\n<meta property=\"og:site_name\" content=\"Test DGM Sverige\" \/>\n<meta property=\"article:modified_time\" content=\"2020-11-29T01:08:18+00:00\" \/>\n<meta name=\"twitter:card\" content=\"summary_large_image\" \/>\n<meta name=\"twitter:label1\" content=\"Est. reading time\" \/>\n\t<meta name=\"twitter:data1\" content=\"1 minute\" \/>\n<script type=\"application\/ld+json\" class=\"yoast-schema-graph\">{\"@context\":\"https:\/\/schema.org\",\"@graph\":[{\"@type\":\"WebSite\",\"@id\":\"https:\/\/test.dgm.se\/#website\",\"url\":\"https:\/\/test.dgm.se\/\",\"name\":\"Test DGM Sverige\",\"description\":\"Din farligt gods-expert\",\"potentialAction\":[{\"@type\":\"SearchAction\",\"target\":{\"@type\":\"EntryPoint\",\"urlTemplate\":\"https:\/\/test.dgm.se\/?s={search_term_string}\"},\"query-input\":\"required name=search_term_string\"}],\"inLanguage\":\"en-US\"},{\"@type\":\"WebPage\",\"@id\":\"https:\/\/dgm.se\/allt-om-farligt-gods\/lagar_och-regler\/un-model-regulations\/#webpage\",\"url\":\"https:\/\/dgm.se\/allt-om-farligt-gods\/lagar_och-regler\/un-model-regulations\/\",\"name\":\"UN model regulations &ndash; Test DGM Sverige\",\"isPartOf\":{\"@id\":\"https:\/\/test.dgm.se\/#website\"},\"datePublished\":\"2020-05-26T06:01:13+00:00\",\"dateModified\":\"2020-11-29T01:08:18+00:00\",\"breadcrumb\":{\"@id\":\"https:\/\/dgm.se\/allt-om-farligt-gods\/lagar_och-regler\/un-model-regulations\/#breadcrumb\"},\"inLanguage\":\"en-US\",\"potentialAction\":[{\"@type\":\"ReadAction\",\"target\":[\"https:\/\/dgm.se\/allt-om-farligt-gods\/lagar_och-regler\/un-model-regulations\/\"]}]},{\"@type\":\"BreadcrumbList\",\"@id\":\"https:\/\/dgm.se\/allt-om-farligt-gods\/lagar_och-regler\/un-model-regulations\/#breadcrumb\",\"itemListElement\":[{\"@type\":\"ListItem\",\"position\":1,\"name\":\"\",\"item\":\"https:\/\/test.dgm.se\/\"},{\"@type\":\"ListItem\",\"position\":2,\"name\":\"Allt om farligt gods\",\"item\":\"https:\/\/dgm.se\/allt-om-farligt-gods\/\"},{\"@type\":\"ListItem\",\"position\":3,\"name\":\"Lagar och regler\",\"item\":\"https:\/\/dgm.se\/allt-om-farligt-gods\/lagar_och-regler\/\"},{\"@type\":\"ListItem\",\"position\":4,\"name\":\"UN model regulations\"}]}]}<\/script>\n<!-- \/ Yoast SEO plugin. -->","yoast_head_json":{"title":"UN model regulations &ndash; Test DGM Sverige","robots":{"index":"noindex","follow":"follow","max-snippet":"max-snippet:-1","max-image-preview":"max-image-preview:large","max-video-preview":"max-video-preview:-1"},"og_locale":"en_US","og_type":"article","og_title":"UN model regulations &ndash; Test DGM Sverige","og_description":"Hem \/ Allt om farligt gods \/ Lagar och regler \/ UN model regulations UN model regulations Rekommendationerna\u00a0 f\u00f6r\u00e4ndras utifr\u00e5n f\u00f6ruts\u00e4ttningarna i omv\u00e4rlden, s\u00e5som teknisk utveckling, tillkomst av nya \u00e4mnen och material och krav i moderna transportsystem. Den viktigaste och grundl\u00e4ggande faktorn \u00e4r emellertid att garantera s\u00e4kerheten f\u00f6r m\u00e4nniskor, egendom och milj\u00f6. Rekommendationerna riktar sig &hellip; Continued","og_url":"https:\/\/dgm.se\/allt-om-farligt-gods\/lagar_och-regler\/un-model-regulations\/","og_site_name":"Test DGM Sverige","article_modified_time":"2020-11-29T01:08:18+00:00","twitter_card":"summary_large_image","twitter_misc":{"Est. reading time":"1 minute"},"schema":{"@context":"https:\/\/schema.org","@graph":[{"@type":"WebSite","@id":"https:\/\/test.dgm.se\/#website","url":"https:\/\/test.dgm.se\/","name":"Test DGM Sverige","description":"Din farligt gods-expert","potentialAction":[{"@type":"SearchAction","target":{"@type":"EntryPoint","urlTemplate":"https:\/\/test.dgm.se\/?s={search_term_string}"},"query-input":"required name=search_term_string"}],"inLanguage":"en-US"},{"@type":"WebPage","@id":"https:\/\/dgm.se\/allt-om-farligt-gods\/lagar_och-regler\/un-model-regulations\/#webpage","url":"https:\/\/dgm.se\/allt-om-farligt-gods\/lagar_och-regler\/un-model-regulations\/","name":"UN model regulations &ndash; Test DGM Sverige","isPartOf":{"@id":"https:\/\/test.dgm.se\/#website"},"datePublished":"2020-05-26T06:01:13+00:00","dateModified":"2020-11-29T01:08:18+00:00","breadcrumb":{"@id":"https:\/\/dgm.se\/allt-om-farligt-gods\/lagar_och-regler\/un-model-regulations\/#breadcrumb"},"inLanguage":"en-US","potentialAction":[{"@type":"ReadAction","target":["https:\/\/dgm.se\/allt-om-farligt-gods\/lagar_och-regler\/un-model-regulations\/"]}]},{"@type":"BreadcrumbList","@id":"https:\/\/dgm.se\/allt-om-farligt-gods\/lagar_och-regler\/un-model-regulations\/#breadcrumb","itemListElement":[{"@type":"ListItem","position":1,"name":"","item":"https:\/\/test.dgm.se\/"},{"@type":"ListItem","position":2,"name":"Allt om farligt gods","item":"https:\/\/dgm.se\/allt-om-farligt-gods\/"},{"@type":"ListItem","position":3,"name":"Lagar och regler","item":"https:\/\/dgm.se\/allt-om-farligt-gods\/lagar_och-regler\/"},{"@type":"ListItem","position":4,"name":"UN model regulations"}]}]}},"_links":{"self":[{"href":"https:\/\/test.dgm.se\/en\/wp-json\/wp\/v2\/pages\/1759"}],"collection":[{"href":"https:\/\/test.dgm.se\/en\/wp-json\/wp\/v2\/pages"}],"about":[{"href":"https:\/\/test.dgm.se\/en\/wp-json\/wp\/v2\/types\/page"}],"author":[{"embeddable":true,"href":"https:\/\/test.dgm.se\/en\/wp-json\/wp\/v2\/users\/3"}],"replies":[{"embeddable":true,"href":"https:\/\/test.dgm.se\/en\/wp-json\/wp\/v2\/comments?post=1759"}],"version-history":[{"count":3,"href":"https:\/\/test.dgm.se\/en\/wp-json\/wp\/v2\/pages\/1759\/revisions"}],"predecessor-version":[{"id":13871,"href":"https:\/\/test.dgm.se\/en\/wp-json\/wp\/v2\/pages\/1759\/revisions\/13871"}],"up":[{"embeddable":true,"href":"https:\/\/test.dgm.se\/en\/wp-json\/wp\/v2\/pages\/1682"}],"wp:attachment":[{"href":"https:\/\/test.dgm.se\/en\/wp-json\/wp\/v2\/media?parent=1759"}],"curies":[{"name":"wp","href":"https:\/\/api.w.org\/{rel}","templated":true}]}}