{"id":1861,"date":"2020-02-11T15:26:20","date_gmt":"2020-06-01T15:22:04","guid":{"rendered":"https:\/\/dgm.advanttest.se\/?page_id=1861"},"modified":"2022-01-16T12:28:55","modified_gmt":"2022-01-16T11:28:55","slug":"flyg","status":"publish","type":"page","link":"https:\/\/test.dgm.se\/en\/utbildningar\/flyg\/","title":{"rendered":"Flights (ICAO TI\/IATA DGR)"},"content":{"rendered":"<div data-elementor-type=\"wp-page\" data-elementor-id=\"1861\" class=\"elementor elementor-1861\" data-elementor-settings=\"[]\">\n\t\t\t<div class=\"elementor-inner\">\n\t\t\t\t<div class=\"elementor-section-wrap\">\n\t\t\t\t\t\t\t<section class=\"elementor-element elementor-element-5b274187 elementor-section-full_width elementor-section-content-middle clipped-header elementor-section-height-default elementor-section-height-default elementor-section elementor-top-section\" data-id=\"5b274187\" data-element_type=\"section\" data-settings=\"{&quot;background_background&quot;:&quot;classic&quot;}\">\n\t\t\t\t\t\t\t<div class=\"elementor-background-overlay\"><\/div>\n\t\t\t\t\t\t\t<div class=\"elementor-container elementor-column-gap-default\">\n\t\t\t\t<div class=\"elementor-row\">\n\t\t\t\t<div class=\"elementor-element elementor-element-2332e6fd clipped-subpage elementor-column elementor-col-50 elementor-top-column\" data-id=\"2332e6fd\" data-element_type=\"column\" data-settings=\"{&quot;background_background&quot;:&quot;classic&quot;}\">\n\t\t\t<div class=\"elementor-column-wrap  elementor-element-populated\">\n\t\t\t\t\t<div class=\"elementor-widget-wrap\">\n\t\t\t\t<div class=\"elementor-element elementor-element-508b953e h1-large elementor-widget elementor-widget-heading\" data-id=\"508b953e\" data-element_type=\"widget\" data-widget_type=\"heading.default\">\n\t\t\t\t<div class=\"elementor-widget-container\">\n\t\t\t<h1 class=\"elementor-heading-title elementor-size-default\">Flights (ICAO TI\/IATA DGR)<\/h1>\t\t<\/div>\n\t\t\t\t<\/div>\n\t\t\t\t<div class=\"elementor-element elementor-element-19e56b25 hero-preamble elementor-widget elementor-widget-text-editor\" data-id=\"19e56b25\" data-element_type=\"widget\" data-widget_type=\"text-editor.default\">\n\t\t\t\t<div class=\"elementor-widget-container\">\n\t\t\t\t\t<div class=\"elementor-text-editor elementor-clearfix\"><p>More information about training in air transport<\/p><\/div>\n\t\t\t\t<\/div>\n\t\t\t\t<\/div>\n\t\t\t\t\t\t<\/div>\n\t\t\t<\/div>\n\t\t<\/div>\n\t\t\t\t<div class=\"elementor-element elementor-element-150e984d elementor-column elementor-col-50 elementor-top-column\" data-id=\"150e984d\" data-element_type=\"column\" data-settings=\"{&quot;background_background&quot;:&quot;classic&quot;}\">\n\t\t\t<div class=\"elementor-column-wrap\">\n\t\t\t\t\t<div class=\"elementor-widget-wrap\">\n\t\t\t\t\t\t<\/div>\n\t\t\t<\/div>\n\t\t<\/div>\n\t\t\t\t\t\t<\/div>\n\t\t\t<\/div>\n\t\t<\/section>\n\t\t\t\t<section class=\"elementor-element elementor-element-babd536 elementor-section-boxed elementor-section-height-default elementor-section-height-default elementor-section elementor-top-section\" data-id=\"babd536\" data-element_type=\"section\">\n\t\t\t\t\t\t<div class=\"elementor-container elementor-column-gap-default\">\n\t\t\t\t<div class=\"elementor-row\">\n\t\t\t\t<div class=\"elementor-element elementor-element-40e92dd elementor-column elementor-col-100 elementor-top-column\" data-id=\"40e92dd\" data-element_type=\"column\">\n\t\t\t<div class=\"elementor-column-wrap  elementor-element-populated\">\n\t\t\t\t\t<div class=\"elementor-widget-wrap\">\n\t\t\t\t<div class=\"elementor-element elementor-element-68a8970 elementor-widget elementor-widget-advant-breadcrumbs\" data-id=\"68a8970\" data-element_type=\"widget\" data-widget_type=\"advant-breadcrumbs.default\">\n\t\t\t\t<div class=\"elementor-widget-container\">\n\t\t\t\n        \t\t\n\t\t\t<nav class=\"bc-wrapper\">\n\t\t\t<nav aria-label=\"Breadcrumbs\" class=\"breadcrumb\">\n\t\t\t\t\t\t\t\t\t\t\t\t\t\t\t<a class=\"bc-home\" style=\"text-decoration: none;\" href=\"https:\/\/test.dgm.se\/en\"><i class=\"fa fa-home\"><\/i><\/a> \n\t\t\t\t\t\t\t\t\t\t<a class=\"bc-home\" href=\"https:\/\/test.dgm.se\/en\">Home<\/a>\n\t\t\t\t\t<span class=\"bc-separator\"> \/ <\/span>\n\t\t\t\t\n\t\t\t\t<a href=\"https:\/\/test.dgm.se\/en\/utbildningar\/\" class=\"bc-trail\">Educations<\/a><span class=\"bc-separator\"> \/ <\/span><span class=\"bc-current\">Flights (ICAO TI\/IATA DGR)<\/span>\n\t\t\t<\/nav>\n\t\t\t<\/div>\n\t\t\t\n                <style>\n        .elementor-widget-advant-breadcrumbs {\n        }\n        <\/style>\n                \t\t<\/div>\n\t\t\t\t<\/div>\n\t\t\t\t\t\t<\/div>\n\t\t\t<\/div>\n\t\t<\/div>\n\t\t\t\t\t\t<\/div>\n\t\t\t<\/div>\n\t\t<\/section>\n\t\t\t\t<section class=\"elementor-element elementor-element-4f08317 elementor-section-boxed elementor-section-height-default elementor-section-height-default elementor-section elementor-top-section\" data-id=\"4f08317\" data-element_type=\"section\">\n\t\t\t\t\t\t<div class=\"elementor-container elementor-column-gap-default\">\n\t\t\t\t<div class=\"elementor-row\">\n\t\t\t\t<div class=\"elementor-element elementor-element-e5d6528 elementor-column elementor-col-100 elementor-top-column\" data-id=\"e5d6528\" data-element_type=\"column\">\n\t\t\t<div class=\"elementor-column-wrap  elementor-element-populated\">\n\t\t\t\t\t<div class=\"elementor-widget-wrap\">\n\t\t\t\t<div class=\"elementor-element elementor-element-75a9108 elementor-widget elementor-widget-text-editor\" data-id=\"75a9108\" data-element_type=\"widget\" data-widget_type=\"text-editor.default\">\n\t\t\t\t<div class=\"elementor-widget-container\">\n\t\t\t\t\t<div class=\"elementor-text-editor elementor-clearfix\"><\/div>\n\t\t\t\t<\/div>\n\t\t\t\t<\/div>\n\t\t\t\t\t\t<\/div>\n\t\t\t<\/div>\n\t\t<\/div>\n\t\t\t\t\t\t<\/div>\n\t\t\t<\/div>\n\t\t<\/section>\n\t\t\t\t<section class=\"elementor-element elementor-element-63a2036 elementor-section-boxed elementor-section-height-default elementor-section-height-default elementor-section elementor-top-section\" data-id=\"63a2036\" data-element_type=\"section\">\n\t\t\t\t\t\t<div class=\"elementor-container elementor-column-gap-default\">\n\t\t\t\t<div class=\"elementor-row\">\n\t\t\t\t<div class=\"elementor-element elementor-element-6b66f33 elementor-column elementor-col-100 elementor-top-column\" data-id=\"6b66f33\" data-element_type=\"column\">\n\t\t\t<div class=\"elementor-column-wrap  elementor-element-populated\">\n\t\t\t\t\t<div class=\"elementor-widget-wrap\">\n\t\t\t\t<div class=\"elementor-element elementor-element-c44b27f elementor-widget elementor-widget-advant-postlist\" data-id=\"c44b27f\" data-element_type=\"widget\" data-widget_type=\"advant-postlist.default\">\n\t\t\t\t<div class=\"elementor-widget-container\">\n\t\t\t        <div class=\"postlist postlist--utbildningar-lista\">\n            <div class=\"postlist__entries\">\n                <div class=\"elementor-element puff elementor-cta--skin-classic elementor-animated-content elementor-widget elementor-widget-call-to-action\">\n  <div class=\"elementor-widget-container\">\n    <a href=\"https:\/\/test.dgm.se\/en\/utbildningar\/flyg\/iata-dgr\/\" class=\"elementor-cta\">\n            <div class=\"elementor-cta__content\">\n        <h3 class=\"elementor-cta__title elementor-cta__content-item elementor-content-item\">\n          IATA DGR Initial        <\/h3>\n\n        <div class=\"elementor-cta__description elementor-cta__content-item elementor-content-item\">\n                  <\/div>\n\n        <div class=\"elementor-cta__button-wrapper elementor-cta__content-item elementor-content-item\">\n          <span class=\"elementor-cta__button elementor-button elementor-size-xs\">\n                          Read more\n                      <\/span>\n        <\/div>\n      <\/div>\n    <\/a>\n  <\/div>\n<\/div><div class=\"elementor-element puff elementor-cta--skin-classic elementor-animated-content elementor-widget elementor-widget-call-to-action\">\n  <div class=\"elementor-widget-container\">\n    <a href=\"https:\/\/test.dgm.se\/en\/utbildningar\/flyg\/iata-dgr-recurrent-cat-1\/\" class=\"elementor-cta\">\n            <div class=\"elementor-cta__content\">\n        <h3 class=\"elementor-cta__title elementor-cta__content-item elementor-content-item\">\n          IATA DGR Recurrent        <\/h3>\n\n        <div class=\"elementor-cta__description elementor-cta__content-item elementor-content-item\">\n                  <\/div>\n\n        <div class=\"elementor-cta__button-wrapper elementor-cta__content-item elementor-content-item\">\n          <span class=\"elementor-cta__button elementor-button elementor-size-xs\">\n                          Read more\n                      <\/span>\n        <\/div>\n      <\/div>\n    <\/a>\n  <\/div>\n<\/div><div class=\"elementor-element puff elementor-cta--skin-classic elementor-animated-content elementor-widget elementor-widget-call-to-action\">\n  <div class=\"elementor-widget-container\">\n    <a href=\"https:\/\/test.dgm.se\/en\/utbildningar\/flyg\/iata-dgr-radioactive-material\/\" class=\"elementor-cta\">\n            <div class=\"elementor-cta__content\">\n        <h3 class=\"elementor-cta__title elementor-cta__content-item elementor-content-item\">\n          IATA DGR Radioactive material        <\/h3>\n\n        <div class=\"elementor-cta__description elementor-cta__content-item elementor-content-item\">\n                  <\/div>\n\n        <div class=\"elementor-cta__button-wrapper elementor-cta__content-item elementor-content-item\">\n          <span class=\"elementor-cta__button elementor-button elementor-size-xs\">\n                          Read more\n                      <\/span>\n        <\/div>\n      <\/div>\n    <\/a>\n  <\/div>\n<\/div><div class=\"elementor-element puff elementor-cta--skin-classic elementor-animated-content elementor-widget elementor-widget-call-to-action\">\n  <div class=\"elementor-widget-container\">\n    <a href=\"https:\/\/test.dgm.se\/en\/utbildningar\/flyg\/dry-ice-un1845-torris\/\" class=\"elementor-cta\">\n            <div class=\"elementor-cta__content\">\n        <h3 class=\"elementor-cta__title elementor-cta__content-item elementor-content-item\">\n          Dry Ice UN1845 (Dry Ice)        <\/h3>\n\n        <div class=\"elementor-cta__description elementor-cta__content-item elementor-content-item\">\n                  <\/div>\n\n        <div class=\"elementor-cta__button-wrapper elementor-cta__content-item elementor-content-item\">\n          <span class=\"elementor-cta__button elementor-button elementor-size-xs\">\n                          Read more\n                      <\/span>\n        <\/div>\n      <\/div>\n    <\/a>\n  <\/div>\n<\/div><div class=\"elementor-element puff elementor-cta--skin-classic elementor-animated-content elementor-widget elementor-widget-call-to-action\">\n  <div class=\"elementor-widget-container\">\n    <a href=\"https:\/\/test.dgm.se\/en\/utbildningar\/flyg\/https-dgm-advanttest-se-produkt-kategori-e-learning-iata-dgr\/\" class=\"elementor-cta\">\n            <div class=\"elementor-cta__content\">\n        <h3 class=\"elementor-cta__title elementor-cta__content-item elementor-content-item\">\n          IATA DGR E-learning        <\/h3>\n\n        <div class=\"elementor-cta__description elementor-cta__content-item elementor-content-item\">\n                  <\/div>\n\n        <div class=\"elementor-cta__button-wrapper elementor-cta__content-item elementor-content-item\">\n          <span class=\"elementor-cta__button elementor-button elementor-size-xs\">\n                          Read more\n                      <\/span>\n        <\/div>\n      <\/div>\n    <\/a>\n  <\/div>\n<\/div><div class=\"elementor-element puff elementor-cta--skin-classic elementor-animated-content elementor-widget elementor-widget-call-to-action\">\n  <div class=\"elementor-widget-container\">\n    <a href=\"https:\/\/test.dgm.se\/en\/utbildningar\/flyg\/flyg-e-learning-2\/\" class=\"elementor-cta\">\n            <div class=\"elementor-cta__content\">\n        <h3 class=\"elementor-cta__title elementor-cta__content-item elementor-content-item\">\n          Flight E-learning 2        <\/h3>\n\n        <div class=\"elementor-cta__description elementor-cta__content-item elementor-content-item\">\n                  <\/div>\n\n        <div class=\"elementor-cta__button-wrapper elementor-cta__content-item elementor-content-item\">\n          <span class=\"elementor-cta__button elementor-button elementor-size-xs\">\n                          Read more\n                      <\/span>\n        <\/div>\n      <\/div>\n    <\/a>\n  <\/div>\n<\/div>            <\/div>\n\t\t<\/div>\n\t\t\t\t<\/div>\n\t\t\t\t<\/div>\n\t\t\t\t\t\t<\/div>\n\t\t\t<\/div>\n\t\t<\/div>\n\t\t\t\t\t\t<\/div>\n\t\t\t<\/div>\n\t\t<\/section>\n\t\t\t\t\t\t<\/div>\n\t\t\t<\/div>\n\t\t<\/div>","protected":false},"excerpt":{"rendered":"<p>Mer information om utbildningar inom flygtransport Hem \/ Utbildningar \/ Flyg (ICAO-TI\/IATA-DGR) &nbsp; &nbsp; IATA-DGR Initial (Avs\u00e4ndare, Spedit\u00f6rer &amp; Checkare) L\u00e4s mer &nbsp; IATA-DGR Recurrent (Avs\u00e4ndare, Spedit\u00f6rer &amp; Checkare) L\u00e4s mer &nbsp; IATA-DGR Radioactive material L\u00e4s mer &nbsp; IATA-DGR \u00d6vriga funktioner (l\u00e4nka direkt till webbshop) L\u00e4s mer &nbsp; Dry Ice UN1845 (Torris) L\u00e4s mer<\/p>","protected":false},"author":1,"featured_media":14975,"parent":1113,"menu_order":1,"comment_status":"closed","ping_status":"closed","template":"elementor_header_footer","meta":{"spay_email":""},"yoast_head":"<!-- This site is optimized with the Yoast SEO plugin v18.1 - https:\/\/yoast.com\/wordpress\/plugins\/seo\/ -->\n<title>Flyg (ICAO TI\/IATA DGR) &ndash; Test DGM Sverige<\/title>\n<meta name=\"robots\" content=\"noindex, follow, max-snippet:-1, max-image-preview:large, max-video-preview:-1\" \/>\n<meta property=\"og:locale\" content=\"en_US\" \/>\n<meta property=\"og:type\" content=\"article\" \/>\n<meta property=\"og:title\" content=\"Flyg (ICAO TI\/IATA DGR) &ndash; Test DGM Sverige\" \/>\n<meta property=\"og:description\" content=\"Mer information om utbildningar inom flygtransport Hem \/ Utbildningar \/ Flyg (ICAO-TI\/IATA-DGR) &nbsp; &nbsp; IATA-DGR Initial (Avs\u00e4ndare, Spedit\u00f6rer &amp; Checkare) L\u00e4s mer &nbsp; IATA-DGR Recurrent (Avs\u00e4ndare, Spedit\u00f6rer &amp; Checkare) L\u00e4s mer &nbsp; IATA-DGR Radioactive material L\u00e4s mer &nbsp; IATA-DGR \u00d6vriga funktioner (l\u00e4nka direkt till webbshop) L\u00e4s mer &nbsp; Dry Ice UN1845 (Torris) L\u00e4s mer\" \/>\n<meta property=\"og:url\" content=\"https:\/\/dgm.se\/utbildningar\/flyg\/\" \/>\n<meta property=\"og:site_name\" content=\"Test DGM Sverige\" \/>\n<meta property=\"article:modified_time\" content=\"2022-01-16T11:28:55+00:00\" \/>\n<meta property=\"og:image\" content=\"https:\/\/dgm.se\/app\/uploads\/2022\/01\/Flygplan-i-luften-2160x1440-1.jpg\" \/>\n\t<meta property=\"og:image:width\" content=\"2160\" \/>\n\t<meta property=\"og:image:height\" content=\"600\" \/>\n\t<meta property=\"og:image:type\" content=\"image\/jpeg\" \/>\n<meta name=\"twitter:card\" content=\"summary_large_image\" \/>\n<script type=\"application\/ld+json\" class=\"yoast-schema-graph\">{\"@context\":\"https:\/\/schema.org\",\"@graph\":[{\"@type\":\"WebSite\",\"@id\":\"https:\/\/test.dgm.se\/#website\",\"url\":\"https:\/\/test.dgm.se\/\",\"name\":\"Test DGM Sverige\",\"description\":\"Din farligt gods-expert\",\"potentialAction\":[{\"@type\":\"SearchAction\",\"target\":{\"@type\":\"EntryPoint\",\"urlTemplate\":\"https:\/\/test.dgm.se\/?s={search_term_string}\"},\"query-input\":\"required name=search_term_string\"}],\"inLanguage\":\"en-US\"},{\"@type\":\"ImageObject\",\"@id\":\"https:\/\/dgm.se\/utbildningar\/flyg\/#primaryimage\",\"inLanguage\":\"en-US\",\"url\":\"https:\/\/test.dgm.se\/app\/uploads\/2022\/01\/Flygplan-i-luften-2160x1440-1.jpg\",\"contentUrl\":\"https:\/\/test.dgm.se\/app\/uploads\/2022\/01\/Flygplan-i-luften-2160x1440-1.jpg\",\"width\":2160,\"height\":600},{\"@type\":\"WebPage\",\"@id\":\"https:\/\/dgm.se\/utbildningar\/flyg\/#webpage\",\"url\":\"https:\/\/dgm.se\/utbildningar\/flyg\/\",\"name\":\"Flyg (ICAO TI\/IATA DGR) &ndash; Test DGM Sverige\",\"isPartOf\":{\"@id\":\"https:\/\/test.dgm.se\/#website\"},\"primaryImageOfPage\":{\"@id\":\"https:\/\/dgm.se\/utbildningar\/flyg\/#primaryimage\"},\"datePublished\":\"2020-06-01T15:22:04+00:00\",\"dateModified\":\"2022-01-16T11:28:55+00:00\",\"breadcrumb\":{\"@id\":\"https:\/\/dgm.se\/utbildningar\/flyg\/#breadcrumb\"},\"inLanguage\":\"en-US\",\"potentialAction\":[{\"@type\":\"ReadAction\",\"target\":[\"https:\/\/dgm.se\/utbildningar\/flyg\/\"]}]},{\"@type\":\"BreadcrumbList\",\"@id\":\"https:\/\/dgm.se\/utbildningar\/flyg\/#breadcrumb\",\"itemListElement\":[{\"@type\":\"ListItem\",\"position\":1,\"name\":\"\",\"item\":\"https:\/\/test.dgm.se\/\"},{\"@type\":\"ListItem\",\"position\":2,\"name\":\"Utbildningar\",\"item\":\"https:\/\/dgm.se\/utbildningar\/\"},{\"@type\":\"ListItem\",\"position\":3,\"name\":\"Flyg (ICAO TI\/IATA DGR)\"}]}]}<\/script>\n<!-- \/ Yoast SEO plugin. -->","yoast_head_json":{"title":"Flyg (ICAO TI\/IATA DGR) &ndash; Test DGM Sverige","robots":{"index":"noindex","follow":"follow","max-snippet":"max-snippet:-1","max-image-preview":"max-image-preview:large","max-video-preview":"max-video-preview:-1"},"og_locale":"en_US","og_type":"article","og_title":"Flyg (ICAO TI\/IATA DGR) &ndash; Test DGM Sverige","og_description":"Mer information om utbildningar inom flygtransport Hem \/ Utbildningar \/ Flyg (ICAO-TI\/IATA-DGR) &nbsp; &nbsp; IATA-DGR Initial (Avs\u00e4ndare, Spedit\u00f6rer &amp; Checkare) L\u00e4s mer &nbsp; IATA-DGR Recurrent (Avs\u00e4ndare, Spedit\u00f6rer &amp; Checkare) L\u00e4s mer &nbsp; IATA-DGR Radioactive material L\u00e4s mer &nbsp; IATA-DGR \u00d6vriga funktioner (l\u00e4nka direkt till webbshop) L\u00e4s mer &nbsp; Dry Ice UN1845 (Torris) L\u00e4s mer","og_url":"https:\/\/dgm.se\/utbildningar\/flyg\/","og_site_name":"Test DGM Sverige","article_modified_time":"2022-01-16T11:28:55+00:00","og_image":[{"width":2160,"height":600,"url":"https:\/\/dgm.se\/app\/uploads\/2022\/01\/Flygplan-i-luften-2160x1440-1.jpg","type":"image\/jpeg"}],"twitter_card":"summary_large_image","schema":{"@context":"https:\/\/schema.org","@graph":[{"@type":"WebSite","@id":"https:\/\/test.dgm.se\/#website","url":"https:\/\/test.dgm.se\/","name":"Test DGM Sverige","description":"Din farligt gods-expert","potentialAction":[{"@type":"SearchAction","target":{"@type":"EntryPoint","urlTemplate":"https:\/\/test.dgm.se\/?s={search_term_string}"},"query-input":"required name=search_term_string"}],"inLanguage":"en-US"},{"@type":"ImageObject","@id":"https:\/\/dgm.se\/utbildningar\/flyg\/#primaryimage","inLanguage":"en-US","url":"https:\/\/test.dgm.se\/app\/uploads\/2022\/01\/Flygplan-i-luften-2160x1440-1.jpg","contentUrl":"https:\/\/test.dgm.se\/app\/uploads\/2022\/01\/Flygplan-i-luften-2160x1440-1.jpg","width":2160,"height":600},{"@type":"WebPage","@id":"https:\/\/dgm.se\/utbildningar\/flyg\/#webpage","url":"https:\/\/dgm.se\/utbildningar\/flyg\/","name":"Flyg (ICAO TI\/IATA DGR) &ndash; Test DGM Sverige","isPartOf":{"@id":"https:\/\/test.dgm.se\/#website"},"primaryImageOfPage":{"@id":"https:\/\/dgm.se\/utbildningar\/flyg\/#primaryimage"},"datePublished":"2020-06-01T15:22:04+00:00","dateModified":"2022-01-16T11:28:55+00:00","breadcrumb":{"@id":"https:\/\/dgm.se\/utbildningar\/flyg\/#breadcrumb"},"inLanguage":"en-US","potentialAction":[{"@type":"ReadAction","target":["https:\/\/dgm.se\/utbildningar\/flyg\/"]}]},{"@type":"BreadcrumbList","@id":"https:\/\/dgm.se\/utbildningar\/flyg\/#breadcrumb","itemListElement":[{"@type":"ListItem","position":1,"name":"","item":"https:\/\/test.dgm.se\/"},{"@type":"ListItem","position":2,"name":"Utbildningar","item":"https:\/\/dgm.se\/utbildningar\/"},{"@type":"ListItem","position":3,"name":"Flyg (ICAO TI\/IATA DGR)"}]}]}},"_links":{"self":[{"href":"https:\/\/test.dgm.se\/en\/wp-json\/wp\/v2\/pages\/1861"}],"collection":[{"href":"https:\/\/test.dgm.se\/en\/wp-json\/wp\/v2\/pages"}],"about":[{"href":"https:\/\/test.dgm.se\/en\/wp-json\/wp\/v2\/types\/page"}],"author":[{"embeddable":true,"href":"https:\/\/test.dgm.se\/en\/wp-json\/wp\/v2\/users\/1"}],"replies":[{"embeddable":true,"href":"https:\/\/test.dgm.se\/en\/wp-json\/wp\/v2\/comments?post=1861"}],"version-history":[{"count":15,"href":"https:\/\/test.dgm.se\/en\/wp-json\/wp\/v2\/pages\/1861\/revisions"}],"predecessor-version":[{"id":14901,"href":"https:\/\/test.dgm.se\/en\/wp-json\/wp\/v2\/pages\/1861\/revisions\/14901"}],"up":[{"embeddable":true,"href":"https:\/\/test.dgm.se\/en\/wp-json\/wp\/v2\/pages\/1113"}],"wp:featuredmedia":[{"embeddable":true,"href":"https:\/\/test.dgm.se\/en\/wp-json\/wp\/v2\/media\/14975"}],"wp:attachment":[{"href":"https:\/\/test.dgm.se\/en\/wp-json\/wp\/v2\/media?parent=1861"}],"curies":[{"name":"wp","href":"https:\/\/api.w.org\/{rel}","templated":true}]}}