{"id":331,"date":"2020-02-14T12:35:43","date_gmt":"2020-02-14T12:35:43","guid":{"rendered":"https:\/\/dgm-poc.test\/?page_id=331"},"modified":"2022-01-17T16:45:20","modified_gmt":"2022-01-17T15:45:20","slug":"tjanster","status":"publish","type":"page","link":"https:\/\/test.dgm.se\/en\/tjanster\/","title":{"rendered":"Services"},"content":{"rendered":"<div data-elementor-type=\"wp-page\" data-elementor-id=\"331\" class=\"elementor elementor-331\" data-elementor-settings=\"[]\">\n\t\t\t<div class=\"elementor-inner\">\n\t\t\t\t<div class=\"elementor-section-wrap\">\n\t\t\t\t\t\t\t<section class=\"elementor-element elementor-element-581717c2 elementor-section-full_width elementor-section-content-middle clipped-header elementor-section-height-default elementor-section-height-default elementor-section elementor-top-section\" data-id=\"581717c2\" data-element_type=\"section\" data-settings=\"{&quot;background_background&quot;:&quot;classic&quot;}\">\n\t\t\t\t\t\t\t<div class=\"elementor-background-overlay\"><\/div>\n\t\t\t\t\t\t\t<div class=\"elementor-container elementor-column-gap-default\">\n\t\t\t\t<div class=\"elementor-row\">\n\t\t\t\t<div class=\"elementor-element elementor-element-59d388f3 clipped-subpage elementor-column elementor-col-50 elementor-top-column\" data-id=\"59d388f3\" data-element_type=\"column\" data-settings=\"{&quot;background_background&quot;:&quot;classic&quot;}\">\n\t\t\t<div class=\"elementor-column-wrap  elementor-element-populated\">\n\t\t\t\t\t<div class=\"elementor-widget-wrap\">\n\t\t\t\t<div class=\"elementor-element elementor-element-50920350 h1-large elementor-widget elementor-widget-heading\" data-id=\"50920350\" data-element_type=\"widget\" data-widget_type=\"heading.default\">\n\t\t\t\t<div class=\"elementor-widget-container\">\n\t\t\t<h1 class=\"elementor-heading-title elementor-size-default\">Our Services<\/h1>\t\t<\/div>\n\t\t\t\t<\/div>\n\t\t\t\t<div class=\"elementor-element elementor-element-5baeb4e hero-preamble elementor-widget elementor-widget-text-editor\" data-id=\"5baeb4e\" data-element_type=\"widget\" data-widget_type=\"text-editor.default\">\n\t\t\t\t<div class=\"elementor-widget-container\">\n\t\t\t\t\t<div class=\"elementor-text-editor elementor-clearfix\"><p>Through us at DGM you can get everything from quick advice to advanced consulting support on specific issues or projects. With our global network we can help you with all questions regarding the transport of dangerous goods both in Sweden and the rest of the world.<\/p><\/div>\n\t\t\t\t<\/div>\n\t\t\t\t<\/div>\n\t\t\t\t\t\t<\/div>\n\t\t\t<\/div>\n\t\t<\/div>\n\t\t\t\t<div class=\"elementor-element elementor-element-8965b51 elementor-column elementor-col-50 elementor-top-column\" data-id=\"8965b51\" data-element_type=\"column\" data-settings=\"{&quot;background_background&quot;:&quot;classic&quot;}\">\n\t\t\t<div class=\"elementor-column-wrap\">\n\t\t\t\t\t<div class=\"elementor-widget-wrap\">\n\t\t\t\t\t\t<\/div>\n\t\t\t<\/div>\n\t\t<\/div>\n\t\t\t\t\t\t<\/div>\n\t\t\t<\/div>\n\t\t<\/section>\n\t\t\t\t<section class=\"elementor-element elementor-element-4f08317 elementor-section-boxed elementor-section-height-default elementor-section-height-default elementor-section elementor-top-section\" data-id=\"4f08317\" data-element_type=\"section\" data-settings=\"{&quot;background_background&quot;:&quot;classic&quot;}\">\n\t\t\t\t\t\t<div class=\"elementor-container elementor-column-gap-default\">\n\t\t\t\t<div class=\"elementor-row\">\n\t\t\t\t<div class=\"elementor-element elementor-element-e5d6528 elementor-column elementor-col-100 elementor-top-column\" data-id=\"e5d6528\" data-element_type=\"column\">\n\t\t\t<div class=\"elementor-column-wrap  elementor-element-populated\">\n\t\t\t\t\t<div class=\"elementor-widget-wrap\">\n\t\t\t\t<section class=\"elementor-element elementor-element-2eeba78 elementor-section-full_width elementor-section-height-default elementor-section-height-default elementor-section elementor-inner-section\" data-id=\"2eeba78\" data-element_type=\"section\">\n\t\t\t\t\t\t<div class=\"elementor-container elementor-column-gap-default\">\n\t\t\t\t<div class=\"elementor-row\">\n\t\t\t\t<div class=\"elementor-element elementor-element-3cfcd86 elementor-column elementor-col-100 elementor-inner-column\" data-id=\"3cfcd86\" data-element_type=\"column\">\n\t\t\t<div class=\"elementor-column-wrap  elementor-element-populated\">\n\t\t\t\t\t<div class=\"elementor-widget-wrap\">\n\t\t\t\t<div class=\"elementor-element elementor-element-cad33d8 elementor-widget elementor-widget-advant-postlist\" data-id=\"cad33d8\" data-element_type=\"widget\" data-widget_type=\"advant-postlist.default\">\n\t\t\t\t<div class=\"elementor-widget-container\">\n\t\t\t        <div class=\"postlist postlist--tjanst\">\n            <div class=\"postlist__entries\">\n                <div class=\"elementor-element puff elementor-cta--skin-classic elementor-animated-content elementor-widget elementor-widget-call-to-action\">\n  <div class=\"elementor-widget-container\">\n    <a href=\"https:\/\/test.dgm.se\/en\/tjanster\/security-dg-check\/\" class=\"elementor-cta\">\n              <div class=\"elementor-cta__bg-wrapper\">\n          <div class=\"elementor-cta__bg elementor-bg\" style=\"                background-image: url(https:\/\/test.dgm.se\/app\/uploads\/2022\/01\/Rontgen-Puff-750x420px.jpg);            \"><\/div>\n          <div class=\"elementor-cta__bg-overlay\"><\/div>\n        <\/div>\n            <div class=\"elementor-cta__content\">\n        <h3 class=\"elementor-cta__title elementor-cta__content-item elementor-content-item\">\n          Security &amp; DG check        <\/h3>\n\n        <div class=\"elementor-cta__description elementor-cta__content-item elementor-content-item\">\n                  <\/div>\n\n        <div class=\"elementor-cta__button-wrapper elementor-cta__content-item elementor-content-item\">\n          <span class=\"elementor-cta__button elementor-button elementor-size-xs\">\n                          Read more\n                      <\/span>\n        <\/div>\n      <\/div>\n    <\/a>\n  <\/div>\n<\/div><div class=\"elementor-element puff elementor-cta--skin-classic elementor-animated-content elementor-widget elementor-widget-call-to-action\">\n  <div class=\"elementor-widget-container\">\n    <a href=\"https:\/\/test.dgm.se\/en\/tjanster\/packningdokumentation\/\" class=\"elementor-cta\">\n              <div class=\"elementor-cta__bg-wrapper\">\n          <div class=\"elementor-cta__bg elementor-bg\" style=\"                background-image: url(https:\/\/test.dgm.se\/app\/uploads\/2022\/01\/Operation-packar-puff-750x420px.jpg);            \"><\/div>\n          <div class=\"elementor-cta__bg-overlay\"><\/div>\n        <\/div>\n            <div class=\"elementor-cta__content\">\n        <h3 class=\"elementor-cta__title elementor-cta__content-item elementor-content-item\">\n          Packing &amp; documentation.        <\/h3>\n\n        <div class=\"elementor-cta__description elementor-cta__content-item elementor-content-item\">\n                  <\/div>\n\n        <div class=\"elementor-cta__button-wrapper elementor-cta__content-item elementor-content-item\">\n          <span class=\"elementor-cta__button elementor-button elementor-size-xs\">\n                          Read more\n                      <\/span>\n        <\/div>\n      <\/div>\n    <\/a>\n  <\/div>\n<\/div><div class=\"elementor-element puff elementor-cta--skin-classic elementor-animated-content elementor-widget elementor-widget-call-to-action\">\n  <div class=\"elementor-widget-container\">\n    <a href=\"https:\/\/test.dgm.se\/en\/tjanster\/support\/\" class=\"elementor-cta\">\n              <div class=\"elementor-cta__bg-wrapper\">\n          <div class=\"elementor-cta__bg elementor-bg\" style=\"                background-image: url(https:\/\/test.dgm.se\/app\/uploads\/2022\/01\/Support-Puff-750x420px.jpg);            \"><\/div>\n          <div class=\"elementor-cta__bg-overlay\"><\/div>\n        <\/div>\n            <div class=\"elementor-cta__content\">\n        <h3 class=\"elementor-cta__title elementor-cta__content-item elementor-content-item\">\n          Support &amp; consultation        <\/h3>\n\n        <div class=\"elementor-cta__description elementor-cta__content-item elementor-content-item\">\n                  <\/div>\n\n        <div class=\"elementor-cta__button-wrapper elementor-cta__content-item elementor-content-item\">\n          <span class=\"elementor-cta__button elementor-button elementor-size-xs\">\n                          Read more\n                      <\/span>\n        <\/div>\n      <\/div>\n    <\/a>\n  <\/div>\n<\/div><div class=\"elementor-element puff elementor-cta--skin-classic elementor-animated-content elementor-widget elementor-widget-call-to-action\">\n  <div class=\"elementor-widget-container\">\n    <a href=\"https:\/\/test.dgm.se\/en\/tjanster\/temperaturkansligt-gods\/\" class=\"elementor-cta\">\n              <div class=\"elementor-cta__bg-wrapper\">\n          <div class=\"elementor-cta__bg elementor-bg\" style=\"                background-image: url(https:\/\/test.dgm.se\/app\/uploads\/2022\/01\/Dry-Ice_Puff-750x420px.jpg);            \"><\/div>\n          <div class=\"elementor-cta__bg-overlay\"><\/div>\n        <\/div>\n            <div class=\"elementor-cta__content\">\n        <h3 class=\"elementor-cta__title elementor-cta__content-item elementor-content-item\">\n          Temperature-sensitive goods        <\/h3>\n\n        <div class=\"elementor-cta__description elementor-cta__content-item elementor-content-item\">\n                  <\/div>\n\n        <div class=\"elementor-cta__button-wrapper elementor-cta__content-item elementor-content-item\">\n          <span class=\"elementor-cta__button elementor-button elementor-size-xs\">\n                          Read more\n                      <\/span>\n        <\/div>\n      <\/div>\n    <\/a>\n  <\/div>\n<\/div><div class=\"elementor-element puff elementor-cta--skin-classic elementor-animated-content elementor-widget elementor-widget-call-to-action\">\n  <div class=\"elementor-widget-container\">\n    <a href=\"https:\/\/test.dgm.se\/en\/tjanster\/sakerhetsradgivare\/\" class=\"elementor-cta\">\n              <div class=\"elementor-cta__bg-wrapper\">\n          <div class=\"elementor-cta__bg elementor-bg\" style=\"                background-image: url(https:\/\/test.dgm.se\/app\/uploads\/2022\/01\/Sakerhetsradgivare_Puff-750x420px.jpg);            \"><\/div>\n          <div class=\"elementor-cta__bg-overlay\"><\/div>\n        <\/div>\n            <div class=\"elementor-cta__content\">\n        <h3 class=\"elementor-cta__title elementor-cta__content-item elementor-content-item\">\n          Security Advisor        <\/h3>\n\n        <div class=\"elementor-cta__description elementor-cta__content-item elementor-content-item\">\n                  <\/div>\n\n        <div class=\"elementor-cta__button-wrapper elementor-cta__content-item elementor-content-item\">\n          <span class=\"elementor-cta__button elementor-button elementor-size-xs\">\n                          Read more\n                      <\/span>\n        <\/div>\n      <\/div>\n    <\/a>\n  <\/div>\n<\/div><div class=\"elementor-element puff elementor-cta--skin-classic elementor-animated-content elementor-widget elementor-widget-call-to-action\">\n  <div class=\"elementor-widget-container\">\n    <a href=\"https:\/\/test.dgm.se\/en\/tjanster\/transportskydd\/\" class=\"elementor-cta\">\n            <div class=\"elementor-cta__content\">\n        <h3 class=\"elementor-cta__title elementor-cta__content-item elementor-content-item\">\n          Transport protection        <\/h3>\n\n        <div class=\"elementor-cta__description elementor-cta__content-item elementor-content-item\">\n                  <\/div>\n\n        <div class=\"elementor-cta__button-wrapper elementor-cta__content-item elementor-content-item\">\n          <span class=\"elementor-cta__button elementor-button elementor-size-xs\">\n                          Read more\n                      <\/span>\n        <\/div>\n      <\/div>\n    <\/a>\n  <\/div>\n<\/div>            <\/div>\n\t\t<\/div>\n\t\t\t\t<\/div>\n\t\t\t\t<\/div>\n\t\t\t\t\t\t<\/div>\n\t\t\t<\/div>\n\t\t<\/div>\n\t\t\t\t\t\t<\/div>\n\t\t\t<\/div>\n\t\t<\/section>\n\t\t\t\t\t\t<\/div>\n\t\t\t<\/div>\n\t\t<\/div>\n\t\t\t\t\t\t<\/div>\n\t\t\t<\/div>\n\t\t<\/section>\n\t\t\t\t<section class=\"elementor-element elementor-element-7b312a3c elementor-section-boxed elementor-section-height-default elementor-section-height-default elementor-section elementor-top-section\" data-id=\"7b312a3c\" data-element_type=\"section\">\n\t\t\t\t\t\t<div class=\"elementor-container elementor-column-gap-default\">\n\t\t\t\t<div class=\"elementor-row\">\n\t\t\t\t<div class=\"elementor-element elementor-element-7c58c1e5 elementor-column elementor-col-50 elementor-top-column\" data-id=\"7c58c1e5\" data-element_type=\"column\">\n\t\t\t<div class=\"elementor-column-wrap  elementor-element-populated\">\n\t\t\t\t\t<div class=\"elementor-widget-wrap\">\n\t\t\t\t<div class=\"elementor-element elementor-element-1f7af8e8 elementor-widget elementor-widget-heading\" data-id=\"1f7af8e8\" data-element_type=\"widget\" data-widget_type=\"heading.default\">\n\t\t\t\t<div class=\"elementor-widget-container\">\n\t\t\t<h2 class=\"elementor-heading-title elementor-size-default\">Take part in the latest products and news in dangerous goods!<\/h2>\t\t<\/div>\n\t\t\t\t<\/div>\n\t\t\t\t<div class=\"elementor-element elementor-element-6be9a50d elementor-widget elementor-widget-text-editor\" data-id=\"6be9a50d\" data-element_type=\"widget\" data-widget_type=\"text-editor.default\">\n\t\t\t\t<div class=\"elementor-widget-container\">\n\t\t\t\t\t<div class=\"elementor-text-editor elementor-clearfix\"><p>Subscribe to our newsletter<\/p><\/div>\n\t\t\t\t<\/div>\n\t\t\t\t<\/div>\n\t\t\t\t<div class=\"elementor-element elementor-element-7c564fbd elementor-widget__width-auto elementor-absolute elementor-hidden-phone elementor-hidden-tablet elementor-widget elementor-widget-image\" data-id=\"7c564fbd\" data-element_type=\"widget\" data-settings=\"{&quot;_position&quot;:&quot;absolute&quot;}\" data-widget_type=\"image.default\">\n\t\t\t\t<div class=\"elementor-widget-container\">\n\t\t\t\t\t<div class=\"elementor-image\">\n\t\t\t\t\t\t\t\t\t\t<img width=\"282\" height=\"72\" src=\"https:\/\/test.dgm.se\/app\/uploads\/2020\/04\/arrow.png\" class=\"attachment-large size-large\" alt=\"\" loading=\"lazy\" srcset=\"\" sizes=\"\" \/>\t\t\t\t\t\t\t\t\t\t\t<\/div>\n\t\t\t\t<\/div>\n\t\t\t\t<\/div>\n\t\t\t\t\t\t<\/div>\n\t\t\t<\/div>\n\t\t<\/div>\n\t\t\t\t<div class=\"elementor-element elementor-element-51554bd9 elementor-column elementor-col-50 elementor-top-column\" data-id=\"51554bd9\" data-element_type=\"column\">\n\t\t\t<div class=\"elementor-column-wrap  elementor-element-populated\">\n\t\t\t\t\t<div class=\"elementor-widget-wrap\">\n\t\t\t\t<div class=\"elementor-element elementor-element-6222ae1 textfield-order elementor-button-align-stretch elementor-widget elementor-widget-global elementor-global-12859 elementor-widget-form\" data-id=\"6222ae1\" data-element_type=\"widget\" data-settings=\"{&quot;button_width&quot;:&quot;25&quot;,&quot;step_next_label&quot;:&quot;Next&quot;,&quot;step_previous_label&quot;:&quot;Previous&quot;,&quot;step_type&quot;:&quot;number_text&quot;,&quot;step_icon_shape&quot;:&quot;circle&quot;}\" data-widget_type=\"form.default\">\n\t\t\t\t<div class=\"elementor-widget-container\">\n\t\t\t\t\t<form class=\"elementor-form\" method=\"post\" name=\"Anm\u00e4l dig till v\u00e5rt nyhetsbrev\" action=\"\">\n\t\t\t<input type=\"hidden\" name=\"post_id\" value=\"331\"\/>\n\t\t\t<input type=\"hidden\" name=\"form_id\" value=\"6222ae1\"\/>\n\n\t\t\t\n\t\t\t<div class=\"elementor-form-fields-wrapper elementor-labels-\">\n\t\t\t\t\t\t\t\t<div class=\"elementor-field-type-email elementor-field-group elementor-column elementor-field-group-email elementor-col-75 elementor-field-required\">\n\t\t\t\t\t<input size=\"1\" type=\"email\" name=\"form_fields[email]\" id=\"form-field-email\" class=\"elementor-field elementor-size-lg  elementor-field-textual\" placeholder=\"Fill in your email\" required=\"required\" aria-required=\"true\">\t\t\t\t<\/div>\n\t\t\t\t\t\t\t\t<div class=\"elementor-field-type-acceptance elementor-field-group elementor-column elementor-field-group-field_1 elementor-col-100\">\n\t\t\t\t\t<div class=\"elementor-field-subgroup\"><span class=\"elementor-field-option\"><input type=\"checkbox\" name=\"form_fields[field_1]\" id=\"form-field-field_1\" class=\"elementor-field elementor-size-lg  elementor-acceptance-field\"> <label for=\"form-field-field_1\">I agree that my personal data is stored according to <a href=\"\/en\/www.google.se\/\">applicable privacy policy. <\/a><\/label><\/span><\/div>\t\t\t\t<\/div>\n\t\t\t\t\t\t\t\t<div class=\"elementor-field-group elementor-column elementor-field-type-submit elementor-col-25 e-form__buttons\">\n\t\t\t\t\t<button type=\"submit\" class=\"elementor-button elementor-size-lg\">\n\t\t\t\t\t\t<span >\n\t\t\t\t\t\t\t\t\t\t\t\t\t\t\t<span class=\"elementor-button-icon\">\n\t\t\t\t\t\t\t\t\t\t\t\t\t\t\t\t\t\t\t\t\t\t\t\t\t\t<\/span>\n\t\t\t\t\t\t\t\t\t\t\t\t\t\t\t\t\t\t\t\t\t\t<span class=\"elementor-button-text\">Report<\/span>\n\t\t\t\t\t\t\t\t\t\t\t\t\t<\/span>\n\t\t\t\t\t<\/button>\n\t\t\t\t<\/div>\n\t\t\t<\/div>\n\t\t<input type=\"hidden\" name=\"trp-form-language\" value=\"en\"\/><\/form>\n\t\t\t\t<\/div>\n\t\t\t\t<\/div>\n\t\t\t\t\t\t<\/div>\n\t\t\t<\/div>\n\t\t<\/div>\n\t\t\t\t\t\t<\/div>\n\t\t\t<\/div>\n\t\t<\/section>\n\t\t\t\t\t\t<\/div>\n\t\t\t<\/div>\n\t\t<\/div>","protected":false},"excerpt":{"rendered":"<p>V\u00e5ra tj\u00e4nster Genom oss p\u00e5 DGM kan du f\u00e5 allt fr\u00e5n snabb r\u00e5dgivning till avancerat konsultst\u00f6d i specifika fr\u00e5gor eller projekt. Med v\u00e5rt globala n\u00e4tverk kan vi hj\u00e4lpa dig med alla fr\u00e5gor kring transport av farligt gods b\u00e5de i Sverige och \u00f6vriga V\u00e4rlden. Security &#038; DG check L\u00e4s mer Packning &#038; dokumentation. L\u00e4s mer Support &hellip; <a href=\"https:\/\/test.dgm.se\/en\/tjanster\/\" data-no-translation=\"\" data-trp-gettext=\"\">Continued<\/a><\/p>","protected":false},"author":1,"featured_media":15159,"parent":0,"menu_order":24,"comment_status":"closed","ping_status":"closed","template":"elementor_header_footer","meta":{"spay_email":""},"yoast_head":"<!-- This site is optimized with the Yoast SEO plugin v18.1 - https:\/\/yoast.com\/wordpress\/plugins\/seo\/ -->\n<title>Tj\u00e4nster &ndash; Test DGM Sverige<\/title>\n<meta name=\"robots\" content=\"noindex, follow, max-snippet:-1, max-image-preview:large, max-video-preview:-1\" \/>\n<meta property=\"og:locale\" content=\"en_US\" \/>\n<meta property=\"og:type\" content=\"article\" \/>\n<meta property=\"og:title\" content=\"Tj\u00e4nster &ndash; Test DGM Sverige\" \/>\n<meta property=\"og:description\" content=\"V\u00e5ra tj\u00e4nster Genom oss p\u00e5 DGM kan du f\u00e5 allt fr\u00e5n snabb r\u00e5dgivning till avancerat konsultst\u00f6d i specifika fr\u00e5gor eller projekt. Med v\u00e5rt globala n\u00e4tverk kan vi hj\u00e4lpa dig med alla fr\u00e5gor kring transport av farligt gods b\u00e5de i Sverige och \u00f6vriga V\u00e4rlden. Security &#038; DG check L\u00e4s mer Packning &#038; dokumentation. L\u00e4s mer Support &hellip; Continued\" \/>\n<meta property=\"og:url\" content=\"https:\/\/dgm.se\/tjanster\/\" \/>\n<meta property=\"og:site_name\" content=\"Test DGM Sverige\" \/>\n<meta property=\"article:modified_time\" content=\"2022-01-17T15:45:20+00:00\" \/>\n<meta property=\"og:image\" content=\"https:\/\/dgm.se\/app\/uploads\/2022\/01\/Flyglan-bla-himmel-2160x600px.jpg\" \/>\n\t<meta property=\"og:image:width\" content=\"2160\" \/>\n\t<meta property=\"og:image:height\" content=\"600\" \/>\n\t<meta property=\"og:image:type\" content=\"image\/jpeg\" \/>\n<meta name=\"twitter:card\" content=\"summary_large_image\" \/>\n<meta name=\"twitter:label1\" content=\"Est. reading time\" \/>\n\t<meta name=\"twitter:data1\" content=\"1 minute\" \/>\n<script type=\"application\/ld+json\" class=\"yoast-schema-graph\">{\"@context\":\"https:\/\/schema.org\",\"@graph\":[{\"@type\":\"WebSite\",\"@id\":\"https:\/\/test.dgm.se\/#website\",\"url\":\"https:\/\/test.dgm.se\/\",\"name\":\"Test DGM Sverige\",\"description\":\"Din farligt gods-expert\",\"potentialAction\":[{\"@type\":\"SearchAction\",\"target\":{\"@type\":\"EntryPoint\",\"urlTemplate\":\"https:\/\/test.dgm.se\/?s={search_term_string}\"},\"query-input\":\"required name=search_term_string\"}],\"inLanguage\":\"en-US\"},{\"@type\":\"ImageObject\",\"@id\":\"https:\/\/dgm.se\/tjanster\/#primaryimage\",\"inLanguage\":\"en-US\",\"url\":\"https:\/\/test.dgm.se\/app\/uploads\/2022\/01\/Flyglan-bla-himmel-2160x600px.jpg\",\"contentUrl\":\"https:\/\/test.dgm.se\/app\/uploads\/2022\/01\/Flyglan-bla-himmel-2160x600px.jpg\",\"width\":2160,\"height\":600},{\"@type\":\"WebPage\",\"@id\":\"https:\/\/dgm.se\/tjanster\/#webpage\",\"url\":\"https:\/\/dgm.se\/tjanster\/\",\"name\":\"Tj\u00e4nster &ndash; Test DGM Sverige\",\"isPartOf\":{\"@id\":\"https:\/\/test.dgm.se\/#website\"},\"primaryImageOfPage\":{\"@id\":\"https:\/\/dgm.se\/tjanster\/#primaryimage\"},\"datePublished\":\"2020-02-14T12:35:43+00:00\",\"dateModified\":\"2022-01-17T15:45:20+00:00\",\"breadcrumb\":{\"@id\":\"https:\/\/dgm.se\/tjanster\/#breadcrumb\"},\"inLanguage\":\"en-US\",\"potentialAction\":[{\"@type\":\"ReadAction\",\"target\":[\"https:\/\/dgm.se\/tjanster\/\"]}]},{\"@type\":\"BreadcrumbList\",\"@id\":\"https:\/\/dgm.se\/tjanster\/#breadcrumb\",\"itemListElement\":[{\"@type\":\"ListItem\",\"position\":1,\"name\":\"\",\"item\":\"https:\/\/test.dgm.se\/\"},{\"@type\":\"ListItem\",\"position\":2,\"name\":\"Tj\u00e4nster\"}]}]}<\/script>\n<!-- \/ Yoast SEO plugin. -->","yoast_head_json":{"title":"Tj\u00e4nster &ndash; Test DGM Sverige","robots":{"index":"noindex","follow":"follow","max-snippet":"max-snippet:-1","max-image-preview":"max-image-preview:large","max-video-preview":"max-video-preview:-1"},"og_locale":"en_US","og_type":"article","og_title":"Tj\u00e4nster &ndash; Test DGM Sverige","og_description":"V\u00e5ra tj\u00e4nster Genom oss p\u00e5 DGM kan du f\u00e5 allt fr\u00e5n snabb r\u00e5dgivning till avancerat konsultst\u00f6d i specifika fr\u00e5gor eller projekt. Med v\u00e5rt globala n\u00e4tverk kan vi hj\u00e4lpa dig med alla fr\u00e5gor kring transport av farligt gods b\u00e5de i Sverige och \u00f6vriga V\u00e4rlden. Security &#038; DG check L\u00e4s mer Packning &#038; dokumentation. L\u00e4s mer Support &hellip; Continued","og_url":"https:\/\/dgm.se\/tjanster\/","og_site_name":"Test DGM Sverige","article_modified_time":"2022-01-17T15:45:20+00:00","og_image":[{"width":2160,"height":600,"url":"https:\/\/dgm.se\/app\/uploads\/2022\/01\/Flyglan-bla-himmel-2160x600px.jpg","type":"image\/jpeg"}],"twitter_card":"summary_large_image","twitter_misc":{"Est. reading time":"1 minute"},"schema":{"@context":"https:\/\/schema.org","@graph":[{"@type":"WebSite","@id":"https:\/\/test.dgm.se\/#website","url":"https:\/\/test.dgm.se\/","name":"Test DGM Sverige","description":"Din farligt gods-expert","potentialAction":[{"@type":"SearchAction","target":{"@type":"EntryPoint","urlTemplate":"https:\/\/test.dgm.se\/?s={search_term_string}"},"query-input":"required name=search_term_string"}],"inLanguage":"en-US"},{"@type":"ImageObject","@id":"https:\/\/dgm.se\/tjanster\/#primaryimage","inLanguage":"en-US","url":"https:\/\/test.dgm.se\/app\/uploads\/2022\/01\/Flyglan-bla-himmel-2160x600px.jpg","contentUrl":"https:\/\/test.dgm.se\/app\/uploads\/2022\/01\/Flyglan-bla-himmel-2160x600px.jpg","width":2160,"height":600},{"@type":"WebPage","@id":"https:\/\/dgm.se\/tjanster\/#webpage","url":"https:\/\/dgm.se\/tjanster\/","name":"Tj\u00e4nster &ndash; Test DGM Sverige","isPartOf":{"@id":"https:\/\/test.dgm.se\/#website"},"primaryImageOfPage":{"@id":"https:\/\/dgm.se\/tjanster\/#primaryimage"},"datePublished":"2020-02-14T12:35:43+00:00","dateModified":"2022-01-17T15:45:20+00:00","breadcrumb":{"@id":"https:\/\/dgm.se\/tjanster\/#breadcrumb"},"inLanguage":"en-US","potentialAction":[{"@type":"ReadAction","target":["https:\/\/dgm.se\/tjanster\/"]}]},{"@type":"BreadcrumbList","@id":"https:\/\/dgm.se\/tjanster\/#breadcrumb","itemListElement":[{"@type":"ListItem","position":1,"name":"","item":"https:\/\/test.dgm.se\/"},{"@type":"ListItem","position":2,"name":"Tj\u00e4nster"}]}]}},"_links":{"self":[{"href":"https:\/\/test.dgm.se\/en\/wp-json\/wp\/v2\/pages\/331"}],"collection":[{"href":"https:\/\/test.dgm.se\/en\/wp-json\/wp\/v2\/pages"}],"about":[{"href":"https:\/\/test.dgm.se\/en\/wp-json\/wp\/v2\/types\/page"}],"author":[{"embeddable":true,"href":"https:\/\/test.dgm.se\/en\/wp-json\/wp\/v2\/users\/1"}],"replies":[{"embeddable":true,"href":"https:\/\/test.dgm.se\/en\/wp-json\/wp\/v2\/comments?post=331"}],"version-history":[{"count":78,"href":"https:\/\/test.dgm.se\/en\/wp-json\/wp\/v2\/pages\/331\/revisions"}],"predecessor-version":[{"id":15161,"href":"https:\/\/test.dgm.se\/en\/wp-json\/wp\/v2\/pages\/331\/revisions\/15161"}],"wp:featuredmedia":[{"embeddable":true,"href":"https:\/\/test.dgm.se\/en\/wp-json\/wp\/v2\/media\/15159"}],"wp:attachment":[{"href":"https:\/\/test.dgm.se\/en\/wp-json\/wp\/v2\/media?parent=331"}],"curies":[{"name":"wp","href":"https:\/\/api.w.org\/{rel}","templated":true}]}}