{"id":775,"date":"2020-02-11T15:26:20","date_gmt":"2020-04-08T07:49:32","guid":{"rendered":"https:\/\/dgm.advanttest.se\/?page_id=775"},"modified":"2022-01-16T23:16:17","modified_gmt":"2022-01-16T22:16:17","slug":"packningdokumentation","status":"publish","type":"page","link":"https:\/\/test.dgm.se\/en\/tjanster\/packningdokumentation\/","title":{"rendered":"Packing &amp; documentation."},"content":{"rendered":"<div data-elementor-type=\"wp-page\" data-elementor-id=\"775\" class=\"elementor elementor-775\" data-elementor-settings=\"[]\">\n\t\t\t<div class=\"elementor-inner\">\n\t\t\t\t<div class=\"elementor-section-wrap\">\n\t\t\t\t\t\t\t<section class=\"elementor-element elementor-element-96bfb90 elementor-section-full_width elementor-section-content-middle clipped-header elementor-section-height-default elementor-section-height-default elementor-section elementor-top-section\" data-id=\"96bfb90\" data-element_type=\"section\" data-settings=\"{&quot;background_background&quot;:&quot;classic&quot;}\">\n\t\t\t\t\t\t\t<div class=\"elementor-background-overlay\"><\/div>\n\t\t\t\t\t\t\t<div class=\"elementor-container elementor-column-gap-default\">\n\t\t\t\t<div class=\"elementor-row\">\n\t\t\t\t<div class=\"elementor-element elementor-element-c48ce37 elementor-column elementor-col-50 elementor-top-column\" data-id=\"c48ce37\" data-element_type=\"column\">\n\t\t\t<div class=\"elementor-column-wrap  elementor-element-populated\">\n\t\t\t\t\t<div class=\"elementor-widget-wrap\">\n\t\t\t\t<div class=\"elementor-element elementor-element-14e0f48 h1-large elementor-widget elementor-widget-heading\" data-id=\"14e0f48\" data-element_type=\"widget\" data-widget_type=\"heading.default\">\n\t\t\t\t<div class=\"elementor-widget-container\">\n\t\t\t<h1 class=\"elementor-heading-title elementor-size-default\">Packing &amp; documentation<\/h1>\t\t<\/div>\n\t\t\t\t<\/div>\n\t\t\t\t\t\t<\/div>\n\t\t\t<\/div>\n\t\t<\/div>\n\t\t\t\t<div class=\"elementor-element elementor-element-701445c clipped-div elementor-column elementor-col-50 elementor-top-column\" data-id=\"701445c\" data-element_type=\"column\" data-settings=\"{&quot;background_background&quot;:&quot;classic&quot;}\">\n\t\t\t<div class=\"elementor-column-wrap  elementor-element-populated\">\n\t\t\t\t\t<div class=\"elementor-widget-wrap\">\n\t\t\t\t<div class=\"elementor-element elementor-element-32c5e38 elementor-widget elementor-widget-heading\" data-id=\"32c5e38\" data-element_type=\"widget\" data-widget_type=\"heading.default\">\n\t\t\t\t<div class=\"elementor-widget-container\">\n\t\t\t<h2 class=\"elementor-heading-title elementor-size-default\">We help you avoid<\/h2>\t\t<\/div>\n\t\t\t\t<\/div>\n\t\t\t\t<div class=\"elementor-element elementor-element-9374c78 elementor-icon-list--layout-traditional elementor-widget elementor-widget-icon-list\" data-id=\"9374c78\" data-element_type=\"widget\" data-widget_type=\"icon-list.default\">\n\t\t\t\t<div class=\"elementor-widget-container\">\n\t\t\t\t\t<ul class=\"elementor-icon-list-items\">\n\t\t\t\t\t\t\t<li class=\"elementor-icon-list-item\" >\n\t\t\t\t\t\t\t\t\t\t\t<span class=\"elementor-icon-list-icon\">\n\t\t\t\t\t\t\t<i aria-hidden=\"true\" class=\"fas fa-check\"><\/i>\t\t\t\t\t\t<\/span>\n\t\t\t\t\t\t\t\t\t\t<span class=\"elementor-icon-list-text\">Work-related accidents and incidents<\/span>\n\t\t\t\t\t\t\t\t\t<\/li>\n\t\t\t\t\t\t\t\t<li class=\"elementor-icon-list-item\" >\n\t\t\t\t\t\t\t\t\t\t\t<span class=\"elementor-icon-list-icon\">\n\t\t\t\t\t\t\t<i aria-hidden=\"true\" class=\"fas fa-check\"><\/i>\t\t\t\t\t\t<\/span>\n\t\t\t\t\t\t\t\t\t\t<span class=\"elementor-icon-list-text\">Unnecessary and costly fines<\/span>\n\t\t\t\t\t\t\t\t\t<\/li>\n\t\t\t\t\t\t\t\t<li class=\"elementor-icon-list-item\" >\n\t\t\t\t\t\t\t\t\t\t\t<span class=\"elementor-icon-list-icon\">\n\t\t\t\t\t\t\t<i aria-hidden=\"true\" class=\"fas fa-check\"><\/i>\t\t\t\t\t\t<\/span>\n\t\t\t\t\t\t\t\t\t\t<span class=\"elementor-icon-list-text\">Delayed deliveries to your customers<\/span>\n\t\t\t\t\t\t\t\t\t<\/li>\n\t\t\t\t\t\t<\/ul>\n\t\t\t\t<\/div>\n\t\t\t\t<\/div>\n\t\t\t\t\t\t<\/div>\n\t\t\t<\/div>\n\t\t<\/div>\n\t\t\t\t\t\t<\/div>\n\t\t\t<\/div>\n\t\t<\/section>\n\t\t\t\t<section class=\"elementor-element elementor-element-efab9e5 elementor-section-boxed elementor-section-height-default elementor-section-height-default elementor-section elementor-top-section\" data-id=\"efab9e5\" data-element_type=\"section\">\n\t\t\t\t\t\t<div class=\"elementor-container elementor-column-gap-default\">\n\t\t\t\t<div class=\"elementor-row\">\n\t\t\t\t<div class=\"elementor-element elementor-element-0a42e41 elementor-column elementor-col-100 elementor-top-column\" data-id=\"0a42e41\" data-element_type=\"column\">\n\t\t\t<div class=\"elementor-column-wrap  elementor-element-populated\">\n\t\t\t\t\t<div class=\"elementor-widget-wrap\">\n\t\t\t\t<div class=\"elementor-element elementor-element-ac18889 elementor-widget elementor-widget-text-editor\" data-id=\"ac18889\" data-element_type=\"widget\" data-widget_type=\"text-editor.default\">\n\t\t\t\t<div class=\"elementor-widget-container\">\n\t\t\t\t\t<div class=\"elementor-text-editor elementor-clearfix\"><p><strong>Packing and labeling dangerous goods requires trained and competent personnel. Inadequate packaging or incorrect transport documents can lead to serious consequences. In the worst case, accidents and serious incidents, but it can also be stopped and become costly in the form of fines, embargoes and delayed deliveries to customers.<\/strong><\/p><p>If you and your staff do not have the training and knowledge, we at DGM can help you prepare shipments for transport. From our packing houses in Arlandastad, Gothenburg, Landvetter and Malm\u00f6, we help you pack, mark, label and document your dangerous goods for air, sea or road transport.<\/p><p>We ensure that shipments are prepared by trained and competent personnel and, through our unique liability insurance, we also take the sender&#039;s responsibility for the dangerous goods. If you are unable to transport the goods to our offices, we will be happy to come out and carry out packing etc. on site at your location.<\/p><p>We have the expertise to handle all hazard classes regardless of the type of transport!<\/p><p>If you need help shipping dangerous goods, we are here for you!<\/p><\/div>\n\t\t\t\t<\/div>\n\t\t\t\t<\/div>\n\t\t\t\t\t\t<\/div>\n\t\t\t<\/div>\n\t\t<\/div>\n\t\t\t\t\t\t<\/div>\n\t\t\t<\/div>\n\t\t<\/section>\n\t\t\t\t<section class=\"elementor-element elementor-element-debb4e8 dgm-tab elementor-section-boxed elementor-section-height-default elementor-section-height-default elementor-section elementor-top-section\" data-id=\"debb4e8\" data-element_type=\"section\">\n\t\t\t\t\t\t<div class=\"elementor-container elementor-column-gap-default\">\n\t\t\t\t<div class=\"elementor-row\">\n\t\t\t\t<div class=\"elementor-element elementor-element-c45a654 elementor-column elementor-col-100 elementor-top-column\" data-id=\"c45a654\" data-element_type=\"column\">\n\t\t\t<div class=\"elementor-column-wrap\">\n\t\t\t\t\t<div class=\"elementor-widget-wrap\">\n\t\t\t\t\t\t<\/div>\n\t\t\t<\/div>\n\t\t<\/div>\n\t\t\t\t\t\t<\/div>\n\t\t\t<\/div>\n\t\t<\/section>\n\t\t\t\t<section class=\"elementor-element elementor-element-626acdc7 kunskapsbank-cta elementor-section-full_width elementor-section-height-default elementor-section-height-default elementor-section elementor-top-section\" data-id=\"626acdc7\" data-element_type=\"section\">\n\t\t\t\t\t\t<div class=\"elementor-container elementor-column-gap-default\">\n\t\t\t\t<div class=\"elementor-row\">\n\t\t\t\t<div class=\"elementor-element elementor-element-30ee6386 elementor-column elementor-col-50 elementor-top-column\" data-id=\"30ee6386\" data-element_type=\"column\" data-settings=\"{&quot;background_background&quot;:&quot;classic&quot;}\">\n\t\t\t<div class=\"elementor-column-wrap  elementor-element-populated\">\n\t\t\t\t\t<div class=\"elementor-widget-wrap\">\n\t\t\t\t<div class=\"elementor-element elementor-element-6e59cfe4 elementor-widget elementor-widget-text-editor\" data-id=\"6e59cfe4\" data-element_type=\"widget\" data-widget_type=\"text-editor.default\">\n\t\t\t\t<div class=\"elementor-widget-container\">\n\t\t\t\t\t<div class=\"elementor-text-editor elementor-clearfix\"><\/div>\n\t\t\t\t<\/div>\n\t\t\t\t<\/div>\n\t\t\t\t\t\t<\/div>\n\t\t\t<\/div>\n\t\t<\/div>\n\t\t\t\t<div class=\"elementor-element elementor-element-60832e80 elementor-column elementor-col-50 elementor-top-column\" data-id=\"60832e80\" data-element_type=\"column\" data-settings=\"{&quot;background_background&quot;:&quot;classic&quot;}\">\n\t\t\t<div class=\"elementor-column-wrap  elementor-element-populated\">\n\t\t\t\t\t\t\t<div class=\"elementor-background-overlay\"><\/div>\n\t\t\t\t\t<div class=\"elementor-widget-wrap\">\n\t\t\t\t<section class=\"elementor-element elementor-element-3a6ea915 elementor-section-boxed elementor-section-height-default elementor-section-height-default elementor-section elementor-inner-section\" data-id=\"3a6ea915\" data-element_type=\"section\">\n\t\t\t\t\t\t<div class=\"elementor-container elementor-column-gap-default\">\n\t\t\t\t<div class=\"elementor-row\">\n\t\t\t\t<div class=\"elementor-element elementor-element-69444bee elementor-column elementor-col-100 elementor-inner-column\" data-id=\"69444bee\" data-element_type=\"column\">\n\t\t\t<div class=\"elementor-column-wrap  elementor-element-populated\">\n\t\t\t\t\t<div class=\"elementor-widget-wrap\">\n\t\t\t\t<div class=\"elementor-element elementor-element-22756dcf elementor-widget elementor-widget-heading\" data-id=\"22756dcf\" data-element_type=\"widget\" data-widget_type=\"heading.default\">\n\t\t\t\t<div class=\"elementor-widget-container\">\n\t\t\t<h2 class=\"elementor-heading-title elementor-size-default\">Are you in need of advice or help with packing or transport documents for dangerous goods?<br><\/h2>\t\t<\/div>\n\t\t\t\t<\/div>\n\t\t\t\t<div class=\"elementor-element elementor-element-b233987 elementor-align-left elementor-widget elementor-widget-button\" data-id=\"b233987\" data-element_type=\"widget\" data-widget_type=\"button.default\">\n\t\t\t\t<div class=\"elementor-widget-container\">\n\t\t\t\t\t<div class=\"elementor-button-wrapper\">\n\t\t\t<a href=\"https:\/\/dgm.se\/kontakt\/\" class=\"elementor-button-link elementor-button elementor-size-lg\" role=\"button\">\n\t\t\t\t\t\t<span class=\"elementor-button-content-wrapper\">\n\t\t\t\t\t\t<span class=\"elementor-button-text\">Contact Us<\/span>\n\t\t<\/span>\n\t\t\t\t\t<\/a>\n\t\t<\/div>\n\t\t\t\t<\/div>\n\t\t\t\t<\/div>\n\t\t\t\t\t\t<\/div>\n\t\t\t<\/div>\n\t\t<\/div>\n\t\t\t\t\t\t<\/div>\n\t\t\t<\/div>\n\t\t<\/section>\n\t\t\t\t\t\t<\/div>\n\t\t\t<\/div>\n\t\t<\/div>\n\t\t\t\t\t\t<\/div>\n\t\t\t<\/div>\n\t\t<\/section>\n\t\t\t\t<section class=\"elementor-element elementor-element-479deed1 elementor-section-boxed elementor-section-height-default elementor-section-height-default elementor-section elementor-top-section\" data-id=\"479deed1\" data-element_type=\"section\">\n\t\t\t\t\t\t<div class=\"elementor-container elementor-column-gap-default\">\n\t\t\t\t<div class=\"elementor-row\">\n\t\t\t\t<div class=\"elementor-element elementor-element-22b1eec elementor-column elementor-col-50 elementor-top-column\" data-id=\"22b1eec\" data-element_type=\"column\">\n\t\t\t<div class=\"elementor-column-wrap  elementor-element-populated\">\n\t\t\t\t\t<div class=\"elementor-widget-wrap\">\n\t\t\t\t<div class=\"elementor-element elementor-element-7322af94 elementor-widget elementor-widget-heading\" data-id=\"7322af94\" data-element_type=\"widget\" data-widget_type=\"heading.default\">\n\t\t\t\t<div class=\"elementor-widget-container\">\n\t\t\t<h2 class=\"elementor-heading-title elementor-size-default\">Related Products<\/h2>\t\t<\/div>\n\t\t\t\t<\/div>\n\t\t\t\t<div class=\"elementor-element elementor-element-a603941 elementor-widget elementor-widget-text-editor\" data-id=\"a603941\" data-element_type=\"widget\" data-widget_type=\"text-editor.default\">\n\t\t\t\t<div class=\"elementor-widget-container\">\n\t\t\t\t\t<div class=\"elementor-text-editor elementor-clearfix\"><p>Packing and labeling dangerous goods requires trained and competent personnel. Inadequate packaging or incorrect documentation can lead to serious consequences.<\/p><\/div>\n\t\t\t\t<\/div>\n\t\t\t\t<\/div>\n\t\t\t\t<div class=\"elementor-element elementor-element-2f7e9f37 elementor-widget__width-auto elementor-absolute elementor-hidden-phone elementor-hidden-tablet elementor-widget elementor-widget-image\" data-id=\"2f7e9f37\" data-element_type=\"widget\" data-settings=\"{&quot;_position&quot;:&quot;absolute&quot;}\" data-widget_type=\"image.default\">\n\t\t\t\t<div class=\"elementor-widget-container\">\n\t\t\t\t\t<div class=\"elementor-image\">\n\t\t\t\t\t\t\t\t\t\t<img width=\"282\" height=\"72\" src=\"https:\/\/test.dgm.se\/app\/uploads\/2020\/04\/arrow.png\" class=\"attachment-large size-large\" alt=\"\" loading=\"lazy\" srcset=\"\" sizes=\"\" \/>\t\t\t\t\t\t\t\t\t\t\t<\/div>\n\t\t\t\t<\/div>\n\t\t\t\t<\/div>\n\t\t\t\t\t\t<\/div>\n\t\t\t<\/div>\n\t\t<\/div>\n\t\t\t\t<div class=\"elementor-element elementor-element-1d5b4b4 elementor-column elementor-col-50 elementor-top-column\" data-id=\"1d5b4b4\" data-element_type=\"column\">\n\t\t\t<div class=\"elementor-column-wrap  elementor-element-populated\">\n\t\t\t\t\t<div class=\"elementor-widget-wrap\">\n\t\t\t\t<div class=\"elementor-element elementor-element-4a389061 elementor-widget elementor-widget-button\" data-id=\"4a389061\" data-element_type=\"widget\" data-widget_type=\"button.default\">\n\t\t\t\t<div class=\"elementor-widget-container\">\n\t\t\t\t\t<div class=\"elementor-button-wrapper\">\n\t\t\t<a href=\"https:\/\/test.dgm.se\/en\/tjanster\/\" class=\"elementor-button-link elementor-button elementor-size-lg\" role=\"button\">\n\t\t\t\t\t\t<span class=\"elementor-button-content-wrapper\">\n\t\t\t\t\t\t<span class=\"elementor-button-text\">All our services<\/span>\n\t\t<\/span>\n\t\t\t\t\t<\/a>\n\t\t<\/div>\n\t\t\t\t<\/div>\n\t\t\t\t<\/div>\n\t\t\t\t\t\t<\/div>\n\t\t\t<\/div>\n\t\t<\/div>\n\t\t\t\t\t\t<\/div>\n\t\t\t<\/div>\n\t\t<\/section>\n\t\t\t\t\t\t<\/div>\n\t\t\t<\/div>\n\t\t<\/div>","protected":false},"excerpt":{"rendered":"<p>Packning &amp; dokumentation Vi hj\u00e4lper er att undvika Arbetsrelaterade olyckor och incidenter On\u00f6diga och kostsamma b\u00f6ter F\u00f6rdr\u00f6jda leveranser till era kunder Att packa och m\u00e4rka kollin med farligt gods kr\u00e4ver utbildad och kompetent personal. Bristf\u00e4lliga f\u00f6rpackningar eller felaktiga transporthandlingar kan leda till allvarliga konsekvenser. I v\u00e4rsta fall olyckor och allvarliga incidenter, men det kan ocks\u00e5 &hellip; <a href=\"https:\/\/test.dgm.se\/en\/tjanster\/packningdokumentation\/\" data-no-translation=\"\" data-trp-gettext=\"\">Continued<\/a><\/p>","protected":false},"author":1,"featured_media":15054,"parent":331,"menu_order":1,"comment_status":"closed","ping_status":"closed","template":"elementor_header_footer","meta":{"spay_email":""},"yoast_head":"<!-- This site is optimized with the Yoast SEO plugin v18.1 - https:\/\/yoast.com\/wordpress\/plugins\/seo\/ -->\n<title>Packning &amp; dokumentation. &ndash; Test DGM Sverige<\/title>\n<meta name=\"robots\" content=\"noindex, follow, max-snippet:-1, max-image-preview:large, max-video-preview:-1\" \/>\n<meta property=\"og:locale\" content=\"en_US\" \/>\n<meta property=\"og:type\" content=\"article\" \/>\n<meta property=\"og:title\" content=\"Packning &amp; dokumentation. &ndash; Test DGM Sverige\" \/>\n<meta property=\"og:description\" content=\"Packning &amp; dokumentation Vi hj\u00e4lper er att undvika Arbetsrelaterade olyckor och incidenter On\u00f6diga och kostsamma b\u00f6ter F\u00f6rdr\u00f6jda leveranser till era kunder Att packa och m\u00e4rka kollin med farligt gods kr\u00e4ver utbildad och kompetent personal. Bristf\u00e4lliga f\u00f6rpackningar eller felaktiga transporthandlingar kan leda till allvarliga konsekvenser. I v\u00e4rsta fall olyckor och allvarliga incidenter, men det kan ocks\u00e5 &hellip; Continued\" \/>\n<meta property=\"og:url\" content=\"https:\/\/dgm.se\/tjanster\/packningdokumentation\/\" \/>\n<meta property=\"og:site_name\" content=\"Test DGM Sverige\" \/>\n<meta property=\"article:modified_time\" content=\"2022-01-16T22:16:17+00:00\" \/>\n<meta property=\"og:image\" content=\"https:\/\/dgm.se\/app\/uploads\/2022\/01\/Operation-packar-puff-750x420px.jpg\" \/>\n\t<meta property=\"og:image:width\" content=\"750\" \/>\n\t<meta property=\"og:image:height\" content=\"420\" \/>\n\t<meta property=\"og:image:type\" content=\"image\/jpeg\" \/>\n<meta name=\"twitter:card\" content=\"summary_large_image\" \/>\n<meta name=\"twitter:label1\" content=\"Est. reading time\" \/>\n\t<meta name=\"twitter:data1\" content=\"2 minutes\" \/>\n<script type=\"application\/ld+json\" class=\"yoast-schema-graph\">{\"@context\":\"https:\/\/schema.org\",\"@graph\":[{\"@type\":\"WebSite\",\"@id\":\"https:\/\/test.dgm.se\/#website\",\"url\":\"https:\/\/test.dgm.se\/\",\"name\":\"Test DGM Sverige\",\"description\":\"Din farligt gods-expert\",\"potentialAction\":[{\"@type\":\"SearchAction\",\"target\":{\"@type\":\"EntryPoint\",\"urlTemplate\":\"https:\/\/test.dgm.se\/?s={search_term_string}\"},\"query-input\":\"required name=search_term_string\"}],\"inLanguage\":\"en-US\"},{\"@type\":\"ImageObject\",\"@id\":\"https:\/\/dgm.se\/tjanster\/packningdokumentation\/#primaryimage\",\"inLanguage\":\"en-US\",\"url\":\"https:\/\/test.dgm.se\/app\/uploads\/2022\/01\/Operation-packar-puff-750x420px.jpg\",\"contentUrl\":\"https:\/\/test.dgm.se\/app\/uploads\/2022\/01\/Operation-packar-puff-750x420px.jpg\",\"width\":750,\"height\":420},{\"@type\":\"WebPage\",\"@id\":\"https:\/\/dgm.se\/tjanster\/packningdokumentation\/#webpage\",\"url\":\"https:\/\/dgm.se\/tjanster\/packningdokumentation\/\",\"name\":\"Packning & dokumentation. &ndash; Test DGM Sverige\",\"isPartOf\":{\"@id\":\"https:\/\/test.dgm.se\/#website\"},\"primaryImageOfPage\":{\"@id\":\"https:\/\/dgm.se\/tjanster\/packningdokumentation\/#primaryimage\"},\"datePublished\":\"2020-04-08T07:49:32+00:00\",\"dateModified\":\"2022-01-16T22:16:17+00:00\",\"breadcrumb\":{\"@id\":\"https:\/\/dgm.se\/tjanster\/packningdokumentation\/#breadcrumb\"},\"inLanguage\":\"en-US\",\"potentialAction\":[{\"@type\":\"ReadAction\",\"target\":[\"https:\/\/dgm.se\/tjanster\/packningdokumentation\/\"]}]},{\"@type\":\"BreadcrumbList\",\"@id\":\"https:\/\/dgm.se\/tjanster\/packningdokumentation\/#breadcrumb\",\"itemListElement\":[{\"@type\":\"ListItem\",\"position\":1,\"name\":\"\",\"item\":\"https:\/\/test.dgm.se\/\"},{\"@type\":\"ListItem\",\"position\":2,\"name\":\"Tj\u00e4nster\",\"item\":\"https:\/\/dgm.se\/tjanster\/\"},{\"@type\":\"ListItem\",\"position\":3,\"name\":\"Packning &#038; dokumentation.\"}]}]}<\/script>\n<!-- \/ Yoast SEO plugin. -->","yoast_head_json":{"title":"Packning & dokumentation. &ndash; Test DGM Sverige","robots":{"index":"noindex","follow":"follow","max-snippet":"max-snippet:-1","max-image-preview":"max-image-preview:large","max-video-preview":"max-video-preview:-1"},"og_locale":"en_US","og_type":"article","og_title":"Packning & dokumentation. &ndash; Test DGM Sverige","og_description":"Packning &amp; dokumentation Vi hj\u00e4lper er att undvika Arbetsrelaterade olyckor och incidenter On\u00f6diga och kostsamma b\u00f6ter F\u00f6rdr\u00f6jda leveranser till era kunder Att packa och m\u00e4rka kollin med farligt gods kr\u00e4ver utbildad och kompetent personal. Bristf\u00e4lliga f\u00f6rpackningar eller felaktiga transporthandlingar kan leda till allvarliga konsekvenser. I v\u00e4rsta fall olyckor och allvarliga incidenter, men det kan ocks\u00e5 &hellip; Continued","og_url":"https:\/\/dgm.se\/tjanster\/packningdokumentation\/","og_site_name":"Test DGM Sverige","article_modified_time":"2022-01-16T22:16:17+00:00","og_image":[{"width":750,"height":420,"url":"https:\/\/dgm.se\/app\/uploads\/2022\/01\/Operation-packar-puff-750x420px.jpg","type":"image\/jpeg"}],"twitter_card":"summary_large_image","twitter_misc":{"Est. reading time":"2 minutes"},"schema":{"@context":"https:\/\/schema.org","@graph":[{"@type":"WebSite","@id":"https:\/\/test.dgm.se\/#website","url":"https:\/\/test.dgm.se\/","name":"Test DGM Sverige","description":"Din farligt gods-expert","potentialAction":[{"@type":"SearchAction","target":{"@type":"EntryPoint","urlTemplate":"https:\/\/test.dgm.se\/?s={search_term_string}"},"query-input":"required name=search_term_string"}],"inLanguage":"en-US"},{"@type":"ImageObject","@id":"https:\/\/dgm.se\/tjanster\/packningdokumentation\/#primaryimage","inLanguage":"en-US","url":"https:\/\/test.dgm.se\/app\/uploads\/2022\/01\/Operation-packar-puff-750x420px.jpg","contentUrl":"https:\/\/test.dgm.se\/app\/uploads\/2022\/01\/Operation-packar-puff-750x420px.jpg","width":750,"height":420},{"@type":"WebPage","@id":"https:\/\/dgm.se\/tjanster\/packningdokumentation\/#webpage","url":"https:\/\/dgm.se\/tjanster\/packningdokumentation\/","name":"Packning & dokumentation. &ndash; Test DGM Sverige","isPartOf":{"@id":"https:\/\/test.dgm.se\/#website"},"primaryImageOfPage":{"@id":"https:\/\/dgm.se\/tjanster\/packningdokumentation\/#primaryimage"},"datePublished":"2020-04-08T07:49:32+00:00","dateModified":"2022-01-16T22:16:17+00:00","breadcrumb":{"@id":"https:\/\/dgm.se\/tjanster\/packningdokumentation\/#breadcrumb"},"inLanguage":"en-US","potentialAction":[{"@type":"ReadAction","target":["https:\/\/dgm.se\/tjanster\/packningdokumentation\/"]}]},{"@type":"BreadcrumbList","@id":"https:\/\/dgm.se\/tjanster\/packningdokumentation\/#breadcrumb","itemListElement":[{"@type":"ListItem","position":1,"name":"","item":"https:\/\/test.dgm.se\/"},{"@type":"ListItem","position":2,"name":"Tj\u00e4nster","item":"https:\/\/dgm.se\/tjanster\/"},{"@type":"ListItem","position":3,"name":"Packning &#038; dokumentation."}]}]}},"_links":{"self":[{"href":"https:\/\/test.dgm.se\/en\/wp-json\/wp\/v2\/pages\/775"}],"collection":[{"href":"https:\/\/test.dgm.se\/en\/wp-json\/wp\/v2\/pages"}],"about":[{"href":"https:\/\/test.dgm.se\/en\/wp-json\/wp\/v2\/types\/page"}],"author":[{"embeddable":true,"href":"https:\/\/test.dgm.se\/en\/wp-json\/wp\/v2\/users\/1"}],"replies":[{"embeddable":true,"href":"https:\/\/test.dgm.se\/en\/wp-json\/wp\/v2\/comments?post=775"}],"version-history":[{"count":134,"href":"https:\/\/test.dgm.se\/en\/wp-json\/wp\/v2\/pages\/775\/revisions"}],"predecessor-version":[{"id":15169,"href":"https:\/\/test.dgm.se\/en\/wp-json\/wp\/v2\/pages\/775\/revisions\/15169"}],"up":[{"embeddable":true,"href":"https:\/\/test.dgm.se\/en\/wp-json\/wp\/v2\/pages\/331"}],"wp:featuredmedia":[{"embeddable":true,"href":"https:\/\/test.dgm.se\/en\/wp-json\/wp\/v2\/media\/15054"}],"wp:attachment":[{"href":"https:\/\/test.dgm.se\/en\/wp-json\/wp\/v2\/media?parent=775"}],"curies":[{"name":"wp","href":"https:\/\/api.w.org\/{rel}","templated":true}]}}