{"id":9229,"date":"2020-08-20T09:22:32","date_gmt":"2020-08-20T09:22:32","guid":{"rendered":"https:\/\/dgm.advanttest.se\/?page_id=9229"},"modified":"2021-01-04T10:15:57","modified_gmt":"2021-01-04T09:15:57","slug":"sakerhetsradgivare","status":"publish","type":"page","link":"https:\/\/test.dgm.se\/en\/utbildningar\/sakerhetsradgivare\/","title":{"rendered":"Security Advisor"},"content":{"rendered":"<div data-elementor-type=\"wp-page\" data-elementor-id=\"9229\" class=\"elementor elementor-9229\" data-elementor-settings=\"[]\">\n\t\t\t<div class=\"elementor-inner\">\n\t\t\t\t<div class=\"elementor-section-wrap\">\n\t\t\t\t\t\t\t<section class=\"elementor-element elementor-element-5b274187 elementor-section-full_width elementor-section-content-middle clipped-header elementor-section-height-default elementor-section-height-default elementor-section elementor-top-section\" data-id=\"5b274187\" data-element_type=\"section\" data-settings=\"{&quot;background_background&quot;:&quot;classic&quot;}\">\n\t\t\t\t\t\t\t<div class=\"elementor-background-overlay\"><\/div>\n\t\t\t\t\t\t\t<div class=\"elementor-container elementor-column-gap-default\">\n\t\t\t\t<div class=\"elementor-row\">\n\t\t\t\t<div class=\"elementor-element elementor-element-2332e6fd clipped-subpage elementor-column elementor-col-50 elementor-top-column\" data-id=\"2332e6fd\" data-element_type=\"column\" data-settings=\"{&quot;background_background&quot;:&quot;classic&quot;}\">\n\t\t\t<div class=\"elementor-column-wrap  elementor-element-populated\">\n\t\t\t\t\t<div class=\"elementor-widget-wrap\">\n\t\t\t\t<div class=\"elementor-element elementor-element-508b953e h1-large elementor-widget elementor-widget-heading\" data-id=\"508b953e\" data-element_type=\"widget\" data-widget_type=\"heading.default\">\n\t\t\t\t<div class=\"elementor-widget-container\">\n\t\t\t<h1 class=\"elementor-heading-title elementor-size-default\">Security Advisor<\/h1>\t\t<\/div>\n\t\t\t\t<\/div>\n\t\t\t\t<div class=\"elementor-element elementor-element-19e56b25 hero-preamble elementor-widget elementor-widget-text-editor\" data-id=\"19e56b25\" data-element_type=\"widget\" data-widget_type=\"text-editor.default\">\n\t\t\t\t<div class=\"elementor-widget-container\">\n\t\t\t\t\t<div class=\"elementor-text-editor elementor-clearfix\"><p>More information about training for those who want to become security advisors<\/p><\/div>\n\t\t\t\t<\/div>\n\t\t\t\t<\/div>\n\t\t\t\t\t\t<\/div>\n\t\t\t<\/div>\n\t\t<\/div>\n\t\t\t\t<div class=\"elementor-element elementor-element-150e984d elementor-column elementor-col-50 elementor-top-column\" data-id=\"150e984d\" data-element_type=\"column\" data-settings=\"{&quot;background_background&quot;:&quot;classic&quot;}\">\n\t\t\t<div class=\"elementor-column-wrap\">\n\t\t\t\t\t<div class=\"elementor-widget-wrap\">\n\t\t\t\t\t\t<\/div>\n\t\t\t<\/div>\n\t\t<\/div>\n\t\t\t\t\t\t<\/div>\n\t\t\t<\/div>\n\t\t<\/section>\n\t\t\t\t<section class=\"elementor-element elementor-element-babd536 elementor-section-boxed elementor-section-height-default elementor-section-height-default elementor-section elementor-top-section\" data-id=\"babd536\" data-element_type=\"section\">\n\t\t\t\t\t\t<div class=\"elementor-container elementor-column-gap-default\">\n\t\t\t\t<div class=\"elementor-row\">\n\t\t\t\t<div class=\"elementor-element elementor-element-40e92dd elementor-column elementor-col-100 elementor-top-column\" data-id=\"40e92dd\" data-element_type=\"column\">\n\t\t\t<div class=\"elementor-column-wrap  elementor-element-populated\">\n\t\t\t\t\t<div class=\"elementor-widget-wrap\">\n\t\t\t\t<div class=\"elementor-element elementor-element-68a8970 elementor-widget elementor-widget-advant-breadcrumbs\" data-id=\"68a8970\" data-element_type=\"widget\" data-widget_type=\"advant-breadcrumbs.default\">\n\t\t\t\t<div class=\"elementor-widget-container\">\n\t\t\t\n        \t\t\n\t\t\t<nav class=\"bc-wrapper\">\n\t\t\t<nav aria-label=\"Breadcrumbs\" class=\"breadcrumb\">\n\t\t\t\t\t\t\t\t\t\t\t\t\t\t\t<a class=\"bc-home\" style=\"text-decoration: none;\" href=\"https:\/\/test.dgm.se\/en\"><i class=\"fa fa-home\"><\/i><\/a> \n\t\t\t\t\t\t\t\t\t\t<a class=\"bc-home\" href=\"https:\/\/test.dgm.se\/en\">Home<\/a>\n\t\t\t\t\t<span class=\"bc-separator\"> \/ <\/span>\n\t\t\t\t\n\t\t\t\t<a href=\"https:\/\/test.dgm.se\/en\/utbildningar\/\" class=\"bc-trail\">Educations<\/a><span class=\"bc-separator\"> \/ <\/span><span class=\"bc-current\">Security Advisor<\/span>\n\t\t\t<\/nav>\n\t\t\t<\/div>\n\t\t\t\n                <style>\n        .elementor-widget-advant-breadcrumbs {\n        }\n        <\/style>\n                \t\t<\/div>\n\t\t\t\t<\/div>\n\t\t\t\t\t\t<\/div>\n\t\t\t<\/div>\n\t\t<\/div>\n\t\t\t\t\t\t<\/div>\n\t\t\t<\/div>\n\t\t<\/section>\n\t\t\t\t<section class=\"elementor-element elementor-element-4f08317 elementor-section-boxed elementor-section-height-default elementor-section-height-default elementor-section elementor-top-section\" data-id=\"4f08317\" data-element_type=\"section\">\n\t\t\t\t\t\t<div class=\"elementor-container elementor-column-gap-default\">\n\t\t\t\t<div class=\"elementor-row\">\n\t\t\t\t<div class=\"elementor-element elementor-element-e5d6528 elementor-column elementor-col-100 elementor-top-column\" data-id=\"e5d6528\" data-element_type=\"column\">\n\t\t\t<div class=\"elementor-column-wrap  elementor-element-populated\">\n\t\t\t\t\t<div class=\"elementor-widget-wrap\">\n\t\t\t\t<div class=\"elementor-element elementor-element-75a9108 elementor-widget elementor-widget-text-editor\" data-id=\"75a9108\" data-element_type=\"widget\" data-widget_type=\"text-editor.default\">\n\t\t\t\t<div class=\"elementor-widget-container\">\n\t\t\t\t\t<div class=\"elementor-text-editor elementor-clearfix\"><\/div>\n\t\t\t\t<\/div>\n\t\t\t\t<\/div>\n\t\t\t\t\t\t<\/div>\n\t\t\t<\/div>\n\t\t<\/div>\n\t\t\t\t\t\t<\/div>\n\t\t\t<\/div>\n\t\t<\/section>\n\t\t\t\t<section class=\"elementor-element elementor-element-63a2036 elementor-section-boxed elementor-section-height-default elementor-section-height-default elementor-section elementor-top-section\" data-id=\"63a2036\" data-element_type=\"section\">\n\t\t\t\t\t\t<div class=\"elementor-container elementor-column-gap-default\">\n\t\t\t\t<div class=\"elementor-row\">\n\t\t\t\t<div class=\"elementor-element elementor-element-6b66f33 elementor-column elementor-col-100 elementor-top-column\" data-id=\"6b66f33\" data-element_type=\"column\">\n\t\t\t<div class=\"elementor-column-wrap  elementor-element-populated\">\n\t\t\t\t\t<div class=\"elementor-widget-wrap\">\n\t\t\t\t<div class=\"elementor-element elementor-element-c44b27f elementor-widget elementor-widget-advant-postlist\" data-id=\"c44b27f\" data-element_type=\"widget\" data-widget_type=\"advant-postlist.default\">\n\t\t\t\t<div class=\"elementor-widget-container\">\n\t\t\t        <div class=\"postlist postlist--utbildningar-lista\">\n            <div class=\"postlist__entries\">\n                <div class=\"elementor-element puff elementor-cta--skin-classic elementor-animated-content elementor-widget elementor-widget-call-to-action\">\n  <div class=\"elementor-widget-container\">\n    <a href=\"https:\/\/test.dgm.se\/en\/utbildningar\/sakerhetsradgivare\/sakerhetsradgivarens-uppgifter-farligt-gods-i-ledningssystem\/\" class=\"elementor-cta\">\n            <div class=\"elementor-cta__content\">\n        <h3 class=\"elementor-cta__title elementor-cta__content-item elementor-content-item\">\n          Safety advisor duties \u2013 Dangerous goods in management systems        <\/h3>\n\n        <div class=\"elementor-cta__description elementor-cta__content-item elementor-content-item\">\n                  <\/div>\n\n        <div class=\"elementor-cta__button-wrapper elementor-cta__content-item elementor-content-item\">\n          <span class=\"elementor-cta__button elementor-button elementor-size-xs\">\n                          Read more\n                      <\/span>\n        <\/div>\n      <\/div>\n    <\/a>\n  <\/div>\n<\/div><div class=\"elementor-element puff elementor-cta--skin-classic elementor-animated-content elementor-widget elementor-widget-call-to-action\">\n  <div class=\"elementor-widget-container\">\n    <a href=\"https:\/\/test.dgm.se\/en\/utbildningar\/sakerhetsradgivare\/sakerhetsradgivare-ovningar-infor-msb-examen-allmanna-fragor\/\" class=\"elementor-cta\">\n            <div class=\"elementor-cta__content\">\n        <h3 class=\"elementor-cta__title elementor-cta__content-item elementor-content-item\">\n          Security Advisor \u2013 MSB exam exercises (online)        <\/h3>\n\n        <div class=\"elementor-cta__description elementor-cta__content-item elementor-content-item\">\n                  <\/div>\n\n        <div class=\"elementor-cta__button-wrapper elementor-cta__content-item elementor-content-item\">\n          <span class=\"elementor-cta__button elementor-button elementor-size-xs\">\n                          Read more\n                      <\/span>\n        <\/div>\n      <\/div>\n    <\/a>\n  <\/div>\n<\/div>            <\/div>\n\t\t<\/div>\n\t\t\t\t<\/div>\n\t\t\t\t<\/div>\n\t\t\t\t\t\t<\/div>\n\t\t\t<\/div>\n\t\t<\/div>\n\t\t\t\t\t\t<\/div>\n\t\t\t<\/div>\n\t\t<\/section>\n\t\t\t\t\t\t<\/div>\n\t\t\t<\/div>\n\t\t<\/div>","protected":false},"excerpt":{"rendered":"<p>Mer information om utbildningar f\u00f6r dig som ska bli s\u00e4kerhetsr\u00e5dgivare Hem \/ Utbildningar \/ S\u00e4kerhetsr\u00e5dgivare S\u00e4kerhetsr\u00e5dgivarens uppgifter &#8211; Farligt gods i ledningssystem L\u00e4s mer S\u00e4kerhetsr\u00e5dgivare &#8211; \u00f6vningar inf\u00f6r MSB examen (online) [l\u00e4nka direkt till webshop] L\u00e4s mer<\/p>","protected":false},"author":4,"featured_media":5668,"parent":1113,"menu_order":6,"comment_status":"closed","ping_status":"closed","template":"elementor_header_footer","meta":{"spay_email":""},"yoast_head":"<!-- This site is optimized with the Yoast SEO plugin v18.1 - https:\/\/yoast.com\/wordpress\/plugins\/seo\/ -->\n<title>S\u00e4kerhetsr\u00e5dgivare &ndash; Test DGM Sverige<\/title>\n<meta name=\"robots\" content=\"noindex, follow, max-snippet:-1, max-image-preview:large, max-video-preview:-1\" \/>\n<meta property=\"og:locale\" content=\"en_US\" \/>\n<meta property=\"og:type\" content=\"article\" \/>\n<meta property=\"og:title\" content=\"S\u00e4kerhetsr\u00e5dgivare &ndash; Test DGM Sverige\" \/>\n<meta property=\"og:description\" content=\"Mer information om utbildningar f\u00f6r dig som ska bli s\u00e4kerhetsr\u00e5dgivare Hem \/ Utbildningar \/ S\u00e4kerhetsr\u00e5dgivare S\u00e4kerhetsr\u00e5dgivarens uppgifter &#8211; Farligt gods i ledningssystem L\u00e4s mer S\u00e4kerhetsr\u00e5dgivare &#8211; \u00f6vningar inf\u00f6r MSB examen (online) [l\u00e4nka direkt till webshop] L\u00e4s mer\" \/>\n<meta property=\"og:url\" content=\"https:\/\/dgm.se\/utbildningar\/sakerhetsradgivare\/\" \/>\n<meta property=\"og:site_name\" content=\"Test DGM Sverige\" \/>\n<meta property=\"article:modified_time\" content=\"2021-01-04T09:15:57+00:00\" \/>\n<meta property=\"og:image\" content=\"https:\/\/dgm.se\/app\/uploads\/2020\/07\/Dangerous20goods20by20rail-scaled.jpg\" \/>\n\t<meta property=\"og:image:width\" content=\"1887\" \/>\n\t<meta property=\"og:image:height\" content=\"2560\" \/>\n\t<meta property=\"og:image:type\" content=\"image\/jpeg\" \/>\n<meta name=\"twitter:card\" content=\"summary_large_image\" \/>\n<script type=\"application\/ld+json\" class=\"yoast-schema-graph\">{\"@context\":\"https:\/\/schema.org\",\"@graph\":[{\"@type\":\"WebSite\",\"@id\":\"https:\/\/test.dgm.se\/#website\",\"url\":\"https:\/\/test.dgm.se\/\",\"name\":\"Test DGM Sverige\",\"description\":\"Din farligt gods-expert\",\"potentialAction\":[{\"@type\":\"SearchAction\",\"target\":{\"@type\":\"EntryPoint\",\"urlTemplate\":\"https:\/\/test.dgm.se\/?s={search_term_string}\"},\"query-input\":\"required name=search_term_string\"}],\"inLanguage\":\"en-US\"},{\"@type\":\"ImageObject\",\"@id\":\"https:\/\/dgm.se\/utbildningar\/sakerhetsradgivare\/#primaryimage\",\"inLanguage\":\"en-US\",\"url\":\"https:\/\/test.dgm.se\/app\/uploads\/2020\/07\/Dangerous20goods20by20rail-scaled.jpg\",\"contentUrl\":\"https:\/\/test.dgm.se\/app\/uploads\/2020\/07\/Dangerous20goods20by20rail-scaled.jpg\",\"width\":1887,\"height\":2560},{\"@type\":\"WebPage\",\"@id\":\"https:\/\/dgm.se\/utbildningar\/sakerhetsradgivare\/#webpage\",\"url\":\"https:\/\/dgm.se\/utbildningar\/sakerhetsradgivare\/\",\"name\":\"S\u00e4kerhetsr\u00e5dgivare &ndash; Test DGM Sverige\",\"isPartOf\":{\"@id\":\"https:\/\/test.dgm.se\/#website\"},\"primaryImageOfPage\":{\"@id\":\"https:\/\/dgm.se\/utbildningar\/sakerhetsradgivare\/#primaryimage\"},\"datePublished\":\"2020-08-20T09:22:32+00:00\",\"dateModified\":\"2021-01-04T09:15:57+00:00\",\"breadcrumb\":{\"@id\":\"https:\/\/dgm.se\/utbildningar\/sakerhetsradgivare\/#breadcrumb\"},\"inLanguage\":\"en-US\",\"potentialAction\":[{\"@type\":\"ReadAction\",\"target\":[\"https:\/\/dgm.se\/utbildningar\/sakerhetsradgivare\/\"]}]},{\"@type\":\"BreadcrumbList\",\"@id\":\"https:\/\/dgm.se\/utbildningar\/sakerhetsradgivare\/#breadcrumb\",\"itemListElement\":[{\"@type\":\"ListItem\",\"position\":1,\"name\":\"\",\"item\":\"https:\/\/test.dgm.se\/\"},{\"@type\":\"ListItem\",\"position\":2,\"name\":\"Utbildningar\",\"item\":\"https:\/\/dgm.se\/utbildningar\/\"},{\"@type\":\"ListItem\",\"position\":3,\"name\":\"S\u00e4kerhetsr\u00e5dgivare\"}]}]}<\/script>\n<!-- \/ Yoast SEO plugin. -->","yoast_head_json":{"title":"S\u00e4kerhetsr\u00e5dgivare &ndash; Test DGM Sverige","robots":{"index":"noindex","follow":"follow","max-snippet":"max-snippet:-1","max-image-preview":"max-image-preview:large","max-video-preview":"max-video-preview:-1"},"og_locale":"en_US","og_type":"article","og_title":"S\u00e4kerhetsr\u00e5dgivare &ndash; Test DGM Sverige","og_description":"Mer information om utbildningar f\u00f6r dig som ska bli s\u00e4kerhetsr\u00e5dgivare Hem \/ Utbildningar \/ S\u00e4kerhetsr\u00e5dgivare S\u00e4kerhetsr\u00e5dgivarens uppgifter &#8211; Farligt gods i ledningssystem L\u00e4s mer S\u00e4kerhetsr\u00e5dgivare &#8211; \u00f6vningar inf\u00f6r MSB examen (online) [l\u00e4nka direkt till webshop] L\u00e4s mer","og_url":"https:\/\/dgm.se\/utbildningar\/sakerhetsradgivare\/","og_site_name":"Test DGM Sverige","article_modified_time":"2021-01-04T09:15:57+00:00","og_image":[{"width":1887,"height":2560,"url":"https:\/\/dgm.se\/app\/uploads\/2020\/07\/Dangerous20goods20by20rail-scaled.jpg","type":"image\/jpeg"}],"twitter_card":"summary_large_image","schema":{"@context":"https:\/\/schema.org","@graph":[{"@type":"WebSite","@id":"https:\/\/test.dgm.se\/#website","url":"https:\/\/test.dgm.se\/","name":"Test DGM Sverige","description":"Din farligt gods-expert","potentialAction":[{"@type":"SearchAction","target":{"@type":"EntryPoint","urlTemplate":"https:\/\/test.dgm.se\/?s={search_term_string}"},"query-input":"required name=search_term_string"}],"inLanguage":"en-US"},{"@type":"ImageObject","@id":"https:\/\/dgm.se\/utbildningar\/sakerhetsradgivare\/#primaryimage","inLanguage":"en-US","url":"https:\/\/test.dgm.se\/app\/uploads\/2020\/07\/Dangerous20goods20by20rail-scaled.jpg","contentUrl":"https:\/\/test.dgm.se\/app\/uploads\/2020\/07\/Dangerous20goods20by20rail-scaled.jpg","width":1887,"height":2560},{"@type":"WebPage","@id":"https:\/\/dgm.se\/utbildningar\/sakerhetsradgivare\/#webpage","url":"https:\/\/dgm.se\/utbildningar\/sakerhetsradgivare\/","name":"S\u00e4kerhetsr\u00e5dgivare &ndash; Test DGM Sverige","isPartOf":{"@id":"https:\/\/test.dgm.se\/#website"},"primaryImageOfPage":{"@id":"https:\/\/dgm.se\/utbildningar\/sakerhetsradgivare\/#primaryimage"},"datePublished":"2020-08-20T09:22:32+00:00","dateModified":"2021-01-04T09:15:57+00:00","breadcrumb":{"@id":"https:\/\/dgm.se\/utbildningar\/sakerhetsradgivare\/#breadcrumb"},"inLanguage":"en-US","potentialAction":[{"@type":"ReadAction","target":["https:\/\/dgm.se\/utbildningar\/sakerhetsradgivare\/"]}]},{"@type":"BreadcrumbList","@id":"https:\/\/dgm.se\/utbildningar\/sakerhetsradgivare\/#breadcrumb","itemListElement":[{"@type":"ListItem","position":1,"name":"","item":"https:\/\/test.dgm.se\/"},{"@type":"ListItem","position":2,"name":"Utbildningar","item":"https:\/\/dgm.se\/utbildningar\/"},{"@type":"ListItem","position":3,"name":"S\u00e4kerhetsr\u00e5dgivare"}]}]}},"_links":{"self":[{"href":"https:\/\/test.dgm.se\/en\/wp-json\/wp\/v2\/pages\/9229"}],"collection":[{"href":"https:\/\/test.dgm.se\/en\/wp-json\/wp\/v2\/pages"}],"about":[{"href":"https:\/\/test.dgm.se\/en\/wp-json\/wp\/v2\/types\/page"}],"author":[{"embeddable":true,"href":"https:\/\/test.dgm.se\/en\/wp-json\/wp\/v2\/users\/4"}],"replies":[{"embeddable":true,"href":"https:\/\/test.dgm.se\/en\/wp-json\/wp\/v2\/comments?post=9229"}],"version-history":[{"count":6,"href":"https:\/\/test.dgm.se\/en\/wp-json\/wp\/v2\/pages\/9229\/revisions"}],"predecessor-version":[{"id":14394,"href":"https:\/\/test.dgm.se\/en\/wp-json\/wp\/v2\/pages\/9229\/revisions\/14394"}],"up":[{"embeddable":true,"href":"https:\/\/test.dgm.se\/en\/wp-json\/wp\/v2\/pages\/1113"}],"wp:featuredmedia":[{"embeddable":true,"href":"https:\/\/test.dgm.se\/en\/wp-json\/wp\/v2\/media\/5668"}],"wp:attachment":[{"href":"https:\/\/test.dgm.se\/en\/wp-json\/wp\/v2\/media?parent=9229"}],"curies":[{"name":"wp","href":"https:\/\/api.w.org\/{rel}","templated":true}]}}