{"id":15144,"date":"2022-01-17T07:38:53","date_gmt":"2022-01-17T06:38:53","guid":{"rendered":"https:\/\/dgm.advanttest.se\/?post_type=product&#038;p=15144"},"modified":"2025-06-19T09:33:37","modified_gmt":"2025-06-19T07:33:37","slug":"fg-lada-well-dgm-4-lb-lipropac","status":"publish","type":"product","link":"https:\/\/test.dgm.se\/en\/product\/fg-lada-well-dgm-4-lb-lipropac\/","title":{"rendered":"FG Box Well DGM 4 LB LiProPac"},"content":{"rendered":"<p>. Taravikt: ca. 1,13 kg<\/p>\n<p>Ytterdim: 560x360x350\u00a0mm<\/p>\n<p>Innerdim: 536x336x292 mm<\/p>\n<p>Maximum permissible gross weight<\/p>\n<p>4G X = 35\u00a0kg<\/p>\n<p>4G Y = 45\u00a0kg<\/p>\n<p>4G Z = 50\u00a0kg<\/p>\n<p><strong>M\u00e4ngdrabatt:\u00a040%\u00a0vid k\u00f6p av helpall &#8211; 170 st<\/strong><\/p>\n<p><a href=\"https:\/\/admin.net17025.com\/files\/certificates\/certificate_10761_210615130207.pdf\">UN-Certifikat NET12503A 4G<\/a><\/p>\n<p>Please note that reinforced tape is required when closing the box.<\/p>\n<p>Reinforced tape can be ordered in our webshop.<\/p>","protected":false},"excerpt":{"rendered":"<p>UN-godk\u00e4nd f\u00f6rpackning (4G)<\/p>","protected":false},"featured_media":15114,"template":"","meta":{"spay_email":""},"product_cat":[47],"product_tag":[],"wcpa_form_fields":null,"yoast_head":"<!-- This site is optimized with the Yoast SEO plugin v18.1 - https:\/\/yoast.com\/wordpress\/plugins\/seo\/ -->\n<title>FG-L\u00e5da Well DGM 4 LB LiProPac &ndash; Test DGM Sverige<\/title>\n<meta name=\"robots\" content=\"noindex, follow, max-snippet:-1, max-image-preview:large, max-video-preview:-1\" \/>\n<meta property=\"og:locale\" content=\"en_US\" \/>\n<meta property=\"og:type\" content=\"article\" \/>\n<meta property=\"og:title\" content=\"FG-L\u00e5da Well DGM 4 LB LiProPac &ndash; Test DGM Sverige\" \/>\n<meta property=\"og:description\" content=\"UN-godk\u00e4nd f\u00f6rpackning (4G)\" \/>\n<meta property=\"og:url\" content=\"https:\/\/test.dgm.se\/en\/product\/fg-lada-well-dgm-4-lb-lipropac\/\" \/>\n<meta property=\"og:site_name\" content=\"Test DGM Sverige\" \/>\n<meta property=\"article:modified_time\" content=\"2025-06-19T07:33:37+00:00\" \/>\n<meta property=\"og:image\" content=\"https:\/\/test.dgm.se\/app\/uploads\/2022\/01\/DGM-4-LB-LiProPac-1440x1440px.jpg\" \/>\n\t<meta property=\"og:image:width\" content=\"1440\" \/>\n\t<meta property=\"og:image:height\" content=\"1440\" \/>\n\t<meta property=\"og:image:type\" content=\"image\/jpeg\" \/>\n<meta name=\"twitter:card\" content=\"summary_large_image\" \/>\n<meta name=\"twitter:label1\" content=\"#!trpst#trp-gettext data-trpgettextoriginal=681#!trpen#Est. reading time#!trpst#\/trp-gettext#!trpen#\" \/>\n\t<meta name=\"twitter:data1\" content=\"1 minute\" \/>\n<script type=\"application\/ld+json\" class=\"yoast-schema-graph\">{\"@context\":\"https:\/\/schema.org\",\"@graph\":[{\"@type\":\"WebSite\",\"@id\":\"https:\/\/test.dgm.se\/#website\",\"url\":\"https:\/\/test.dgm.se\/\",\"name\":\"Test DGM Sverige\",\"description\":\"Din farligt gods-expert\",\"potentialAction\":[{\"@type\":\"SearchAction\",\"target\":{\"@type\":\"EntryPoint\",\"urlTemplate\":\"https:\/\/test.dgm.se\/?s={search_term_string}\"},\"query-input\":\"required name=search_term_string\"}],\"inLanguage\":\"en-US\"},{\"@type\":\"ImageObject\",\"@id\":\"https:\/\/test.dgm.se\/produkt\/fg-lada-well-dgm-4-lb-lipropac\/#primaryimage\",\"inLanguage\":\"en-US\",\"url\":\"https:\/\/test.dgm.se\/app\/uploads\/2022\/01\/DGM-4-LB-LiProPac-1440x1440px.jpg\",\"contentUrl\":\"https:\/\/test.dgm.se\/app\/uploads\/2022\/01\/DGM-4-LB-LiProPac-1440x1440px.jpg\",\"width\":1440,\"height\":1440},{\"@type\":\"WebPage\",\"@id\":\"https:\/\/test.dgm.se\/produkt\/fg-lada-well-dgm-4-lb-lipropac\/#webpage\",\"url\":\"https:\/\/test.dgm.se\/produkt\/fg-lada-well-dgm-4-lb-lipropac\/\",\"name\":\"FG-L\u00e5da Well DGM 4 LB LiProPac &ndash; Test DGM Sverige\",\"isPartOf\":{\"@id\":\"https:\/\/test.dgm.se\/#website\"},\"primaryImageOfPage\":{\"@id\":\"https:\/\/test.dgm.se\/produkt\/fg-lada-well-dgm-4-lb-lipropac\/#primaryimage\"},\"datePublished\":\"2022-01-17T06:38:53+00:00\",\"dateModified\":\"2025-06-19T07:33:37+00:00\",\"breadcrumb\":{\"@id\":\"https:\/\/test.dgm.se\/produkt\/fg-lada-well-dgm-4-lb-lipropac\/#breadcrumb\"},\"inLanguage\":\"en-US\",\"potentialAction\":[{\"@type\":\"ReadAction\",\"target\":[\"https:\/\/test.dgm.se\/produkt\/fg-lada-well-dgm-4-lb-lipropac\/\"]}]},{\"@type\":\"BreadcrumbList\",\"@id\":\"https:\/\/test.dgm.se\/produkt\/fg-lada-well-dgm-4-lb-lipropac\/#breadcrumb\",\"itemListElement\":[{\"@type\":\"ListItem\",\"position\":1,\"name\":\"\",\"item\":\"https:\/\/test.dgm.se\/\"},{\"@type\":\"ListItem\",\"position\":2,\"name\":\"FG-L\u00e5da Well DGM 4 LB LiProPac\"}]}]}<\/script>\n<!-- \/ Yoast SEO plugin. -->","yoast_head_json":{"title":"FG-L\u00e5da Well DGM 4 LB LiProPac &ndash; Test DGM Sverige","robots":{"index":"noindex","follow":"follow","max-snippet":"max-snippet:-1","max-image-preview":"max-image-preview:large","max-video-preview":"max-video-preview:-1"},"og_locale":"en_US","og_type":"article","og_title":"FG-L\u00e5da Well DGM 4 LB LiProPac &ndash; Test DGM Sverige","og_description":"UN-godk\u00e4nd f\u00f6rpackning (4G)","og_url":"https:\/\/test.dgm.se\/en\/product\/fg-lada-well-dgm-4-lb-lipropac\/","og_site_name":"Test DGM Sverige","article_modified_time":"2025-06-19T07:33:37+00:00","og_image":[{"width":1440,"height":1440,"url":"https:\/\/test.dgm.se\/app\/uploads\/2022\/01\/DGM-4-LB-LiProPac-1440x1440px.jpg","type":"image\/jpeg"}],"twitter_card":"summary_large_image","twitter_misc":{"#!trpst#trp-gettext data-trpgettextoriginal=681#!trpen#Est. reading time#!trpst#\/trp-gettext#!trpen#":"1 minute"},"schema":{"@context":"https:\/\/schema.org","@graph":[{"@type":"WebSite","@id":"https:\/\/test.dgm.se\/#website","url":"https:\/\/test.dgm.se\/","name":"Test DGM Sverige","description":"Din farligt gods-expert","potentialAction":[{"@type":"SearchAction","target":{"@type":"EntryPoint","urlTemplate":"https:\/\/test.dgm.se\/?s={search_term_string}"},"query-input":"required name=search_term_string"}],"inLanguage":"en-US"},{"@type":"ImageObject","@id":"https:\/\/test.dgm.se\/produkt\/fg-lada-well-dgm-4-lb-lipropac\/#primaryimage","inLanguage":"en-US","url":"https:\/\/test.dgm.se\/app\/uploads\/2022\/01\/DGM-4-LB-LiProPac-1440x1440px.jpg","contentUrl":"https:\/\/test.dgm.se\/app\/uploads\/2022\/01\/DGM-4-LB-LiProPac-1440x1440px.jpg","width":1440,"height":1440},{"@type":"WebPage","@id":"https:\/\/test.dgm.se\/produkt\/fg-lada-well-dgm-4-lb-lipropac\/#webpage","url":"https:\/\/test.dgm.se\/produkt\/fg-lada-well-dgm-4-lb-lipropac\/","name":"FG-L\u00e5da Well DGM 4 LB LiProPac &ndash; Test DGM Sverige","isPartOf":{"@id":"https:\/\/test.dgm.se\/#website"},"primaryImageOfPage":{"@id":"https:\/\/test.dgm.se\/produkt\/fg-lada-well-dgm-4-lb-lipropac\/#primaryimage"},"datePublished":"2022-01-17T06:38:53+00:00","dateModified":"2025-06-19T07:33:37+00:00","breadcrumb":{"@id":"https:\/\/test.dgm.se\/produkt\/fg-lada-well-dgm-4-lb-lipropac\/#breadcrumb"},"inLanguage":"en-US","potentialAction":[{"@type":"ReadAction","target":["https:\/\/test.dgm.se\/produkt\/fg-lada-well-dgm-4-lb-lipropac\/"]}]},{"@type":"BreadcrumbList","@id":"https:\/\/test.dgm.se\/produkt\/fg-lada-well-dgm-4-lb-lipropac\/#breadcrumb","itemListElement":[{"@type":"ListItem","position":1,"name":"","item":"https:\/\/test.dgm.se\/"},{"@type":"ListItem","position":2,"name":"FG-L\u00e5da Well DGM 4 LB LiProPac"}]}]}},"_links":{"self":[{"href":"https:\/\/test.dgm.se\/en\/wp-json\/wp\/v2\/product\/15144"}],"collection":[{"href":"https:\/\/test.dgm.se\/en\/wp-json\/wp\/v2\/product"}],"about":[{"href":"https:\/\/test.dgm.se\/en\/wp-json\/wp\/v2\/types\/product"}],"version-history":[{"count":1,"href":"https:\/\/test.dgm.se\/en\/wp-json\/wp\/v2\/product\/15144\/revisions"}],"predecessor-version":[{"id":15145,"href":"https:\/\/test.dgm.se\/en\/wp-json\/wp\/v2\/product\/15144\/revisions\/15145"}],"wp:featuredmedia":[{"embeddable":true,"href":"https:\/\/test.dgm.se\/en\/wp-json\/wp\/v2\/media\/15114"}],"wp:attachment":[{"href":"https:\/\/test.dgm.se\/en\/wp-json\/wp\/v2\/media?parent=15144"}],"wp:term":[{"taxonomy":"product_cat","embeddable":true,"href":"https:\/\/test.dgm.se\/en\/wp-json\/wp\/v2\/product_cat?post=15144"},{"taxonomy":"product_tag","embeddable":true,"href":"https:\/\/test.dgm.se\/en\/wp-json\/wp\/v2\/product_tag?post=15144"}],"curies":[{"name":"wp","href":"https:\/\/api.w.org\/{rel}","templated":true}]}}