{"id":15179,"date":"2022-01-18T07:56:18","date_gmt":"2022-01-18T06:56:18","guid":{"rendered":"https:\/\/dgm.advanttest.se\/?post_type=product&#038;p=15179"},"modified":"2025-09-03T09:32:59","modified_gmt":"2025-09-03T07:32:59","slug":"adr-s-2021","status":"publish","type":"product","link":"https:\/\/test.dgm.se\/en\/product\/adr-s-2021\/","title":{"rendered":"ADR-S 2021"},"content":{"rendered":"<p>F\u00f6reskrifterna i ADR-S inneh\u00e5ller best\u00e4mmelser och f\u00f6ruts\u00e4ttningar som ska vara uppfyllda vid nationell och internationell transport av farligt gods p\u00e5 v\u00e4g.<\/p>\n<p>Tillsammans med publikationen levereras r\u00e4ttelseblad f\u00f6r att komplettera de fel som uppst\u00e5tt vid tryck av boken samt \u00e4ven ett \u00e4ndringstryck fr\u00e5n november-21.<\/p>\n<p>&nbsp;<\/p>\n<p>Registerflikar finns\u00a0\u00e4ven att best\u00e4lla, se webbshop.<\/p>\n<p>&nbsp;<\/p>","protected":false},"excerpt":{"rendered":"<p>ADR-S 2021 Transport av farligt gods p\u00e5 v\u00e4g och i terr\u00e4ng 2021, inkl \u00e4ndringar och till\u00e4gg (MSBFS 2020:9)<\/p>","protected":false},"featured_media":15180,"template":"","meta":{"spay_email":""},"product_cat":[53],"product_tag":[],"wcpa_form_fields":null,"yoast_head":"<!-- This site is optimized with the Yoast SEO plugin v18.1 - https:\/\/yoast.com\/wordpress\/plugins\/seo\/ -->\n<title>ADR-S 2021 &ndash; Test DGM Sverige<\/title>\n<meta name=\"robots\" content=\"noindex, follow, max-snippet:-1, max-image-preview:large, max-video-preview:-1\" \/>\n<meta property=\"og:locale\" content=\"en_US\" \/>\n<meta property=\"og:type\" content=\"article\" \/>\n<meta property=\"og:title\" content=\"ADR-S 2021 &ndash; Test DGM Sverige\" \/>\n<meta property=\"og:description\" content=\"ADR-S 2021 Transport av farligt gods p\u00e5 v\u00e4g och i terr\u00e4ng 2021, inkl \u00e4ndringar och till\u00e4gg (MSBFS 2020:9)\" \/>\n<meta property=\"og:url\" content=\"https:\/\/test.dgm.se\/en\/product\/adr-s-2021\/\" \/>\n<meta property=\"og:site_name\" content=\"Test DGM Sverige\" \/>\n<meta property=\"article:modified_time\" content=\"2025-09-03T07:32:59+00:00\" \/>\n<meta property=\"og:image\" content=\"https:\/\/test.dgm.se\/app\/uploads\/2022\/01\/ADR-S-2021-1440x1440px.jpg\" \/>\n\t<meta property=\"og:image:width\" content=\"1440\" \/>\n\t<meta property=\"og:image:height\" content=\"1440\" \/>\n\t<meta property=\"og:image:type\" content=\"image\/jpeg\" \/>\n<meta name=\"twitter:card\" content=\"summary_large_image\" \/>\n<meta name=\"twitter:label1\" content=\"#!trpst#trp-gettext data-trpgettextoriginal=681#!trpen#Est. reading time#!trpst#\/trp-gettext#!trpen#\" \/>\n\t<meta name=\"twitter:data1\" content=\"1 minute\" \/>\n<script type=\"application\/ld+json\" class=\"yoast-schema-graph\">{\"@context\":\"https:\/\/schema.org\",\"@graph\":[{\"@type\":\"WebSite\",\"@id\":\"https:\/\/test.dgm.se\/#website\",\"url\":\"https:\/\/test.dgm.se\/\",\"name\":\"Test DGM Sverige\",\"description\":\"Din farligt gods-expert\",\"potentialAction\":[{\"@type\":\"SearchAction\",\"target\":{\"@type\":\"EntryPoint\",\"urlTemplate\":\"https:\/\/test.dgm.se\/?s={search_term_string}\"},\"query-input\":\"required name=search_term_string\"}],\"inLanguage\":\"en-US\"},{\"@type\":\"ImageObject\",\"@id\":\"https:\/\/test.dgm.se\/produkt\/adr-s-2021\/#primaryimage\",\"inLanguage\":\"en-US\",\"url\":\"https:\/\/test.dgm.se\/app\/uploads\/2022\/01\/ADR-S-2021-1440x1440px.jpg\",\"contentUrl\":\"https:\/\/test.dgm.se\/app\/uploads\/2022\/01\/ADR-S-2021-1440x1440px.jpg\",\"width\":1440,\"height\":1440},{\"@type\":\"WebPage\",\"@id\":\"https:\/\/test.dgm.se\/produkt\/adr-s-2021\/#webpage\",\"url\":\"https:\/\/test.dgm.se\/produkt\/adr-s-2021\/\",\"name\":\"ADR-S 2021 &ndash; Test DGM Sverige\",\"isPartOf\":{\"@id\":\"https:\/\/test.dgm.se\/#website\"},\"primaryImageOfPage\":{\"@id\":\"https:\/\/test.dgm.se\/produkt\/adr-s-2021\/#primaryimage\"},\"datePublished\":\"2022-01-18T06:56:18+00:00\",\"dateModified\":\"2025-09-03T07:32:59+00:00\",\"breadcrumb\":{\"@id\":\"https:\/\/test.dgm.se\/produkt\/adr-s-2021\/#breadcrumb\"},\"inLanguage\":\"en-US\",\"potentialAction\":[{\"@type\":\"ReadAction\",\"target\":[\"https:\/\/test.dgm.se\/produkt\/adr-s-2021\/\"]}]},{\"@type\":\"BreadcrumbList\",\"@id\":\"https:\/\/test.dgm.se\/produkt\/adr-s-2021\/#breadcrumb\",\"itemListElement\":[{\"@type\":\"ListItem\",\"position\":1,\"name\":\"\",\"item\":\"https:\/\/test.dgm.se\/\"},{\"@type\":\"ListItem\",\"position\":2,\"name\":\"ADR-S 2021\"}]}]}<\/script>\n<!-- \/ Yoast SEO plugin. -->","yoast_head_json":{"title":"ADR-S 2021 &ndash; Test DGM Sverige","robots":{"index":"noindex","follow":"follow","max-snippet":"max-snippet:-1","max-image-preview":"max-image-preview:large","max-video-preview":"max-video-preview:-1"},"og_locale":"en_US","og_type":"article","og_title":"ADR-S 2021 &ndash; Test DGM Sverige","og_description":"ADR-S 2021 Transport av farligt gods p\u00e5 v\u00e4g och i terr\u00e4ng 2021, inkl \u00e4ndringar och till\u00e4gg (MSBFS 2020:9)","og_url":"https:\/\/test.dgm.se\/en\/product\/adr-s-2021\/","og_site_name":"Test DGM Sverige","article_modified_time":"2025-09-03T07:32:59+00:00","og_image":[{"width":1440,"height":1440,"url":"https:\/\/test.dgm.se\/app\/uploads\/2022\/01\/ADR-S-2021-1440x1440px.jpg","type":"image\/jpeg"}],"twitter_card":"summary_large_image","twitter_misc":{"#!trpst#trp-gettext data-trpgettextoriginal=681#!trpen#Est. reading time#!trpst#\/trp-gettext#!trpen#":"1 minute"},"schema":{"@context":"https:\/\/schema.org","@graph":[{"@type":"WebSite","@id":"https:\/\/test.dgm.se\/#website","url":"https:\/\/test.dgm.se\/","name":"Test DGM Sverige","description":"Din farligt gods-expert","potentialAction":[{"@type":"SearchAction","target":{"@type":"EntryPoint","urlTemplate":"https:\/\/test.dgm.se\/?s={search_term_string}"},"query-input":"required name=search_term_string"}],"inLanguage":"en-US"},{"@type":"ImageObject","@id":"https:\/\/test.dgm.se\/produkt\/adr-s-2021\/#primaryimage","inLanguage":"en-US","url":"https:\/\/test.dgm.se\/app\/uploads\/2022\/01\/ADR-S-2021-1440x1440px.jpg","contentUrl":"https:\/\/test.dgm.se\/app\/uploads\/2022\/01\/ADR-S-2021-1440x1440px.jpg","width":1440,"height":1440},{"@type":"WebPage","@id":"https:\/\/test.dgm.se\/produkt\/adr-s-2021\/#webpage","url":"https:\/\/test.dgm.se\/produkt\/adr-s-2021\/","name":"ADR-S 2021 &ndash; Test DGM Sverige","isPartOf":{"@id":"https:\/\/test.dgm.se\/#website"},"primaryImageOfPage":{"@id":"https:\/\/test.dgm.se\/produkt\/adr-s-2021\/#primaryimage"},"datePublished":"2022-01-18T06:56:18+00:00","dateModified":"2025-09-03T07:32:59+00:00","breadcrumb":{"@id":"https:\/\/test.dgm.se\/produkt\/adr-s-2021\/#breadcrumb"},"inLanguage":"en-US","potentialAction":[{"@type":"ReadAction","target":["https:\/\/test.dgm.se\/produkt\/adr-s-2021\/"]}]},{"@type":"BreadcrumbList","@id":"https:\/\/test.dgm.se\/produkt\/adr-s-2021\/#breadcrumb","itemListElement":[{"@type":"ListItem","position":1,"name":"","item":"https:\/\/test.dgm.se\/"},{"@type":"ListItem","position":2,"name":"ADR-S 2021"}]}]}},"_links":{"self":[{"href":"https:\/\/test.dgm.se\/en\/wp-json\/wp\/v2\/product\/15179"}],"collection":[{"href":"https:\/\/test.dgm.se\/en\/wp-json\/wp\/v2\/product"}],"about":[{"href":"https:\/\/test.dgm.se\/en\/wp-json\/wp\/v2\/types\/product"}],"version-history":[{"count":1,"href":"https:\/\/test.dgm.se\/en\/wp-json\/wp\/v2\/product\/15179\/revisions"}],"predecessor-version":[{"id":15181,"href":"https:\/\/test.dgm.se\/en\/wp-json\/wp\/v2\/product\/15179\/revisions\/15181"}],"wp:featuredmedia":[{"embeddable":true,"href":"https:\/\/test.dgm.se\/en\/wp-json\/wp\/v2\/media\/15180"}],"wp:attachment":[{"href":"https:\/\/test.dgm.se\/en\/wp-json\/wp\/v2\/media?parent=15179"}],"wp:term":[{"taxonomy":"product_cat","embeddable":true,"href":"https:\/\/test.dgm.se\/en\/wp-json\/wp\/v2\/product_cat?post=15179"},{"taxonomy":"product_tag","embeddable":true,"href":"https:\/\/test.dgm.se\/en\/wp-json\/wp\/v2\/product_tag?post=15179"}],"curies":[{"name":"wp","href":"https:\/\/api.w.org\/{rel}","templated":true}]}}