{"id":1924,"date":"2020-06-11T12:07:01","date_gmt":"2020-06-11T12:07:01","guid":{"rendered":"https:\/\/dgm.advanttest.se\/produkt\/time-temperature-label\/"},"modified":"2025-09-03T10:37:48","modified_gmt":"2025-09-03T08:37:48","slug":"time-temperature-label","status":"publish","type":"product","link":"https:\/\/test.dgm.se\/en\/product\/time-temperature-label\/","title":{"rendered":"Time &#038; Temperature label"},"content":{"rendered":"<p>Etikett som kr\u00e4vs enligt IATA f\u00f6r sjukv\u00e5rdsmateriel som \u00e4r tid- och temperaturk\u00e4nsligt (Temperaturen anges p\u00e5 den nedre halvan av etiketten och m\u00e5ste matcha godk\u00e4nda transporttemperaturomr\u00e5den, t.ex. +15 \u00ba C till +25 \u00ba C<\/p>","protected":false},"excerpt":{"rendered":"<p>Etikett som kr\u00e4vs enligt IATA f\u00f6r sjukv\u00e5rdsmateriel som \u00e4r tid- och temperaturk\u00e4nsligt (Temperaturen anges p\u00e5 den nedre halvan av etiketten och m\u00e5ste matcha godk\u00e4nda transporttemperaturomr\u00e5den, t.ex. +15 \u00ba C till +25 \u00ba C<\/p>","protected":false},"featured_media":15063,"template":"","meta":{"spay_email":""},"product_cat":[34],"product_tag":[],"wcpa_form_fields":null,"yoast_head":"<!-- This site is optimized with the Yoast SEO plugin v18.1 - https:\/\/yoast.com\/wordpress\/plugins\/seo\/ -->\n<title>Time &amp; Temperature label &ndash; Test DGM Sverige<\/title>\n<meta name=\"robots\" content=\"noindex, follow, max-snippet:-1, max-image-preview:large, max-video-preview:-1\" \/>\n<meta property=\"og:locale\" content=\"en_US\" \/>\n<meta property=\"og:type\" content=\"article\" \/>\n<meta property=\"og:title\" content=\"Time &amp; Temperature label &ndash; Test DGM Sverige\" \/>\n<meta property=\"og:description\" content=\"Etikett som kr\u00e4vs enligt IATA f\u00f6r sjukv\u00e5rdsmateriel som \u00e4r tid- och temperaturk\u00e4nsligt (Temperaturen anges p\u00e5 den nedre halvan av etiketten och m\u00e5ste matcha godk\u00e4nda transporttemperaturomr\u00e5den, t.ex. +15 \u00ba C till +25 \u00ba C\" \/>\n<meta property=\"og:url\" content=\"https:\/\/test.dgm.se\/en\/product\/time-temperature-label\/\" \/>\n<meta property=\"og:site_name\" content=\"Test DGM Sverige\" \/>\n<meta property=\"article:modified_time\" content=\"2025-09-03T08:37:48+00:00\" \/>\n<meta property=\"og:image\" content=\"https:\/\/test.dgm.se\/app\/uploads\/2022\/01\/TImeTemp-1440x1440px.jpg\" \/>\n\t<meta property=\"og:image:width\" content=\"1440\" \/>\n\t<meta property=\"og:image:height\" content=\"1440\" \/>\n\t<meta property=\"og:image:type\" content=\"image\/jpeg\" \/>\n<meta name=\"twitter:card\" content=\"summary_large_image\" \/>\n<script type=\"application\/ld+json\" class=\"yoast-schema-graph\">{\"@context\":\"https:\/\/schema.org\",\"@graph\":[{\"@type\":\"WebSite\",\"@id\":\"https:\/\/test.dgm.se\/#website\",\"url\":\"https:\/\/test.dgm.se\/\",\"name\":\"Test DGM Sverige\",\"description\":\"Din farligt gods-expert\",\"potentialAction\":[{\"@type\":\"SearchAction\",\"target\":{\"@type\":\"EntryPoint\",\"urlTemplate\":\"https:\/\/test.dgm.se\/?s={search_term_string}\"},\"query-input\":\"required name=search_term_string\"}],\"inLanguage\":\"en-US\"},{\"@type\":\"ImageObject\",\"@id\":\"https:\/\/test.dgm.se\/produkt\/time-temperature-label\/#primaryimage\",\"inLanguage\":\"en-US\",\"url\":\"https:\/\/test.dgm.se\/app\/uploads\/2022\/01\/TImeTemp-1440x1440px.jpg\",\"contentUrl\":\"https:\/\/test.dgm.se\/app\/uploads\/2022\/01\/TImeTemp-1440x1440px.jpg\",\"width\":1440,\"height\":1440},{\"@type\":\"WebPage\",\"@id\":\"https:\/\/test.dgm.se\/produkt\/time-temperature-label\/#webpage\",\"url\":\"https:\/\/test.dgm.se\/produkt\/time-temperature-label\/\",\"name\":\"Time & Temperature label &ndash; Test DGM Sverige\",\"isPartOf\":{\"@id\":\"https:\/\/test.dgm.se\/#website\"},\"primaryImageOfPage\":{\"@id\":\"https:\/\/test.dgm.se\/produkt\/time-temperature-label\/#primaryimage\"},\"datePublished\":\"2020-06-11T12:07:01+00:00\",\"dateModified\":\"2025-09-03T08:37:48+00:00\",\"breadcrumb\":{\"@id\":\"https:\/\/test.dgm.se\/produkt\/time-temperature-label\/#breadcrumb\"},\"inLanguage\":\"en-US\",\"potentialAction\":[{\"@type\":\"ReadAction\",\"target\":[\"https:\/\/test.dgm.se\/produkt\/time-temperature-label\/\"]}]},{\"@type\":\"BreadcrumbList\",\"@id\":\"https:\/\/test.dgm.se\/produkt\/time-temperature-label\/#breadcrumb\",\"itemListElement\":[{\"@type\":\"ListItem\",\"position\":1,\"name\":\"\",\"item\":\"https:\/\/test.dgm.se\/\"},{\"@type\":\"ListItem\",\"position\":2,\"name\":\"Time &#038; Temperature label\"}]}]}<\/script>\n<!-- \/ Yoast SEO plugin. -->","yoast_head_json":{"title":"Time & Temperature label &ndash; Test DGM Sverige","robots":{"index":"noindex","follow":"follow","max-snippet":"max-snippet:-1","max-image-preview":"max-image-preview:large","max-video-preview":"max-video-preview:-1"},"og_locale":"en_US","og_type":"article","og_title":"Time & Temperature label &ndash; Test DGM Sverige","og_description":"Etikett som kr\u00e4vs enligt IATA f\u00f6r sjukv\u00e5rdsmateriel som \u00e4r tid- och temperaturk\u00e4nsligt (Temperaturen anges p\u00e5 den nedre halvan av etiketten och m\u00e5ste matcha godk\u00e4nda transporttemperaturomr\u00e5den, t.ex. +15 \u00ba C till +25 \u00ba C","og_url":"https:\/\/test.dgm.se\/en\/product\/time-temperature-label\/","og_site_name":"Test DGM Sverige","article_modified_time":"2025-09-03T08:37:48+00:00","og_image":[{"width":1440,"height":1440,"url":"https:\/\/test.dgm.se\/app\/uploads\/2022\/01\/TImeTemp-1440x1440px.jpg","type":"image\/jpeg"}],"twitter_card":"summary_large_image","schema":{"@context":"https:\/\/schema.org","@graph":[{"@type":"WebSite","@id":"https:\/\/test.dgm.se\/#website","url":"https:\/\/test.dgm.se\/","name":"Test DGM Sverige","description":"Din farligt gods-expert","potentialAction":[{"@type":"SearchAction","target":{"@type":"EntryPoint","urlTemplate":"https:\/\/test.dgm.se\/?s={search_term_string}"},"query-input":"required name=search_term_string"}],"inLanguage":"en-US"},{"@type":"ImageObject","@id":"https:\/\/test.dgm.se\/produkt\/time-temperature-label\/#primaryimage","inLanguage":"en-US","url":"https:\/\/test.dgm.se\/app\/uploads\/2022\/01\/TImeTemp-1440x1440px.jpg","contentUrl":"https:\/\/test.dgm.se\/app\/uploads\/2022\/01\/TImeTemp-1440x1440px.jpg","width":1440,"height":1440},{"@type":"WebPage","@id":"https:\/\/test.dgm.se\/produkt\/time-temperature-label\/#webpage","url":"https:\/\/test.dgm.se\/produkt\/time-temperature-label\/","name":"Time & Temperature label &ndash; Test DGM Sverige","isPartOf":{"@id":"https:\/\/test.dgm.se\/#website"},"primaryImageOfPage":{"@id":"https:\/\/test.dgm.se\/produkt\/time-temperature-label\/#primaryimage"},"datePublished":"2020-06-11T12:07:01+00:00","dateModified":"2025-09-03T08:37:48+00:00","breadcrumb":{"@id":"https:\/\/test.dgm.se\/produkt\/time-temperature-label\/#breadcrumb"},"inLanguage":"en-US","potentialAction":[{"@type":"ReadAction","target":["https:\/\/test.dgm.se\/produkt\/time-temperature-label\/"]}]},{"@type":"BreadcrumbList","@id":"https:\/\/test.dgm.se\/produkt\/time-temperature-label\/#breadcrumb","itemListElement":[{"@type":"ListItem","position":1,"name":"","item":"https:\/\/test.dgm.se\/"},{"@type":"ListItem","position":2,"name":"Time &#038; Temperature label"}]}]}},"_links":{"self":[{"href":"https:\/\/test.dgm.se\/en\/wp-json\/wp\/v2\/product\/1924"}],"collection":[{"href":"https:\/\/test.dgm.se\/en\/wp-json\/wp\/v2\/product"}],"about":[{"href":"https:\/\/test.dgm.se\/en\/wp-json\/wp\/v2\/types\/product"}],"version-history":[{"count":15,"href":"https:\/\/test.dgm.se\/en\/wp-json\/wp\/v2\/product\/1924\/revisions"}],"predecessor-version":[{"id":21127,"href":"https:\/\/test.dgm.se\/en\/wp-json\/wp\/v2\/product\/1924\/revisions\/21127"}],"wp:featuredmedia":[{"embeddable":true,"href":"https:\/\/test.dgm.se\/en\/wp-json\/wp\/v2\/media\/15063"}],"wp:attachment":[{"href":"https:\/\/test.dgm.se\/en\/wp-json\/wp\/v2\/media?parent=1924"}],"wp:term":[{"taxonomy":"product_cat","embeddable":true,"href":"https:\/\/test.dgm.se\/en\/wp-json\/wp\/v2\/product_cat?post=1924"},{"taxonomy":"product_tag","embeddable":true,"href":"https:\/\/test.dgm.se\/en\/wp-json\/wp\/v2\/product_tag?post=1924"}],"curies":[{"name":"wp","href":"https:\/\/api.w.org\/{rel}","templated":true}]}}