{"id":1946,"date":"2020-06-11T12:07:03","date_gmt":"2020-06-11T12:07:03","guid":{"rendered":"https:\/\/dgm.advanttest.se\/produkt\/litiumetikett-un3090-fortryc\/"},"modified":"2025-09-03T10:37:49","modified_gmt":"2025-09-03T08:37:49","slug":"litiumetikett-un3090-fortryc","status":"publish","type":"product","link":"https:\/\/test.dgm.se\/en\/product\/litiumetikett-un3090-fortryc\/","title":{"rendered":"Litiumetikett UN3090 &#8211; F\u00f6rtryckt tel nr"},"content":{"rendered":"<p>Etikett f\u00f6r litiumbatterier som transporteras enligt &#8221;section II&#8221; eller &#8221;section IB&#8221; i f\u00f6rpackningsinstruktiorna f\u00f6r flyg.<\/p>\n<p>Uppfyller \u00e4ven kraven p\u00e5 m\u00e4rkning enligt s\u00e4rbest\u00e4mmelse 188 i ADR, RID, IMDG.<\/p>","protected":false},"excerpt":{"rendered":"<p>Etikett f\u00f6r litiumbatterier som transporteras enligt &#8221;section II&#8221; eller &#8221;section IB&#8221; i f\u00f6rpackningsinstruktiorna f\u00f6r flyg. Uppfyller \u00e4ven kraven p\u00e5 m\u00e4rkning enligt s\u00e4rbest\u00e4mmelse 188 i ADR, RID, IMDG.<\/p>","protected":false},"featured_media":14048,"template":"","meta":{"spay_email":""},"product_cat":[46],"product_tag":[],"wcpa_form_fields":{"rules":{"pric_overide_base_price":false,"pric_overide_base_price_if_gt_zero":false,"pric_overide_base_price_fully":false,"pric_cal_option_once":false,"pric_use_as_fee":false,"bind_quantity":false,"quantity_bind_formula":false},"fields":[{"type":"text","required":true,"elementId":"wcpa-text-5f590163398cf","label":"Fyll i det telefonnummer som ska tryckas p\u00e5 etiketterna","className":"form-control","name":"fortryckt_telefonnummer","subtype":"text","form_id":13312,"form_rules":{"pric_cal_option_once":false,"exclude_from_discount":false,"pric_use_as_fee":false,"fee_label":"#!trpst#trp-gettext data-trpgettextoriginal=3401#!trpen#Fee#!trpst#\/trp-gettext#!trpen#","render_after_acb":false,"disp_hide_options_price":false}}]},"yoast_head":"<!-- This site is optimized with the Yoast SEO plugin v18.1 - https:\/\/yoast.com\/wordpress\/plugins\/seo\/ -->\n<title>Litiumetikett UN3090 - F\u00f6rtryckt tel nr &ndash; Test DGM Sverige<\/title>\n<meta name=\"robots\" content=\"noindex, follow, max-snippet:-1, max-image-preview:large, max-video-preview:-1\" \/>\n<meta property=\"og:locale\" content=\"en_US\" \/>\n<meta property=\"og:type\" content=\"article\" \/>\n<meta property=\"og:title\" content=\"Litiumetikett UN3090 - F\u00f6rtryckt tel nr &ndash; Test DGM Sverige\" \/>\n<meta property=\"og:description\" content=\"Etikett f\u00f6r litiumbatterier som transporteras enligt &#8221;section II&#8221; eller &#8221;section IB&#8221; i f\u00f6rpackningsinstruktiorna f\u00f6r flyg. Uppfyller \u00e4ven kraven p\u00e5 m\u00e4rkning enligt s\u00e4rbest\u00e4mmelse 188 i ADR, RID, IMDG.\" \/>\n<meta property=\"og:url\" content=\"https:\/\/test.dgm.se\/en\/product\/litiumetikett-un3090-fortryc\/\" \/>\n<meta property=\"og:site_name\" content=\"Test DGM Sverige\" \/>\n<meta property=\"article:modified_time\" content=\"2025-09-03T08:37:49+00:00\" \/>\n<meta property=\"og:image\" content=\"https:\/\/test.dgm.se\/app\/uploads\/2020\/11\/UN-3090-F\u00f6rtryckt-nr_Produkt-1440x1440px.png\" \/>\n\t<meta property=\"og:image:width\" content=\"1440\" \/>\n\t<meta property=\"og:image:height\" content=\"1440\" \/>\n\t<meta property=\"og:image:type\" content=\"image\/png\" \/>\n<meta name=\"twitter:card\" content=\"summary_large_image\" \/>\n<script type=\"application\/ld+json\" class=\"yoast-schema-graph\">{\"@context\":\"https:\/\/schema.org\",\"@graph\":[{\"@type\":\"WebSite\",\"@id\":\"https:\/\/test.dgm.se\/#website\",\"url\":\"https:\/\/test.dgm.se\/\",\"name\":\"Test DGM Sverige\",\"description\":\"Din farligt gods-expert\",\"potentialAction\":[{\"@type\":\"SearchAction\",\"target\":{\"@type\":\"EntryPoint\",\"urlTemplate\":\"https:\/\/test.dgm.se\/?s={search_term_string}\"},\"query-input\":\"required name=search_term_string\"}],\"inLanguage\":\"en-US\"},{\"@type\":\"ImageObject\",\"@id\":\"https:\/\/test.dgm.se\/produkt\/litiumetikett-un3090-fortryc\/#primaryimage\",\"inLanguage\":\"en-US\",\"url\":\"https:\/\/test.dgm.se\/app\/uploads\/2020\/11\/UN-3090-F\u00f6rtryckt-nr_Produkt-1440x1440px.png\",\"contentUrl\":\"https:\/\/test.dgm.se\/app\/uploads\/2020\/11\/UN-3090-F\u00f6rtryckt-nr_Produkt-1440x1440px.png\",\"width\":1440,\"height\":1440},{\"@type\":\"WebPage\",\"@id\":\"https:\/\/test.dgm.se\/produkt\/litiumetikett-un3090-fortryc\/#webpage\",\"url\":\"https:\/\/test.dgm.se\/produkt\/litiumetikett-un3090-fortryc\/\",\"name\":\"Litiumetikett UN3090 - F\u00f6rtryckt tel nr &ndash; Test DGM Sverige\",\"isPartOf\":{\"@id\":\"https:\/\/test.dgm.se\/#website\"},\"primaryImageOfPage\":{\"@id\":\"https:\/\/test.dgm.se\/produkt\/litiumetikett-un3090-fortryc\/#primaryimage\"},\"datePublished\":\"2020-06-11T12:07:03+00:00\",\"dateModified\":\"2025-09-03T08:37:49+00:00\",\"breadcrumb\":{\"@id\":\"https:\/\/test.dgm.se\/produkt\/litiumetikett-un3090-fortryc\/#breadcrumb\"},\"inLanguage\":\"en-US\",\"potentialAction\":[{\"@type\":\"ReadAction\",\"target\":[\"https:\/\/test.dgm.se\/produkt\/litiumetikett-un3090-fortryc\/\"]}]},{\"@type\":\"BreadcrumbList\",\"@id\":\"https:\/\/test.dgm.se\/produkt\/litiumetikett-un3090-fortryc\/#breadcrumb\",\"itemListElement\":[{\"@type\":\"ListItem\",\"position\":1,\"name\":\"\",\"item\":\"https:\/\/test.dgm.se\/\"},{\"@type\":\"ListItem\",\"position\":2,\"name\":\"Litiumetikett UN3090 &#8211; F\u00f6rtryckt tel nr\"}]}]}<\/script>\n<!-- \/ Yoast SEO plugin. -->","yoast_head_json":{"title":"Litiumetikett UN3090 - F\u00f6rtryckt tel nr &ndash; Test DGM Sverige","robots":{"index":"noindex","follow":"follow","max-snippet":"max-snippet:-1","max-image-preview":"max-image-preview:large","max-video-preview":"max-video-preview:-1"},"og_locale":"en_US","og_type":"article","og_title":"Litiumetikett UN3090 - F\u00f6rtryckt tel nr &ndash; Test DGM Sverige","og_description":"Etikett f\u00f6r litiumbatterier som transporteras enligt &#8221;section II&#8221; eller &#8221;section IB&#8221; i f\u00f6rpackningsinstruktiorna f\u00f6r flyg. Uppfyller \u00e4ven kraven p\u00e5 m\u00e4rkning enligt s\u00e4rbest\u00e4mmelse 188 i ADR, RID, IMDG.","og_url":"https:\/\/test.dgm.se\/en\/product\/litiumetikett-un3090-fortryc\/","og_site_name":"Test DGM Sverige","article_modified_time":"2025-09-03T08:37:49+00:00","og_image":[{"width":1440,"height":1440,"url":"https:\/\/test.dgm.se\/app\/uploads\/2020\/11\/UN-3090-F\u00f6rtryckt-nr_Produkt-1440x1440px.png","type":"image\/png"}],"twitter_card":"summary_large_image","schema":{"@context":"https:\/\/schema.org","@graph":[{"@type":"WebSite","@id":"https:\/\/test.dgm.se\/#website","url":"https:\/\/test.dgm.se\/","name":"Test DGM Sverige","description":"Din farligt gods-expert","potentialAction":[{"@type":"SearchAction","target":{"@type":"EntryPoint","urlTemplate":"https:\/\/test.dgm.se\/?s={search_term_string}"},"query-input":"required name=search_term_string"}],"inLanguage":"en-US"},{"@type":"ImageObject","@id":"https:\/\/test.dgm.se\/produkt\/litiumetikett-un3090-fortryc\/#primaryimage","inLanguage":"en-US","url":"https:\/\/test.dgm.se\/app\/uploads\/2020\/11\/UN-3090-F\u00f6rtryckt-nr_Produkt-1440x1440px.png","contentUrl":"https:\/\/test.dgm.se\/app\/uploads\/2020\/11\/UN-3090-F\u00f6rtryckt-nr_Produkt-1440x1440px.png","width":1440,"height":1440},{"@type":"WebPage","@id":"https:\/\/test.dgm.se\/produkt\/litiumetikett-un3090-fortryc\/#webpage","url":"https:\/\/test.dgm.se\/produkt\/litiumetikett-un3090-fortryc\/","name":"Litiumetikett UN3090 - F\u00f6rtryckt tel nr &ndash; Test DGM Sverige","isPartOf":{"@id":"https:\/\/test.dgm.se\/#website"},"primaryImageOfPage":{"@id":"https:\/\/test.dgm.se\/produkt\/litiumetikett-un3090-fortryc\/#primaryimage"},"datePublished":"2020-06-11T12:07:03+00:00","dateModified":"2025-09-03T08:37:49+00:00","breadcrumb":{"@id":"https:\/\/test.dgm.se\/produkt\/litiumetikett-un3090-fortryc\/#breadcrumb"},"inLanguage":"en-US","potentialAction":[{"@type":"ReadAction","target":["https:\/\/test.dgm.se\/produkt\/litiumetikett-un3090-fortryc\/"]}]},{"@type":"BreadcrumbList","@id":"https:\/\/test.dgm.se\/produkt\/litiumetikett-un3090-fortryc\/#breadcrumb","itemListElement":[{"@type":"ListItem","position":1,"name":"","item":"https:\/\/test.dgm.se\/"},{"@type":"ListItem","position":2,"name":"Litiumetikett UN3090 &#8211; F\u00f6rtryckt tel nr"}]}]}},"_links":{"self":[{"href":"https:\/\/test.dgm.se\/en\/wp-json\/wp\/v2\/product\/1946"}],"collection":[{"href":"https:\/\/test.dgm.se\/en\/wp-json\/wp\/v2\/product"}],"about":[{"href":"https:\/\/test.dgm.se\/en\/wp-json\/wp\/v2\/types\/product"}],"version-history":[{"count":9,"href":"https:\/\/test.dgm.se\/en\/wp-json\/wp\/v2\/product\/1946\/revisions"}],"predecessor-version":[{"id":20127,"href":"https:\/\/test.dgm.se\/en\/wp-json\/wp\/v2\/product\/1946\/revisions\/20127"}],"wp:featuredmedia":[{"embeddable":true,"href":"https:\/\/test.dgm.se\/en\/wp-json\/wp\/v2\/media\/14048"}],"wp:attachment":[{"href":"https:\/\/test.dgm.se\/en\/wp-json\/wp\/v2\/media?parent=1946"}],"wp:term":[{"taxonomy":"product_cat","embeddable":true,"href":"https:\/\/test.dgm.se\/en\/wp-json\/wp\/v2\/product_cat?post=1946"},{"taxonomy":"product_tag","embeddable":true,"href":"https:\/\/test.dgm.se\/en\/wp-json\/wp\/v2\/product_tag?post=1946"}],"curies":[{"name":"wp","href":"https:\/\/api.w.org\/{rel}","templated":true}]}}