{"id":1949,"date":"2020-06-11T12:07:03","date_gmt":"2020-06-11T12:07:03","guid":{"rendered":"https:\/\/dgm.advanttest.se\/produkt\/preprinted-label-time-and-temp\/"},"modified":"2025-09-03T10:37:50","modified_gmt":"2025-09-03T08:37:50","slug":"preprinted-label-time-and-temp","status":"publish","type":"product","link":"https:\/\/test.dgm.se\/en\/product\/preprinted-label-time-and-temp\/","title":{"rendered":"Preprinted label Time and temperature"},"content":{"rendered":"<p>Etikett som kr\u00e4vs enligt IATA f\u00f6r sjukv\u00e5rdsmateriel som \u00e4r tid- och temperaturk\u00e4nsligt (Temperaturen anges p\u00e5 den nedre halvan av etiketten och m\u00e5ste matcha godk\u00e4nda transporttemperaturomr\u00e5den, t.ex. +15 \u00ba C till +25 \u00ba C<\/p>","protected":false},"excerpt":{"rendered":"<p>Etikett som kr\u00e4vs enligt IATA f\u00f6r sjukv\u00e5rdsmateriel som \u00e4r tid- och temperaturk\u00e4nsligt (Temperaturen anges p\u00e5 den nedre halvan av etiketten och m\u00e5ste matcha godk\u00e4nda transporttemperaturomr\u00e5den, t.ex. +15 \u00ba C till +25 \u00ba C<\/p>","protected":false},"featured_media":0,"template":"","meta":{"spay_email":""},"product_cat":[34],"product_tag":[],"wcpa_form_fields":{"rules":{"pric_overide_base_price":false,"pric_overide_base_price_if_gt_zero":false,"pric_overide_base_price_fully":false,"pric_cal_option_once":false,"pric_use_as_fee":false,"bind_quantity":false,"quantity_bind_formula":false},"fields":[{"type":"text","required":true,"elementId":"wcpa-text-6362ba28a38d9","label":"\u00d6nskat Temperaturintervall","description":"Skriv v\u00e4rdena f\u00f6r h\u00f6gsta och l\u00e4gsta temperaturen. Temperaturintervallet kommer sedan tryckas i detta format: +15 \u00ba C till +25 \u00ba C","desc_type":true,"pricingType":"fixed","className":"form-control","name":"text-6362ba28a38df","subtype":"text","cl_rule":"show","col":6,"relations":false,"form_id":20543,"form_rules":{"pric_cal_option_once":false,"exclude_from_discount":false,"pric_use_as_fee":false,"fee_label":"#!trpst#trp-gettext data-trpgettextoriginal=3401#!trpen#Fee#!trpst#\/trp-gettext#!trpen#","render_after_acb":false,"disp_hide_options_price":false}}]},"yoast_head":"<!-- This site is optimized with the Yoast SEO plugin v18.1 - https:\/\/yoast.com\/wordpress\/plugins\/seo\/ -->\n<title>Preprinted label Time and temperature &ndash; Test DGM Sverige<\/title>\n<meta name=\"robots\" content=\"noindex, follow, max-snippet:-1, max-image-preview:large, max-video-preview:-1\" \/>\n<meta property=\"og:locale\" content=\"en_US\" \/>\n<meta property=\"og:type\" content=\"article\" \/>\n<meta property=\"og:title\" content=\"Preprinted label Time and temperature &ndash; Test DGM Sverige\" \/>\n<meta property=\"og:description\" content=\"Etikett som kr\u00e4vs enligt IATA f\u00f6r sjukv\u00e5rdsmateriel som \u00e4r tid- och temperaturk\u00e4nsligt (Temperaturen anges p\u00e5 den nedre halvan av etiketten och m\u00e5ste matcha godk\u00e4nda transporttemperaturomr\u00e5den, t.ex. +15 \u00ba C till +25 \u00ba C\" \/>\n<meta property=\"og:url\" content=\"https:\/\/test.dgm.se\/en\/product\/preprinted-label-time-and-temp\/\" \/>\n<meta property=\"og:site_name\" content=\"Test DGM Sverige\" \/>\n<meta property=\"article:modified_time\" content=\"2025-09-03T08:37:50+00:00\" \/>\n<meta name=\"twitter:card\" content=\"summary_large_image\" \/>\n<meta name=\"twitter:label1\" content=\"#!trpst#trp-gettext data-trpgettextoriginal=681#!trpen#Est. reading time#!trpst#\/trp-gettext#!trpen#\" \/>\n\t<meta name=\"twitter:data1\" content=\"1 minute\" \/>\n<script type=\"application\/ld+json\" class=\"yoast-schema-graph\">{\"@context\":\"https:\/\/schema.org\",\"@graph\":[{\"@type\":\"WebSite\",\"@id\":\"https:\/\/test.dgm.se\/#website\",\"url\":\"https:\/\/test.dgm.se\/\",\"name\":\"Test DGM Sverige\",\"description\":\"Din farligt gods-expert\",\"potentialAction\":[{\"@type\":\"SearchAction\",\"target\":{\"@type\":\"EntryPoint\",\"urlTemplate\":\"https:\/\/test.dgm.se\/?s={search_term_string}\"},\"query-input\":\"required name=search_term_string\"}],\"inLanguage\":\"en-US\"},{\"@type\":\"WebPage\",\"@id\":\"https:\/\/test.dgm.se\/produkt\/preprinted-label-time-and-temp\/#webpage\",\"url\":\"https:\/\/test.dgm.se\/produkt\/preprinted-label-time-and-temp\/\",\"name\":\"Preprinted label Time and temperature &ndash; Test DGM Sverige\",\"isPartOf\":{\"@id\":\"https:\/\/test.dgm.se\/#website\"},\"datePublished\":\"2020-06-11T12:07:03+00:00\",\"dateModified\":\"2025-09-03T08:37:50+00:00\",\"breadcrumb\":{\"@id\":\"https:\/\/test.dgm.se\/produkt\/preprinted-label-time-and-temp\/#breadcrumb\"},\"inLanguage\":\"en-US\",\"potentialAction\":[{\"@type\":\"ReadAction\",\"target\":[\"https:\/\/test.dgm.se\/produkt\/preprinted-label-time-and-temp\/\"]}]},{\"@type\":\"BreadcrumbList\",\"@id\":\"https:\/\/test.dgm.se\/produkt\/preprinted-label-time-and-temp\/#breadcrumb\",\"itemListElement\":[{\"@type\":\"ListItem\",\"position\":1,\"name\":\"\",\"item\":\"https:\/\/test.dgm.se\/\"},{\"@type\":\"ListItem\",\"position\":2,\"name\":\"Preprinted label Time and temperature\"}]}]}<\/script>\n<!-- \/ Yoast SEO plugin. -->","yoast_head_json":{"title":"Preprinted label Time and temperature &ndash; Test DGM Sverige","robots":{"index":"noindex","follow":"follow","max-snippet":"max-snippet:-1","max-image-preview":"max-image-preview:large","max-video-preview":"max-video-preview:-1"},"og_locale":"en_US","og_type":"article","og_title":"Preprinted label Time and temperature &ndash; Test DGM Sverige","og_description":"Etikett som kr\u00e4vs enligt IATA f\u00f6r sjukv\u00e5rdsmateriel som \u00e4r tid- och temperaturk\u00e4nsligt (Temperaturen anges p\u00e5 den nedre halvan av etiketten och m\u00e5ste matcha godk\u00e4nda transporttemperaturomr\u00e5den, t.ex. +15 \u00ba C till +25 \u00ba C","og_url":"https:\/\/test.dgm.se\/en\/product\/preprinted-label-time-and-temp\/","og_site_name":"Test DGM Sverige","article_modified_time":"2025-09-03T08:37:50+00:00","twitter_card":"summary_large_image","twitter_misc":{"#!trpst#trp-gettext data-trpgettextoriginal=681#!trpen#Est. reading time#!trpst#\/trp-gettext#!trpen#":"1 minute"},"schema":{"@context":"https:\/\/schema.org","@graph":[{"@type":"WebSite","@id":"https:\/\/test.dgm.se\/#website","url":"https:\/\/test.dgm.se\/","name":"Test DGM Sverige","description":"Din farligt gods-expert","potentialAction":[{"@type":"SearchAction","target":{"@type":"EntryPoint","urlTemplate":"https:\/\/test.dgm.se\/?s={search_term_string}"},"query-input":"required name=search_term_string"}],"inLanguage":"en-US"},{"@type":"WebPage","@id":"https:\/\/test.dgm.se\/produkt\/preprinted-label-time-and-temp\/#webpage","url":"https:\/\/test.dgm.se\/produkt\/preprinted-label-time-and-temp\/","name":"Preprinted label Time and temperature &ndash; Test DGM Sverige","isPartOf":{"@id":"https:\/\/test.dgm.se\/#website"},"datePublished":"2020-06-11T12:07:03+00:00","dateModified":"2025-09-03T08:37:50+00:00","breadcrumb":{"@id":"https:\/\/test.dgm.se\/produkt\/preprinted-label-time-and-temp\/#breadcrumb"},"inLanguage":"en-US","potentialAction":[{"@type":"ReadAction","target":["https:\/\/test.dgm.se\/produkt\/preprinted-label-time-and-temp\/"]}]},{"@type":"BreadcrumbList","@id":"https:\/\/test.dgm.se\/produkt\/preprinted-label-time-and-temp\/#breadcrumb","itemListElement":[{"@type":"ListItem","position":1,"name":"","item":"https:\/\/test.dgm.se\/"},{"@type":"ListItem","position":2,"name":"Preprinted label Time and temperature"}]}]}},"_links":{"self":[{"href":"https:\/\/test.dgm.se\/en\/wp-json\/wp\/v2\/product\/1949"}],"collection":[{"href":"https:\/\/test.dgm.se\/en\/wp-json\/wp\/v2\/product"}],"about":[{"href":"https:\/\/test.dgm.se\/en\/wp-json\/wp\/v2\/types\/product"}],"version-history":[{"count":4,"href":"https:\/\/test.dgm.se\/en\/wp-json\/wp\/v2\/product\/1949\/revisions"}],"predecessor-version":[{"id":20542,"href":"https:\/\/test.dgm.se\/en\/wp-json\/wp\/v2\/product\/1949\/revisions\/20542"}],"wp:attachment":[{"href":"https:\/\/test.dgm.se\/en\/wp-json\/wp\/v2\/media?parent=1949"}],"wp:term":[{"taxonomy":"product_cat","embeddable":true,"href":"https:\/\/test.dgm.se\/en\/wp-json\/wp\/v2\/product_cat?post=1949"},{"taxonomy":"product_tag","embeddable":true,"href":"https:\/\/test.dgm.se\/en\/wp-json\/wp\/v2\/product_tag?post=1949"}],"curies":[{"name":"wp","href":"https:\/\/api.w.org\/{rel}","templated":true}]}}