{"id":1956,"date":"2020-06-11T12:07:04","date_gmt":"2020-06-11T12:07:04","guid":{"rendered":"https:\/\/dgm.advanttest.se\/produkt\/placards-1-6\/"},"modified":"2025-02-11T14:47:19","modified_gmt":"2025-02-11T13:47:19","slug":"placards-1-6","status":"publish","type":"product","link":"https:\/\/test.dgm.se\/en\/product\/placards-1-6\/","title":{"rendered":"Placards 1.6"},"content":{"rendered":"<p>Storetikett (placard) f\u00f6r explosiva \u00e4mnen och f\u00f6rem\u00e5l i riskgrupp 1.6<\/p>","protected":false},"excerpt":{"rendered":"<p>Storetikett (placard) f\u00f6r explosiva \u00e4mnen och f\u00f6rem\u00e5l i riskgrupp 1.6<\/p>","protected":false},"featured_media":13991,"template":"","meta":{"spay_email":""},"product_cat":[33],"product_tag":[],"wcpa_form_fields":null,"yoast_head":"<!-- This site is optimized with the Yoast SEO plugin v18.1 - https:\/\/yoast.com\/wordpress\/plugins\/seo\/ -->\n<title>Placards 1.6 &ndash; Test DGM Sverige<\/title>\n<meta name=\"robots\" content=\"noindex, follow, max-snippet:-1, max-image-preview:large, max-video-preview:-1\" \/>\n<meta property=\"og:locale\" content=\"en_US\" \/>\n<meta property=\"og:type\" content=\"article\" \/>\n<meta property=\"og:title\" content=\"Placards 1.6 &ndash; Test DGM Sverige\" \/>\n<meta property=\"og:description\" content=\"Storetikett (placard) f\u00f6r explosiva \u00e4mnen och f\u00f6rem\u00e5l i riskgrupp 1.6\" \/>\n<meta property=\"og:url\" content=\"https:\/\/test.dgm.se\/en\/product\/placards-1-6\/\" \/>\n<meta property=\"og:site_name\" content=\"Test DGM Sverige\" \/>\n<meta property=\"article:modified_time\" content=\"2025-02-11T13:47:19+00:00\" \/>\n<meta property=\"og:image\" content=\"https:\/\/test.dgm.se\/app\/uploads\/2020\/11\/Klass-1.6_Produkt-1440x1440px.png\" \/>\n\t<meta property=\"og:image:width\" content=\"1440\" \/>\n\t<meta property=\"og:image:height\" content=\"1440\" \/>\n\t<meta property=\"og:image:type\" content=\"image\/png\" \/>\n<meta name=\"twitter:card\" content=\"summary_large_image\" \/>\n<script type=\"application\/ld+json\" class=\"yoast-schema-graph\">{\"@context\":\"https:\/\/schema.org\",\"@graph\":[{\"@type\":\"WebSite\",\"@id\":\"https:\/\/test.dgm.se\/#website\",\"url\":\"https:\/\/test.dgm.se\/\",\"name\":\"Test DGM Sverige\",\"description\":\"Din farligt gods-expert\",\"potentialAction\":[{\"@type\":\"SearchAction\",\"target\":{\"@type\":\"EntryPoint\",\"urlTemplate\":\"https:\/\/test.dgm.se\/?s={search_term_string}\"},\"query-input\":\"required name=search_term_string\"}],\"inLanguage\":\"en-US\"},{\"@type\":\"ImageObject\",\"@id\":\"https:\/\/test.dgm.se\/produkt\/placards-1-6\/#primaryimage\",\"inLanguage\":\"en-US\",\"url\":\"https:\/\/test.dgm.se\/app\/uploads\/2020\/11\/Klass-1.6_Produkt-1440x1440px.png\",\"contentUrl\":\"https:\/\/test.dgm.se\/app\/uploads\/2020\/11\/Klass-1.6_Produkt-1440x1440px.png\",\"width\":1440,\"height\":1440},{\"@type\":\"WebPage\",\"@id\":\"https:\/\/test.dgm.se\/produkt\/placards-1-6\/#webpage\",\"url\":\"https:\/\/test.dgm.se\/produkt\/placards-1-6\/\",\"name\":\"Placards 1.6 &ndash; Test DGM Sverige\",\"isPartOf\":{\"@id\":\"https:\/\/test.dgm.se\/#website\"},\"primaryImageOfPage\":{\"@id\":\"https:\/\/test.dgm.se\/produkt\/placards-1-6\/#primaryimage\"},\"datePublished\":\"2020-06-11T12:07:04+00:00\",\"dateModified\":\"2025-02-11T13:47:19+00:00\",\"breadcrumb\":{\"@id\":\"https:\/\/test.dgm.se\/produkt\/placards-1-6\/#breadcrumb\"},\"inLanguage\":\"en-US\",\"potentialAction\":[{\"@type\":\"ReadAction\",\"target\":[\"https:\/\/test.dgm.se\/produkt\/placards-1-6\/\"]}]},{\"@type\":\"BreadcrumbList\",\"@id\":\"https:\/\/test.dgm.se\/produkt\/placards-1-6\/#breadcrumb\",\"itemListElement\":[{\"@type\":\"ListItem\",\"position\":1,\"name\":\"\",\"item\":\"https:\/\/test.dgm.se\/\"},{\"@type\":\"ListItem\",\"position\":2,\"name\":\"Placards 1.6\"}]}]}<\/script>\n<!-- \/ Yoast SEO plugin. -->","yoast_head_json":{"title":"Placards 1.6 &ndash; Test DGM Sverige","robots":{"index":"noindex","follow":"follow","max-snippet":"max-snippet:-1","max-image-preview":"max-image-preview:large","max-video-preview":"max-video-preview:-1"},"og_locale":"en_US","og_type":"article","og_title":"Placards 1.6 &ndash; Test DGM Sverige","og_description":"Storetikett (placard) f\u00f6r explosiva \u00e4mnen och f\u00f6rem\u00e5l i riskgrupp 1.6","og_url":"https:\/\/test.dgm.se\/en\/product\/placards-1-6\/","og_site_name":"Test DGM Sverige","article_modified_time":"2025-02-11T13:47:19+00:00","og_image":[{"width":1440,"height":1440,"url":"https:\/\/test.dgm.se\/app\/uploads\/2020\/11\/Klass-1.6_Produkt-1440x1440px.png","type":"image\/png"}],"twitter_card":"summary_large_image","schema":{"@context":"https:\/\/schema.org","@graph":[{"@type":"WebSite","@id":"https:\/\/test.dgm.se\/#website","url":"https:\/\/test.dgm.se\/","name":"Test DGM Sverige","description":"Din farligt gods-expert","potentialAction":[{"@type":"SearchAction","target":{"@type":"EntryPoint","urlTemplate":"https:\/\/test.dgm.se\/?s={search_term_string}"},"query-input":"required name=search_term_string"}],"inLanguage":"en-US"},{"@type":"ImageObject","@id":"https:\/\/test.dgm.se\/produkt\/placards-1-6\/#primaryimage","inLanguage":"en-US","url":"https:\/\/test.dgm.se\/app\/uploads\/2020\/11\/Klass-1.6_Produkt-1440x1440px.png","contentUrl":"https:\/\/test.dgm.se\/app\/uploads\/2020\/11\/Klass-1.6_Produkt-1440x1440px.png","width":1440,"height":1440},{"@type":"WebPage","@id":"https:\/\/test.dgm.se\/produkt\/placards-1-6\/#webpage","url":"https:\/\/test.dgm.se\/produkt\/placards-1-6\/","name":"Placards 1.6 &ndash; Test DGM Sverige","isPartOf":{"@id":"https:\/\/test.dgm.se\/#website"},"primaryImageOfPage":{"@id":"https:\/\/test.dgm.se\/produkt\/placards-1-6\/#primaryimage"},"datePublished":"2020-06-11T12:07:04+00:00","dateModified":"2025-02-11T13:47:19+00:00","breadcrumb":{"@id":"https:\/\/test.dgm.se\/produkt\/placards-1-6\/#breadcrumb"},"inLanguage":"en-US","potentialAction":[{"@type":"ReadAction","target":["https:\/\/test.dgm.se\/produkt\/placards-1-6\/"]}]},{"@type":"BreadcrumbList","@id":"https:\/\/test.dgm.se\/produkt\/placards-1-6\/#breadcrumb","itemListElement":[{"@type":"ListItem","position":1,"name":"","item":"https:\/\/test.dgm.se\/"},{"@type":"ListItem","position":2,"name":"Placards 1.6"}]}]}},"_links":{"self":[{"href":"https:\/\/test.dgm.se\/en\/wp-json\/wp\/v2\/product\/1956"}],"collection":[{"href":"https:\/\/test.dgm.se\/en\/wp-json\/wp\/v2\/product"}],"about":[{"href":"https:\/\/test.dgm.se\/en\/wp-json\/wp\/v2\/types\/product"}],"version-history":[{"count":1,"href":"https:\/\/test.dgm.se\/en\/wp-json\/wp\/v2\/product\/1956\/revisions"}],"predecessor-version":[{"id":13149,"href":"https:\/\/test.dgm.se\/en\/wp-json\/wp\/v2\/product\/1956\/revisions\/13149"}],"wp:featuredmedia":[{"embeddable":true,"href":"https:\/\/test.dgm.se\/en\/wp-json\/wp\/v2\/media\/13991"}],"wp:attachment":[{"href":"https:\/\/test.dgm.se\/en\/wp-json\/wp\/v2\/media?parent=1956"}],"wp:term":[{"taxonomy":"product_cat","embeddable":true,"href":"https:\/\/test.dgm.se\/en\/wp-json\/wp\/v2\/product_cat?post=1956"},{"taxonomy":"product_tag","embeddable":true,"href":"https:\/\/test.dgm.se\/en\/wp-json\/wp\/v2\/product_tag?post=1956"}],"curies":[{"name":"wp","href":"https:\/\/api.w.org\/{rel}","templated":true}]}}